{"id":7240,"date":"2024-11-08T18:49:47","date_gmt":"2024-11-08T16:49:47","guid":{"rendered":"https:\/\/amazingmarket.ee\/?post_type=product&#038;p=7240"},"modified":"2026-03-14T11:15:26","modified_gmt":"2026-03-14T09:15:26","slug":"wmf-stelio-eierkocher","status":"publish","type":"product","link":"https:\/\/amazingmarket.ee\/ru\/product\/wmf-stelio-eierkocher\/","title":{"rendered":"WMF \u0421\u0442\u0435\u043b\u0438\u043e \u042d\u0439\u0435\u0440\u043a\u043e\u0445\u0435\u0440"},"content":{"rendered":"<h1 class=\"a-size-base-plus a-text-bold\">\u041e\u0431 \u044d\u0442\u043e\u043c \u0442\u043e\u0432\u0430\u0440\u0435<\/h1>\n<p><strong><span style=\"font-size: 150%;\">\u0412 \u0445\u043e\u0440\u043e\u0448\u0435\u043c \u0441\u043e\u0441\u0442\u043e\u044f\u043d\u0438\u0438<\/span><\/strong><\/p>\n<ul class=\"a-unordered-list a-vertical a-spacing-mini\">\n<li class=\"a-spacing-mini\"><span class=\"a-list-item\">\u0412\u0434\u044b\u0445\u0430\u043d\u0438\u0435: 1x Eierkocher aus Cromargan Edelstahl \u043c\u0430\u0442\u043e\u0432\u044b\u0439 (17,5 x 20 x 15 \u0441\u043c, 380 \u0412\u0442, \u0434\u043b\u0438\u043d\u0430 \u043a\u0430\u0431\u0435\u043b\u044f 0,94 \u043c) \u0441 Kunststoff-Halter und Edelstahlheizplatte, 1x Messbecher mit Eipick \u2013 \u0410\u0440\u0442\u0438\u043a\u0443\u043b: 0415070011<\/span><\/li>\n<li class=\"a-spacing-mini\"><span class=\"a-list-item\">Der Eierkocher, mit herausnehmbarem Eierhalter, erm\u00f6glicht ein Energyparendes Kochen von 1-7 Eier. Die Kochzeit wird \u00fcber die Zeituhr geregelt, \u043f\u043e\u044d\u0442\u043e\u043c\u0443 ist kein Abmessen der Wassermenge notwendig<\/span><\/li>\n<li class=\"a-spacing-mini\"><span class=\"a-list-item\">Gleichzeitiges, punktgenaues Zubereiten der Eier durch die w\u00e4hlbaren H\u00e4rtegrade (weich, mittel und hart) \u00fcber einen Drehknopf. Ein Signalton\u0438\u043d\u0444\u043e\u0440\u043c\u0438\u0440\u0443\u0435\u0442, \u0447\u0442\u043e \u0445\u043e\u0447\u0435\u0442, \u0447\u0442\u043e\u0431\u044b H\u00e4rtegrad \u0431\u044b\u043b erreicht ist<\/span><\/li>\n<li class=\"a-spacing-mini\"><span class=\"a-list-item\">Die Fortkochstufe erm\u00f6glicht das Eier Kochen mit unterschiedlichen H\u00e4rtegraden in einem Kochprozess: sind die weichen Eier Fertig, diese entnehmen und die restlichen Eier einfach weiter garen lassen<\/span><\/li>\n<li class=\"a-spacing-mini\"><span class=\"a-list-item\">Leichte Reinigung des Kochers mit Warmem Wasser und Feuchtem Tuch. Deckel und Eierhalter k\u00f6nnen in der Sp\u00fclmaschine gereinigt werden. Praktische Kabelaufwicklung am Boden<\/span><\/li>\n<\/ul>","protected":false},"excerpt":{"rendered":"<div class=\"a-row\">\n<div class=\"a-column a-span6\">\n<h1 class=\"a-size-medium a-spacing-small\">\u0422\u0435\u0445\u043d\u0438\u0447\u0435\u0441\u043a\u0438\u0435 \u043f\u043e\u0434\u0440\u043e\u0431\u043d\u043e\u0441\u0442\u0438<\/h1>\n<\/div>\n<\/div>\n<div class=\"a-expander-content a-expander-extend-content\" data-expanded=\"true\">\n<div class=\"a-row a-expander-container a-expander-inline-container\">\n<div class=\"a-expander-content a-expander-section-content a-section-expander-inner\" data-expanded=\"true\">\n<table id=\"productDetails_techSpec_section_1\" class=\"a-keyvalue prodDetTable\" role=\"presentation\">\n<tbody>\n<tr>\n<th class=\"a-color-secondary a-size-base prodDetSectionEntry\">\u0411\u0440\u0435\u043d\u0434<\/th>\n<td class=\"a-size-base prodDetAttrValue\">\u200e\u0412\u041c\u0424<\/td>\n<\/tr>\n<tr>\n<th class=\"a-color-secondary a-size-base prodDetSectionEntry\">\u041d\u043e\u043c\u0435\u0440 \u043c\u043e\u0434\u0435\u043b\u0438<\/th>\n<td class=\"a-size-base prodDetAttrValue\">\u200e0415070011<\/td>\n<\/tr>\n<tr>\n<th class=\"a-color-secondary a-size-base prodDetSectionEntry\">\u0426\u0432\u0435\u0442<\/th>\n<td class=\"a-size-base prodDetAttrValue\">\u200e\u0428\u0432\u0430\u0440\u0446, \u0425\u0440\u043e\u043c<\/td>\n<\/tr>\n<tr>\n<th class=\"a-color-secondary a-size-base prodDetSectionEntry\">\u0420\u0430\u0437\u043c\u0435\u0440\u044b \u043f\u0440\u043e\u0434\u0443\u043a\u0442\u0430<\/th>\n<td class=\"a-size-base prodDetAttrValue\">\u200e18,2 x 18,2 x 15,6 \u0441\u043c; 1 \u0433<\/td>\n<\/tr>\n<tr>\n<th class=\"a-color-secondary a-size-base prodDetSectionEntry\">\u0415\u043c\u043a\u043e\u0441\u0442\u044c<\/th>\n<td class=\"a-size-base prodDetAttrValue\">\u200e7<\/td>\n<\/tr>\n<tr>\n<th class=\"a-color-secondary a-size-base prodDetSectionEntry\">\u041c\u043e\u0449\u043d\u043e\u0441\u0442\u044c\/\u0412\u0430\u0442\u0442\u043d\u043e\u0441\u0442\u044c<\/th>\n<td class=\"a-size-base prodDetAttrValue\">\u200e380 \u0412\u0442<\/td>\n<\/tr>\n<tr>\n<th class=\"a-color-secondary a-size-base prodDetSectionEntry\">\u041d\u0430\u043f\u0440\u044f\u0436\u0435\u043d\u0438\u0435<\/th>\n<td class=\"a-size-base prodDetAttrValue\">\u200e240 \u0412\u043e\u043b\u044c\u0442<\/td>\n<\/tr>\n<tr>\n<th class=\"a-color-secondary a-size-base prodDetSectionEntry\">\u041c\u0430\u0442\u0435\u0440\u0438\u0430\u043b<\/th>\n<td class=\"a-size-base prodDetAttrValue\">\u041d\u0435\u0440\u0436\u0430\u0432\u0435\u044e\u0449\u0430\u044f \u0441\u0442\u0430\u043b\u044c<\/td>\n<\/tr>\n<tr>\n<th class=\"a-color-secondary a-size-base prodDetSectionEntry\">\u0410\u0432\u0442\u043e\u043c\u0430\u0442\u0438\u0447\u0435\u0441\u043a\u043e\u0435 \u043e\u0442\u043a\u043b\u044e\u0447\u0435\u043d\u0438\u0435<\/th>\n<td class=\"a-size-base prodDetAttrValue\">\u200e\u041d\u0435\u0442<\/td>\n<\/tr>\n<tr>\n<th class=\"a-color-secondary a-size-base prodDetSectionEntry\">\u0412\u0435\u0441 \u0442\u043e\u0432\u0430\u0440\u0430<\/th>\n<td class=\"a-size-base prodDetAttrValue\">\u200e1 \u0433<\/td>\n<\/tr>\n<\/tbody>\n<\/table>\n<\/div>\n<\/div>\n<\/div>","protected":false},"featured_media":7245,"comment_status":"open","ping_status":"closed","template":"","meta":{"_monsterinsights_skip_tracking":false,"_monsterinsights_sitenote_active":false,"_monsterinsights_sitenote_note":"","_monsterinsights_sitenote_category":0,"jetpack_publicize_message":"","jetpack_publicize_feature_enabled":true,"jetpack_social_post_already_shared":false,"jetpack_social_options":{"image_generator_settings":{"template":"highway","default_image_id":0,"font":"","enabled":false},"version":2}},"product_brand":[],"product_cat":[274],"product_tag":[],"class_list":{"0":"post-7240","1":"product","2":"type-product","3":"status-publish","4":"has-post-thumbnail","6":"product_cat-egg-cookers","8":"first","9":"instock","10":"sale","11":"shipping-taxable","12":"purchasable","13":"product-type-simple"},"aioseo_notices":[],"jetpack_publicize_connections":[],"jetpack_sharing_enabled":true,"_links":{"self":[{"href":"https:\/\/amazingmarket.ee\/ru\/wp-json\/wp\/v2\/product\/7240","targetHints":{"allow":["GET"]}}],"collection":[{"href":"https:\/\/amazingmarket.ee\/ru\/wp-json\/wp\/v2\/product"}],"about":[{"href":"https:\/\/amazingmarket.ee\/ru\/wp-json\/wp\/v2\/types\/product"}],"replies":[{"embeddable":true,"href":"https:\/\/amazingmarket.ee\/ru\/wp-json\/wp\/v2\/comments?post=7240"}],"wp:featuredmedia":[{"embeddable":true,"href":"https:\/\/amazingmarket.ee\/ru\/wp-json\/wp\/v2\/media\/7245"}],"wp:attachment":[{"href":"https:\/\/amazingmarket.ee\/ru\/wp-json\/wp\/v2\/media?parent=7240"}],"wp:term":[{"taxonomy":"product_brand","embeddable":true,"href":"https:\/\/amazingmarket.ee\/ru\/wp-json\/wp\/v2\/product_brand?post=7240"},{"taxonomy":"product_cat","embeddable":true,"href":"https:\/\/amazingmarket.ee\/ru\/wp-json\/wp\/v2\/product_cat?post=7240"},{"taxonomy":"product_tag","embeddable":true,"href":"https:\/\/amazingmarket.ee\/ru\/wp-json\/wp\/v2\/product_tag?post=7240"}],"curies":[{"name":"wp","href":"https:\/\/api.w.org\/{rel}","templated":true}]}}