{"id":4078,"date":"2024-08-29T14:09:03","date_gmt":"2024-08-29T12:09:03","guid":{"rendered":"https:\/\/amazingmarket.ee\/?post_type=product&#038;p=4078"},"modified":"2026-03-14T11:15:28","modified_gmt":"2026-03-14T09:15:28","slug":"delonghi-roto-fry-f28533-w1-rotofritteuse","status":"publish","type":"product","link":"https:\/\/amazingmarket.ee\/ru\/product\/delonghi-roto-fry-f28533-w1-rotofritteuse\/","title":{"rendered":"De&#039;Longhi Roto-Fry F28533.W1 \u0420\u043e\u0442\u043e\u0444\u0440\u0438\u0442\u0442\u0435\u0443\u0441"},"content":{"rendered":"<h1 class=\"a-size-base-plus a-text-bold\">\u041e\u0431 \u044d\u0442\u043e\u043c \u0442\u043e\u0432\u0430\u0440\u0435<\/h1>\n<ul class=\"a-unordered-list a-vertical a-spacing-mini\">\n<li class=\"a-spacing-mini\"><span class=\"a-list-item\">\u042d\u043a\u0441\u043a\u043b\u044e\u0437\u0438\u0432\u043d\u044b\u0435 \u0441\u0438\u0441\u0442\u0435\u043c\u044b Roto-Fry-System: Schr\u00e4g eingeh\u00e4ngter, rotierender Frittierkorb f\u00fcr 50% weniger \u00d6l<\/span><\/li>\n<li class=\"a-spacing-mini\"><span class=\"a-list-item\">Herausnehmbare Frittiersch\u00fcssel (sp\u00fclmaschinenfest)<\/span><\/li>\n<li class=\"a-spacing-mini\"><span class=\"a-list-item\">\u041c\u043e\u0449\u043d\u043e\u0441\u0442\u044c: 1.800 \u0412\u0442<\/span><\/li>\n<li class=\"a-spacing-mini\"><span class=\"a-list-item\">\u0420\u0435\u0433\u0443\u043b\u0438\u0440\u043e\u0432\u043e\u0447\u043d\u044b\u0439 \u0442\u0435\u0440\u043c\u043e\u0441\u0442\u0430\u0442 (\u043e\u0442 150 \u00b0C \u0434\u043e 190 \u00b0C)<\/span><\/li>\n<li class=\"a-spacing-mini\"><span class=\"a-list-item\">Auswechselbare Filter (Geruchs- und Fettdunstfilter)<\/span><\/li>\n<li class=\"a-spacing-mini\"><span class=\"a-list-item\">\u0422\u0435\u043f\u043b\u0430\u044f \u0438\u0437\u043e\u043b\u044f\u0446\u0438\u044f Cool-Touch-Au\u00dfenw\u00e4nde<\/span><\/li>\n<li class=\"a-spacing-mini\"><span class=\"a-list-item\">Antihaft-Beschichtung<\/span><\/li>\n<li class=\"a-spacing-mini\"><span class=\"a-list-item\">\u041f\u0430\u043d\u043e\u0440\u0430\u043c\u0430-\u0417\u0438\u0445\u0442\u0444\u0435\u043d\u0441\u0442\u0435\u0440<\/span><\/li>\n<\/ul>","protected":false},"excerpt":{"rendered":"<div class=\"a-row\">\n<div class=\"a-column a-span6\">\n<h1 class=\"a-size-medium a-spacing-small\">\u0422\u0435\u0445\u043d\u0438\u0447\u0435\u0441\u043a\u0438\u0435 \u043f\u043e\u0434\u0440\u043e\u0431\u043d\u043e\u0441\u0442\u0438<\/h1>\n<\/div>\n<\/div>\n<div class=\"a-expander-content a-expander-extend-content\" data-expanded=\"true\">\n<div class=\"a-row a-expander-container a-expander-inline-container\">\n<div class=\"a-expander-content a-expander-section-content a-section-expander-inner\" data-expanded=\"true\">\n<table id=\"productDetails_techSpec_section_1\" class=\"a-keyvalue prodDetTable\" role=\"presentation\">\n<tbody>\n<tr>\n<th class=\"a-color-secondary a-size-base prodDetSectionEntry\">\u0411\u0440\u0435\u043d\u0434<\/th>\n<td class=\"a-size-base prodDetAttrValue\">\u200e\u0414\u0435&#039;\u041b\u043e\u043d\u0433\u0438<\/td>\n<\/tr>\n<tr>\n<th class=\"a-color-secondary a-size-base prodDetSectionEntry\">\u041d\u043e\u043c\u0435\u0440 \u043c\u043e\u0434\u0435\u043b\u0438<\/th>\n<td class=\"a-size-base prodDetAttrValue\">\u200e125503715<\/td>\n<\/tr>\n<tr>\n<th class=\"a-color-secondary a-size-base prodDetSectionEntry\">\u0426\u0432\u0435\u0442<\/th>\n<td class=\"a-size-base prodDetAttrValue\">\u200e\u0412\u0430\u0439\u0441\u0441<\/td>\n<\/tr>\n<tr>\n<th class=\"a-color-secondary a-size-base prodDetSectionEntry\">\u0420\u0430\u0437\u043c\u0435\u0440\u044b \u043f\u0440\u043e\u0434\u0443\u043a\u0442\u0430<\/th>\n<td class=\"a-size-base prodDetAttrValue\">\u200e30,99 x 35,99 x 24 \u0441\u043c; 5,53 \u043a\u0433<\/td>\n<\/tr>\n<tr>\n<th class=\"a-color-secondary a-size-base prodDetSectionEntry\">\u0415\u043c\u043a\u043e\u0441\u0442\u044c<\/th>\n<td class=\"a-size-base prodDetAttrValue\">\u200e1 \u041a\u0438\u043b\u043e\u0433\u0440\u0430\u043c\u043c<\/td>\n<\/tr>\n<tr>\n<th class=\"a-color-secondary a-size-base prodDetSectionEntry\">\u041e\u0431\u044a\u0435\u043c\u043d\u0430\u044f \u0435\u043c\u043a\u043e\u0441\u0442\u044c<\/th>\n<td class=\"a-size-base prodDetAttrValue\">\u200e1,3 \u043b\u0438\u0442\u0440\u0430<\/td>\n<\/tr>\n<tr>\n<th class=\"a-color-secondary a-size-base prodDetSectionEntry\">\u041c\u043e\u0449\u043d\u043e\u0441\u0442\u044c\/\u0412\u0430\u0442\u0442\u043d\u043e\u0441\u0442\u044c<\/th>\n<td class=\"a-size-base prodDetAttrValue\">\u200e1800 \u0412\u0442<\/td>\n<\/tr>\n<tr>\n<th class=\"a-color-secondary a-size-base prodDetSectionEntry\">\u041d\u0430\u043f\u0440\u044f\u0436\u0435\u043d\u0438\u0435<\/th>\n<td class=\"a-size-base prodDetAttrValue\">\u200e230 \u0412\u043e\u043b\u044c\u0442<\/td>\n<\/tr>\n<tr>\n<th class=\"a-color-secondary a-size-base prodDetSectionEntry\">\u041c\u0430\u0442\u0435\u0440\u0438\u0430\u043b<\/th>\n<td class=\"a-size-base prodDetAttrValue\">\u200eKunststoff<\/td>\n<\/tr>\n<tr>\n<th class=\"a-color-secondary a-size-base prodDetSectionEntry\">\u0410\u0432\u0442\u043e\u043c\u0430\u0442\u0438\u0447\u0435\u0441\u043a\u043e\u0435 \u043e\u0442\u043a\u043b\u044e\u0447\u0435\u043d\u0438\u0435<\/th>\n<td class=\"a-size-base prodDetAttrValue\">\u200e\u041d\u0435\u0442<\/td>\n<\/tr>\n<tr>\n<th class=\"a-color-secondary a-size-base prodDetSectionEntry\">\u041a\u043b\u0430\u0441\u0441 \u044d\u043d\u0435\u0440\u0433\u043e\u044d\u0444\u0444\u0435\u043a\u0442\u0438\u0432\u043d\u043e\u0441\u0442\u0438<\/th>\n<td class=\"a-size-base prodDetAttrValue\">\u200e\u041e\u0442 \u0410 \u0434\u043e \u0413<\/td>\n<\/tr>\n<tr>\n<th class=\"a-color-secondary a-size-base prodDetSectionEntry\">\u0413\u043e\u0434\u043e\u0432\u043e\u0435 \u043f\u043e\u0442\u0440\u0435\u0431\u043b\u0435\u043d\u0438\u0435 \u044d\u043d\u0435\u0440\u0433\u0438\u0438<\/th>\n<td class=\"a-size-base prodDetAttrValue\">5 \u0412\u0442<\/td>\n<\/tr>\n<tr>\n<th class=\"a-color-secondary a-size-base prodDetSectionEntry\">\u0423\u0440\u043e\u0432\u0435\u043d\u044c \u0448\u0443\u043c\u0430<\/th>\n<td class=\"a-size-base prodDetAttrValue\">\u200e1 \u0434\u0411<\/td>\n<\/tr>\n<tr>\n<th class=\"a-color-secondary a-size-base prodDetSectionEntry\">\u041e\u0441\u043e\u0431\u044b\u0435 \u0432\u043e\u0437\u043c\u043e\u0436\u043d\u043e\u0441\u0442\u0438<\/th>\n<td class=\"a-size-base prodDetAttrValue\">\u200ew\u00e4rmeisoliert, abnehmbarer \u00d6lbeh\u00e4lter<\/td>\n<\/tr>\n<tr>\n<th class=\"a-color-secondary a-size-base prodDetSectionEntry\">\u0412\u0435\u0441 \u0442\u043e\u0432\u0430\u0440\u0430<\/th>\n<td class=\"a-size-base prodDetAttrValue\">\u200e5.53 \u041a\u0438\u043b\u043e\u0433\u0440\u0430\u043c\u043c<\/td>\n<\/tr>\n<\/tbody>\n<\/table>\n<\/div>\n<\/div>\n<\/div>","protected":false},"featured_media":4082,"comment_status":"open","ping_status":"closed","template":"","meta":{"_monsterinsights_skip_tracking":false,"_monsterinsights_sitenote_active":false,"_monsterinsights_sitenote_note":"","_monsterinsights_sitenote_category":0,"jetpack_publicize_message":"","jetpack_publicize_feature_enabled":true,"jetpack_social_post_already_shared":false,"jetpack_social_options":{"image_generator_settings":{"template":"highway","default_image_id":0,"font":"","enabled":false},"version":2}},"product_brand":[],"product_cat":[71],"product_tag":[],"class_list":{"0":"post-4078","1":"product","2":"type-product","3":"status-publish","4":"has-post-thumbnail","6":"product_cat-airfryers","8":"first","9":"instock","10":"sale","11":"shipping-taxable","12":"purchasable","13":"product-type-simple"},"aioseo_notices":[],"jetpack_publicize_connections":[],"jetpack_sharing_enabled":true,"_links":{"self":[{"href":"https:\/\/amazingmarket.ee\/ru\/wp-json\/wp\/v2\/product\/4078","targetHints":{"allow":["GET"]}}],"collection":[{"href":"https:\/\/amazingmarket.ee\/ru\/wp-json\/wp\/v2\/product"}],"about":[{"href":"https:\/\/amazingmarket.ee\/ru\/wp-json\/wp\/v2\/types\/product"}],"replies":[{"embeddable":true,"href":"https:\/\/amazingmarket.ee\/ru\/wp-json\/wp\/v2\/comments?post=4078"}],"wp:featuredmedia":[{"embeddable":true,"href":"https:\/\/amazingmarket.ee\/ru\/wp-json\/wp\/v2\/media\/4082"}],"wp:attachment":[{"href":"https:\/\/amazingmarket.ee\/ru\/wp-json\/wp\/v2\/media?parent=4078"}],"wp:term":[{"taxonomy":"product_brand","embeddable":true,"href":"https:\/\/amazingmarket.ee\/ru\/wp-json\/wp\/v2\/product_brand?post=4078"},{"taxonomy":"product_cat","embeddable":true,"href":"https:\/\/amazingmarket.ee\/ru\/wp-json\/wp\/v2\/product_cat?post=4078"},{"taxonomy":"product_tag","embeddable":true,"href":"https:\/\/amazingmarket.ee\/ru\/wp-json\/wp\/v2\/product_tag?post=4078"}],"curies":[{"name":"wp","href":"https:\/\/api.w.org\/{rel}","templated":true}]}}