{"id":18001,"date":"2026-03-10T17:16:19","date_gmt":"2026-03-10T15:16:19","guid":{"rendered":"https:\/\/amazingmarket.ee\/?post_type=product&#038;p=18001"},"modified":"2026-03-23T14:33:19","modified_gmt":"2026-03-23T12:33:19","slug":"bmw-rastar-balance-bike","status":"publish","type":"product","link":"https:\/\/amazingmarket.ee\/ru\/product\/bmw-rastar-balance-bike\/","title":{"rendered":"BMW Rastar Balance Bike"},"content":{"rendered":"","protected":false},"excerpt":{"rendered":"<table>\n<tbody>\n<tr>\n<td><b>BMW Rastar Balance Bike<\/b><\/td>\n<\/tr>\n<tr>\n<td>Spetsifikatsioon<\/td>\n<td><\/td>\n<\/tr>\n<tr>\n<td><\/td>\n<td>&#8211; jalatugi- v\u00e4rvimisraam<\/td>\n<\/tr>\n<tr>\n<td>Rattad<\/td>\n<td>&#8211; pumbatud 12,5&#8243; x 2,25&#8243; (31 cm x 5,5 cm),- lakitud spiraalid ja veljed,<\/p>\n<p>&#8211; rehvid koos turvise,<\/p>\n<p>&#8211; laagritega rattad.<\/td>\n<\/tr>\n<tr>\n<td>Rooliratas<\/td>\n<td>&#8211; pehmest kummist libisemisvastased k\u00e4epidemed,<\/td>\n<\/tr>\n<tr>\n<td>Sadul<\/td>\n<td>&#8211; profileeritud, v\u00e4rviline PU nahast sadul,- k\u00f5rguse reguleerimine (38-48 cm),<\/td>\n<\/tr>\n<tr>\n<td>Suurus<\/td>\n<td><\/td>\n<\/tr>\n<tr>\n<td>Pikkus<\/td>\n<td>88 cm<\/td>\n<\/tr>\n<tr>\n<td>Raami suurus<\/td>\n<td>12&#8243;<\/td>\n<\/tr>\n<tr>\n<td>Rooli k\u00f5rgus<\/td>\n<td>56 cm<\/td>\n<\/tr>\n<tr>\n<td>Rooliratta laius<\/td>\n<td>42 cm<\/td>\n<\/tr>\n<tr>\n<td>Sadula k\u00f5rgus<\/td>\n<td>38-48 cm<\/td>\n<\/tr>\n<tr>\n<td>Rataste l\u00e4bim\u00f5\u00f5t<\/td>\n<td>12,5&#8243; \/ 31cm<\/td>\n<\/tr>\n<tr>\n<td>Kaal<\/td>\n<td>5 kg<\/td>\n<\/tr>\n<tr>\n<td>Maksimaalne koormus<\/td>\n<td>45 kg<\/td>\n<\/tr>\n<tr>\n<td>Sertifikaat<\/td>\n<td><\/td>\n<\/tr>\n<tr>\n<td><\/td>\n<td>CE, TUV, GS<\/td>\n<\/tr>\n<tr>\n<td>Komplekt sisaldab<\/td>\n<td><\/td>\n<\/tr>\n<tr>\n<td><\/td>\n<td>&#8211; jalgrattaga k\u00f5ndimine,<br \/>\n&#8211; paigalduskomplekt,<\/td>\n<\/tr>\n<\/tbody>\n<\/table>","protected":false},"featured_media":18002,"comment_status":"open","ping_status":"closed","template":"","meta":{"_monsterinsights_skip_tracking":false,"_monsterinsights_sitenote_active":false,"_monsterinsights_sitenote_note":"","_monsterinsights_sitenote_category":0,"jetpack_publicize_message":"","jetpack_publicize_feature_enabled":true,"jetpack_social_post_already_shared":true,"jetpack_social_options":{"image_generator_settings":{"template":"highway","default_image_id":0,"font":"","enabled":false},"version":2}},"product_brand":[],"product_cat":[258,257],"product_tag":[],"class_list":{"0":"post-18001","1":"product","2":"type-product","3":"status-publish","4":"has-post-thumbnail","6":"product_cat-equipment","7":"product_cat-sport","9":"first","10":"instock","11":"sale","12":"shipping-taxable","13":"purchasable","14":"product-type-simple"},"aioseo_notices":[],"jetpack_publicize_connections":[],"jetpack_sharing_enabled":true,"_links":{"self":[{"href":"https:\/\/amazingmarket.ee\/ru\/wp-json\/wp\/v2\/product\/18001","targetHints":{"allow":["GET"]}}],"collection":[{"href":"https:\/\/amazingmarket.ee\/ru\/wp-json\/wp\/v2\/product"}],"about":[{"href":"https:\/\/amazingmarket.ee\/ru\/wp-json\/wp\/v2\/types\/product"}],"replies":[{"embeddable":true,"href":"https:\/\/amazingmarket.ee\/ru\/wp-json\/wp\/v2\/comments?post=18001"}],"wp:featuredmedia":[{"embeddable":true,"href":"https:\/\/amazingmarket.ee\/ru\/wp-json\/wp\/v2\/media\/18002"}],"wp:attachment":[{"href":"https:\/\/amazingmarket.ee\/ru\/wp-json\/wp\/v2\/media?parent=18001"}],"wp:term":[{"taxonomy":"product_brand","embeddable":true,"href":"https:\/\/amazingmarket.ee\/ru\/wp-json\/wp\/v2\/product_brand?post=18001"},{"taxonomy":"product_cat","embeddable":true,"href":"https:\/\/amazingmarket.ee\/ru\/wp-json\/wp\/v2\/product_cat?post=18001"},{"taxonomy":"product_tag","embeddable":true,"href":"https:\/\/amazingmarket.ee\/ru\/wp-json\/wp\/v2\/product_tag?post=18001"}],"curies":[{"name":"wp","href":"https:\/\/api.w.org\/{rel}","templated":true}]}}