{"id":9955,"date":"2025-02-24T16:55:27","date_gmt":"2025-02-24T14:55:27","guid":{"rendered":"https:\/\/amazingmarket.ee\/?post_type=product&#038;p=9955"},"modified":"2026-03-14T11:15:22","modified_gmt":"2026-03-14T09:15:22","slug":"comfee-kwh-tshm77ss-60","status":"publish","type":"product","link":"https:\/\/amazingmarket.ee\/et\/toode\/comfee-kwh-tshm77ss-60\/","title":{"rendered":"Kwh tshm77ss 60"},"content":{"rendered":"<h1>UUS, V\u00c4IKE M\u00d5LK<\/h1>\n<h1 class=\"a-size-base-plus a-text-bold\">Selle \u00fcksuse kohta<\/h1>\n<ul class=\"a-unordered-list a-vertical a-spacing-mini\">\n<li class=\"a-spacing-mini\"><span class=\"a-list-item\">\u3010650 m\u00b3\/h v\u00f5imas imemisv\u00f5imsus\u3011 Tipptasemel T-kujuline \u00f5hupuhasti 4-k\u00e4igulise v\u00e4ljat\u00f5mbeventilaatoriga tagab kuni 650 m\u00b3\/h \u00f5hu sissev\u00f5tu toiduvalmistamise aurude jaoks, hoides m\u00fcra madalal.<\/span><\/li>\n<li class=\"a-spacing-mini\"><span class=\"a-list-item\">\u3010\u017destijuhtimine ja puutepaneel\u3011\u017destide tuvastamise funktsioon v\u00f5imaldab \u00f5huvoolu liikumistega reguleerida. Stiilne puutepaneel muudab \u00fche kl\u00f5psuga kasutamise lihtsaks. Lisaks peate v\u00e4rskendamiseks selle vaid kustutama.<\/span><\/li>\n<li class=\"a-spacing-mini\"><span class=\"a-list-item\">\u3010BLDC mootor\u3011Kvaliteetne BLDC mootor energiat\u00f5hususklassiga A++++ pakub t\u00e4nu intelligentsele integreeritud vooluringile suuremat imemisv\u00f5imsust ja v\u00e4iksemat energiatarbimist.<\/span><\/li>\n<li class=\"a-spacing-mini\"><span class=\"a-list-item\">\u3010Kahekordne paigaldusre\u017eiim ja reguleeritav kamin\u3011K\u00f5ik korpused on valmistatud roostevabast terasest ja ideaalne suurus sobib ideaalselt teie kappi ning s\u00e4\u00e4stab ruumi. Suurep\u00e4rane korteritesse ja apartementidesse. Toote m\u00f5\u00f5tmed: 600 mm L * 500 mm S ja reguleeritav korsten 485 mm kuni 820 mm.<\/span><\/li>\n<li class=\"a-spacing-mini\"><span class=\"a-list-item\">\u30105-kihiline korduvkasutatav alumiiniumfilter\u30115-kihiline alumiiniumfilter eemaldab t\u00f5husalt rasva ja toiduvalmistamise l\u00f5hnad. Lisaks on see kergesti eemaldatav ja n\u00f5udepesumasinas pestav, mis tagab alati optimaalse efektiivsuse.<\/span><\/li>\n<\/ul>","protected":false},"excerpt":{"rendered":"<div class=\"a-row\">\n<div class=\"a-column a-span6\">\n<h1 class=\"a-size-medium a-spacing-small\">Tehnilised \u00fcksikasjad<\/h1>\n<\/div>\n<\/div>\n<div class=\"a-expander-content a-expander-extend-content\" data-expanded=\"true\">\n<div class=\"a-row a-expander-container a-expander-inline-container\">\n<div class=\"a-expander-content a-expander-section-content a-section-expander-inner\" data-expanded=\"true\">\n<table id=\"productDetails_techSpec_section_1\" class=\"a-keyvalue prodDetTable\" role=\"presentation\">\n<tbody>\n<tr>\n<th class=\"a-color-secondary a-size-base prodDetSectionEntry\">\u00d5huvoolu maht<\/th>\n<td class=\"a-size-base prodDetAttrValue\">1 l\/s<\/td>\n<\/tr>\n<tr>\n<th class=\"a-color-secondary a-size-base prodDetSectionEntry\">Materjal<\/th>\n<td class=\"a-size-base prodDetAttrValue\">Roostevaba teras<\/td>\n<\/tr>\n<tr>\n<th class=\"a-color-secondary a-size-base prodDetSectionEntry\">M\u00fcra tase<\/th>\n<td class=\"a-size-base prodDetAttrValue\">60 dB<\/td>\n<\/tr>\n<tr>\n<th class=\"a-color-secondary a-size-base prodDetSectionEntry\">Paigaldust\u00fc\u00fcp<\/th>\n<td class=\"a-size-base prodDetAttrValue\">Seinakinnitus<\/td>\n<\/tr>\n<tr>\n<th class=\"a-color-secondary a-size-base prodDetSectionEntry\">Kaasasolevad komponendid<\/th>\n<td class=\"a-size-base prodDetAttrValue\">Pliidikubu, kasutusjuhend (inglise keel ei ole garanteeritud)<\/td>\n<\/tr>\n<tr>\n<th class=\"a-color-secondary a-size-base prodDetSectionEntry\">Juhtelementide t\u00fc\u00fcp<\/th>\n<td class=\"a-size-base prodDetAttrValue\">Puuduta<\/td>\n<\/tr>\n<tr>\n<th class=\"a-color-secondary a-size-base prodDetSectionEntry\">Pinge<\/th>\n<td class=\"a-size-base prodDetAttrValue\">220<\/td>\n<\/tr>\n<tr>\n<th class=\"a-color-secondary a-size-base prodDetSectionEntry\">Kiiruste arv<\/th>\n<td class=\"a-size-base prodDetAttrValue\">4<\/td>\n<\/tr>\n<tr>\n<th class=\"a-color-secondary a-size-base prodDetSectionEntry\">Kauba kaal<\/th>\n<td class=\"a-size-base prodDetAttrValue\">12 kilogrammi<\/td>\n<\/tr>\n<tr>\n<th class=\"a-color-secondary a-size-base prodDetSectionEntry\">Valgusallikas<\/th>\n<td class=\"a-size-base prodDetAttrValue\">LED<\/td>\n<\/tr>\n<tr>\n<th class=\"a-color-secondary a-size-base prodDetSectionEntry\">Filtri t\u00fc\u00fcp<\/th>\n<td class=\"a-size-base prodDetAttrValue\">5-kihiline alumiiniumfilter<\/td>\n<\/tr>\n<tr>\n<th class=\"a-color-secondary a-size-base prodDetSectionEntry\">Toote vorm<\/th>\n<td class=\"a-size-base prodDetAttrValue\">P\u00fcramiid<\/td>\n<\/tr>\n<tr>\n<th class=\"a-color-secondary a-size-base prodDetSectionEntry\">Ventilatsiooni t\u00fc\u00fcp<\/th>\n<td class=\"a-size-base prodDetAttrValue\">2 korda<\/td>\n<\/tr>\n<tr>\n<th class=\"a-color-secondary a-size-base prodDetSectionEntry\">Ventilatsioonikupli disain<\/th>\n<td class=\"a-size-base prodDetAttrValue\">Seinale kinnitatav \u00f5hupuhasti<\/td>\n<\/tr>\n<tr>\n<th class=\"a-color-secondary a-size-base prodDetSectionEntry\">Tootja<\/th>\n<td class=\"a-size-base prodDetAttrValue\">KOHV<\/td>\n<\/tr>\n<tr>\n<th class=\"a-color-secondary a-size-base prodDetSectionEntry\">Kauba mudeli number<\/th>\n<td class=\"a-size-base prodDetAttrValue\">KWH-TSHM77SS-60<\/td>\n<\/tr>\n<tr>\n<th class=\"a-color-secondary a-size-base prodDetSectionEntry\">Toote m\u00f5\u00f5tmed<\/th>\n<td class=\"a-size-base prodDetAttrValue\">50 x 59,8 x 43 cm; 12 kg<\/td>\n<\/tr>\n<tr>\n<th class=\"a-color-secondary a-size-base prodDetSectionEntry\">ASIN<\/th>\n<td class=\"a-size-base prodDetAttrValue\">B0B1843K8H<\/td>\n<\/tr>\n<\/tbody>\n<\/table>\n<\/div>\n<\/div>\n<\/div>","protected":false},"featured_media":9962,"comment_status":"open","ping_status":"closed","template":"","meta":{"_monsterinsights_skip_tracking":false,"_monsterinsights_sitenote_active":false,"_monsterinsights_sitenote_note":"","_monsterinsights_sitenote_category":0,"jetpack_publicize_message":"","jetpack_publicize_feature_enabled":true,"jetpack_social_post_already_shared":false,"jetpack_social_options":{"image_generator_settings":{"template":"highway","default_image_id":0,"font":"","enabled":false},"version":2}},"product_brand":[],"product_cat":[149],"product_tag":[],"class_list":{"0":"post-9955","1":"product","2":"type-product","3":"status-publish","4":"has-post-thumbnail","6":"product_cat-cooker-hoods","8":"first","9":"instock","10":"sale","11":"shipping-taxable","12":"purchasable","13":"product-type-simple"},"aioseo_notices":[],"jetpack_publicize_connections":[],"jetpack_sharing_enabled":true,"_links":{"self":[{"href":"https:\/\/amazingmarket.ee\/et\/wp-json\/wp\/v2\/product\/9955","targetHints":{"allow":["GET"]}}],"collection":[{"href":"https:\/\/amazingmarket.ee\/et\/wp-json\/wp\/v2\/product"}],"about":[{"href":"https:\/\/amazingmarket.ee\/et\/wp-json\/wp\/v2\/types\/product"}],"replies":[{"embeddable":true,"href":"https:\/\/amazingmarket.ee\/et\/wp-json\/wp\/v2\/comments?post=9955"}],"wp:featuredmedia":[{"embeddable":true,"href":"https:\/\/amazingmarket.ee\/et\/wp-json\/wp\/v2\/media\/9962"}],"wp:attachment":[{"href":"https:\/\/amazingmarket.ee\/et\/wp-json\/wp\/v2\/media?parent=9955"}],"wp:term":[{"taxonomy":"product_brand","embeddable":true,"href":"https:\/\/amazingmarket.ee\/et\/wp-json\/wp\/v2\/product_brand?post=9955"},{"taxonomy":"product_cat","embeddable":true,"href":"https:\/\/amazingmarket.ee\/et\/wp-json\/wp\/v2\/product_cat?post=9955"},{"taxonomy":"product_tag","embeddable":true,"href":"https:\/\/amazingmarket.ee\/et\/wp-json\/wp\/v2\/product_tag?post=9955"}],"curies":[{"name":"wp","href":"https:\/\/api.w.org\/{rel}","templated":true}]}}