{"id":9829,"date":"2025-02-21T15:08:11","date_gmt":"2025-02-21T13:08:11","guid":{"rendered":"https:\/\/amazingmarket.ee\/?post_type=product&#038;p=9829"},"modified":"2026-03-14T11:15:22","modified_gmt":"2026-03-14T09:15:22","slug":"eureka-j12-ultra-de-vacuum-mop-robot","status":"publish","type":"product","link":"https:\/\/amazingmarket.ee\/et\/toode\/eureka-j12-ultra-de-vacuum-mop-robot\/","title":{"rendered":"EUREKA J12 Ultra DE tolmuimeja ja mopirobot"},"content":{"rendered":"<h1>V\u00c4HE KASUTATUD, PUUDUB MOPS<\/h1>\n<h1 class=\"a-size-base-plus a-text-bold\">Selle \u00fcksuse kohta<\/h1>\n<ul class=\"a-unordered-list a-vertical a-spacing-mini\">\n<li class=\"a-spacing-mini\"><span class=\"a-list-item\">AI-toega navigeerimine: lisaks LiDAR-navigatsioonile on teie J12 Ultral DuoDetect AI 3D-takistuste tuvastamine; seega loob see d\u00fcnaamilisi kaarte, planeerib intelligentseid marsruute ning navigeerib ohutult ja t\u00f5husalt isegi segamini t\u00e4is keskkondades, tuvastades samal ajal automaatselt teie vaibad; isegi mitmekorruselised eluruumid pole probleemiks; AI v\u00f5imaldab seda ka intelligentset lemmikloomade tuvastamist ja see muudab selle eriti looma Lieb<\/span><\/li>\n<li class=\"a-spacing-mini\"><span class=\"a-list-item\">\u00c4\u00e4rmiselt v\u00e4he hooldust: k\u00f5ik-\u00fches jaam muudab teie elu lihtsamaks, t\u00fchjendades tolmu tolmuimeja- ja mopirobotitelt kuni 75 p\u00e4evaks; hoolitseb ka mopi pesemise ja kuivatamise eest ning v\u00e4ldib seel\u00e4bi baktereid ja ebameeldivaid l\u00f5hnu; see hoiab jaama puhta isepuhastumisega; tuleb lihtsalt aeg-ajalt must vesi t\u00fchjendada, v\u00e4rsket vett t\u00e4ita ja tolmukoti vahetusvahetus vahetada<\/span><\/li>\n<li class=\"a-spacing-mini\"><span class=\"a-list-item\">Veatu puhastus: kaks p\u00f6\u00f6rlevat moppi 200 p\u00f6\u00f6ret minutis ja 7N allasurve tagavad p\u00f5hjaliku ja t\u00f5husa puhastamise isegi kuivanud t\u00f5rksate plekkide korral<\/span><\/li>\n<li class=\"a-spacing-mini\"><span class=\"a-list-item\">V\u00f5imas imemisv\u00f5imsus: 5000 Pa imemisv\u00f5imsuse ja kuni 150-minutilise aku t\u00f6\u00f6eaga J12 Ultra saab vaevata hakkama tolmu, mustuse ja lemmikloomade karvadega; kui aku on t\u00fchi, naaseb see automaatselt \u00f5igel ajal jaama; laadides j\u00e4tkab see puhastamist seal, kus mahl otsa sai<\/span><\/li>\n<li class=\"a-spacing-mini\"><span class=\"a-list-item\">Ideaalne lemmikloomas\u00f5pradele: m\u00f5eldud spetsiaalselt karvaste lemmikloomadega majapidamistele; sest see eemaldab usaldusv\u00e4\u00e4rselt lemmikloomade karvad ja tagab igap\u00e4evase p\u00f5hjaliku puhastuse, samal ajal kui hoolitsete elus oluliste asjade eest<\/span><\/li>\n<li class=\"a-spacing-mini\"><span class=\"a-list-item\">Lihtne ja mugav juhtimine: mugavalt juhitav nii iOS-i ja Androidi rakenduse kui ka Alexa ja Google Assistant h\u00e4\u00e4lassistendi kaudu; looge nii keelutsoone kui ka virtuaalseinu ja kaitske tundlikke alasid eriti lihtsalt<\/span><\/li>\n<\/ul>","protected":false},"excerpt":{"rendered":"<div class=\"a-row\">\n<div class=\"a-column a-span6\">\n<h1 class=\"a-size-medium a-spacing-small\">Tehnilised \u00fcksikasjad<\/h1>\n<\/div>\n<\/div>\n<div class=\"a-expander-content a-expander-extend-content\" data-expanded=\"true\">\n<div class=\"a-row a-expander-container a-expander-inline-container\">\n<div class=\"a-expander-content a-expander-section-content a-section-expander-inner\" data-expanded=\"true\">\n<table id=\"productDetails_techSpec_section_1\" class=\"a-keyvalue prodDetTable\" role=\"presentation\">\n<tbody>\n<tr>\n<th class=\"a-color-secondary a-size-base prodDetSectionEntry\">Kaubam\u00e4rk<\/th>\n<td class=\"a-size-base prodDetAttrValue\">EUREKA<\/td>\n<\/tr>\n<tr>\n<th class=\"a-color-secondary a-size-base prodDetSectionEntry\">Mudeli number<\/th>\n<td class=\"a-size-base prodDetAttrValue\">J12WH-DE<\/td>\n<\/tr>\n<tr>\n<th class=\"a-color-secondary a-size-base prodDetSectionEntry\">V\u00e4rv<\/th>\n<td class=\"a-size-base prodDetAttrValue\">Valge<\/td>\n<\/tr>\n<tr>\n<th class=\"a-color-secondary a-size-base prodDetSectionEntry\">Pakendi m\u00f5\u00f5tmed<\/th>\n<td class=\"a-size-base prodDetAttrValue\">64 x 50 x 48 cm; 16,5 kg<\/td>\n<\/tr>\n<tr>\n<th class=\"a-color-secondary a-size-base prodDetSectionEntry\">Pinge<\/th>\n<td class=\"a-size-base prodDetAttrValue\">3,6E+3 volti<\/td>\n<\/tr>\n<tr>\n<th class=\"a-color-secondary a-size-base prodDetSectionEntry\">M\u00fcra tase<\/th>\n<td class=\"a-size-base prodDetAttrValue\">86 dB<\/td>\n<\/tr>\n<tr>\n<th class=\"a-color-secondary a-size-base prodDetSectionEntry\">Kestus<\/th>\n<td class=\"a-size-base prodDetAttrValue\">2 tundi ja 30 minutit<\/td>\n<\/tr>\n<tr>\n<th class=\"a-color-secondary a-size-base prodDetSectionEntry\">\u00dchilduvad mudelid<\/th>\n<td class=\"a-size-base prodDetAttrValue\">Nutitelefonid, Amazon Echo, Google Home<\/td>\n<\/tr>\n<tr>\n<th class=\"a-color-secondary a-size-base prodDetSectionEntry\">Eriomadused<\/th>\n<td class=\"a-size-base prodDetAttrValue\">LiDAR-i navigeerimine, keelutsoon, iset\u00fchjenemine<\/td>\n<\/tr>\n<tr>\n<th class=\"a-color-secondary a-size-base prodDetSectionEntry\">Kauba kaal<\/th>\n<td class=\"a-size-base prodDetAttrValue\">16,5 kilogrammi<\/td>\n<\/tr>\n<\/tbody>\n<\/table>\n<\/div>\n<\/div>\n<\/div>","protected":false},"featured_media":10552,"comment_status":"open","ping_status":"closed","template":"","meta":{"_monsterinsights_skip_tracking":false,"_monsterinsights_sitenote_active":false,"_monsterinsights_sitenote_note":"","_monsterinsights_sitenote_category":0,"jetpack_publicize_message":"","jetpack_publicize_feature_enabled":true,"jetpack_social_post_already_shared":false,"jetpack_social_options":{"image_generator_settings":{"template":"highway","default_image_id":0,"font":"","enabled":false},"version":2}},"product_brand":[],"product_cat":[80,102],"product_tag":[],"class_list":{"0":"post-9829","1":"product","2":"type-product","3":"status-publish","4":"has-post-thumbnail","6":"product_cat-robot-vacuum-cleaners","7":"product_cat-vacuum-cleaners","9":"first","10":"instock","11":"sale","12":"shipping-taxable","13":"purchasable","14":"product-type-simple"},"aioseo_notices":[],"jetpack_publicize_connections":[],"jetpack_sharing_enabled":true,"_links":{"self":[{"href":"https:\/\/amazingmarket.ee\/et\/wp-json\/wp\/v2\/product\/9829","targetHints":{"allow":["GET"]}}],"collection":[{"href":"https:\/\/amazingmarket.ee\/et\/wp-json\/wp\/v2\/product"}],"about":[{"href":"https:\/\/amazingmarket.ee\/et\/wp-json\/wp\/v2\/types\/product"}],"replies":[{"embeddable":true,"href":"https:\/\/amazingmarket.ee\/et\/wp-json\/wp\/v2\/comments?post=9829"}],"wp:featuredmedia":[{"embeddable":true,"href":"https:\/\/amazingmarket.ee\/et\/wp-json\/wp\/v2\/media\/10552"}],"wp:attachment":[{"href":"https:\/\/amazingmarket.ee\/et\/wp-json\/wp\/v2\/media?parent=9829"}],"wp:term":[{"taxonomy":"product_brand","embeddable":true,"href":"https:\/\/amazingmarket.ee\/et\/wp-json\/wp\/v2\/product_brand?post=9829"},{"taxonomy":"product_cat","embeddable":true,"href":"https:\/\/amazingmarket.ee\/et\/wp-json\/wp\/v2\/product_cat?post=9829"},{"taxonomy":"product_tag","embeddable":true,"href":"https:\/\/amazingmarket.ee\/et\/wp-json\/wp\/v2\/product_tag?post=9829"}],"curies":[{"name":"wp","href":"https:\/\/api.w.org\/{rel}","templated":true}]}}