{"id":976,"date":"2024-01-30T15:06:27","date_gmt":"2024-01-30T15:06:27","guid":{"rendered":"https:\/\/amazingmarket.ee\/?post_type=product&#038;p=976"},"modified":"2026-03-14T11:15:31","modified_gmt":"2026-03-14T09:15:31","slug":"tefal-raclette-grill-3in1","status":"publish","type":"product","link":"https:\/\/amazingmarket.ee\/et\/toode\/tefal-raclette-grill-3in1\/","title":{"rendered":"Tefal Raclette grill, 3in1"},"content":{"rendered":"<pre id=\"tw-target-text\" class=\"tw-data-text tw-text-large tw-ta\" dir=\"ltr\" data-placeholder=\"\u041f\u0435\u0440\u0435\u0432\u043e\u0434\" data-ved=\"2ahUKEwjGkaWay5WJAxXlLRAIHf8EDdwQ3ewLegQIBxAU\" aria-label=\"L\u00e4bipaistev tekst: N\u00f5udel on kasutusj\u00e4lgi, Komplektis pole piisavalt lusikaid (komplekt pole t\u00e4ielik)\"><span class=\"Y2IQFc\" lang=\"en\" style=\"font-size: 120%;\">N\u00f5udel on kasutusj\u00e4lgi, komplektis pole piisavalt lusikaid (komplekt ei ole t\u00e4ielik)<\/span><\/pre>\n<p>Tefali raclette-grill, 3in1, on mitmek\u00fclgne k\u00f6\u00f6giseade, mis on loodud teie einestamiskogemuse t\u00e4iustamiseks. See multifunktsionaalne grill pakub kolme toiduvalmistamisv\u00f5imalust \u00fches: raclette&#039;i, grilli ja kreppimasinat. T\u00e4nu mittenakkuvatele grillplaatidele ja reguleeritavale termostaadile tagab see t\u00e4pse toiduvalmistamise kontrolli ja vaevatu toidu vabastamise. Raclette-funktsioon v\u00f5imaldab teil sulatada juustu ja valmistada maitsvaid lisandeid, samas kui grillifunktsioon v\u00f5imaldab teil h\u00f5lpsalt k\u00fcpsetada liha, k\u00f6\u00f6givilju ja muud. Lisaks v\u00f5imaldab kreppimasina funktsioon teil luua t\u00e4iuslikke \u00f5hukesi kreppe nii magusate kui ka soolaste t\u00e4idistega. Oma elegantse disaini ja uuenduslike funktsioonidega on Tefali raclette-grill, 3in1, iga k\u00f6\u00f6gi kohustuslik lisand.<\/p>","protected":false},"excerpt":{"rendered":"<p>Tefali raclette-grill, 3in1, pakub \u00fches mitmek\u00fclgses seadmes kolme k\u00fcpsetusv\u00f5imalust: raclette&#039;i, grilli ja kreppimasinat. Mittenakkuvate plaatide ja reguleeritava termostaadiga tagab see t\u00e4pse k\u00fcpsetamise juhtimise ja toidu h\u00f5lpsa vabastamise. Ideaalne juustu sulatamiseks, liha ja k\u00f6\u00f6giviljade grillimiseks ning t\u00e4iuslike kreppide valmistamiseks, see on mitmek\u00fclgne lisa igasse k\u00f6\u00f6ki.<\/p>","protected":false},"featured_media":1186,"comment_status":"open","ping_status":"closed","template":"","meta":{"_monsterinsights_skip_tracking":false,"_monsterinsights_sitenote_active":false,"_monsterinsights_sitenote_note":"","_monsterinsights_sitenote_category":0,"jetpack_publicize_message":"","jetpack_publicize_feature_enabled":true,"jetpack_social_post_already_shared":false,"jetpack_social_options":{"image_generator_settings":{"template":"highway","default_image_id":0,"font":"","enabled":false},"version":2}},"product_brand":[],"product_cat":[87],"product_tag":[],"class_list":{"0":"post-976","1":"product","2":"type-product","3":"status-publish","4":"has-post-thumbnail","6":"product_cat-electric-grills","8":"first","9":"instock","10":"sale","11":"shipping-taxable","12":"purchasable","13":"product-type-simple"},"aioseo_notices":[],"jetpack_publicize_connections":[],"jetpack_sharing_enabled":true,"_links":{"self":[{"href":"https:\/\/amazingmarket.ee\/et\/wp-json\/wp\/v2\/product\/976","targetHints":{"allow":["GET"]}}],"collection":[{"href":"https:\/\/amazingmarket.ee\/et\/wp-json\/wp\/v2\/product"}],"about":[{"href":"https:\/\/amazingmarket.ee\/et\/wp-json\/wp\/v2\/types\/product"}],"replies":[{"embeddable":true,"href":"https:\/\/amazingmarket.ee\/et\/wp-json\/wp\/v2\/comments?post=976"}],"wp:featuredmedia":[{"embeddable":true,"href":"https:\/\/amazingmarket.ee\/et\/wp-json\/wp\/v2\/media\/1186"}],"wp:attachment":[{"href":"https:\/\/amazingmarket.ee\/et\/wp-json\/wp\/v2\/media?parent=976"}],"wp:term":[{"taxonomy":"product_brand","embeddable":true,"href":"https:\/\/amazingmarket.ee\/et\/wp-json\/wp\/v2\/product_brand?post=976"},{"taxonomy":"product_cat","embeddable":true,"href":"https:\/\/amazingmarket.ee\/et\/wp-json\/wp\/v2\/product_cat?post=976"},{"taxonomy":"product_tag","embeddable":true,"href":"https:\/\/amazingmarket.ee\/et\/wp-json\/wp\/v2\/product_tag?post=976"}],"curies":[{"name":"wp","href":"https:\/\/api.w.org\/{rel}","templated":true}]}}