{"id":9736,"date":"2025-02-18T14:38:38","date_gmt":"2025-02-18T12:38:38","guid":{"rendered":"https:\/\/amazingmarket.ee\/?post_type=product&#038;p=9736"},"modified":"2026-03-14T11:15:22","modified_gmt":"2026-03-14T09:15:22","slug":"cecotec-mambo-touch-multi-function-kitchen-processor-043450","status":"publish","type":"product","link":"https:\/\/amazingmarket.ee\/et\/toode\/cecotec-mambo-touch-multi-function-kitchen-processor-043450\/","title":{"rendered":"Multifunktsionaalne k\u00f6\u00f6giprotsessor Cecotec Mambo Touch 04345 0"},"content":{"rendered":"<h1>V\u00c4HE KASUTATUD, HEAS SEISUKORDS, PAKETI MITTE ORIGINAALKASTI<\/h1>\n<h1 class=\"a-size-base-plus a-text-bold\">Selle \u00fcksuse kohta<\/h1>\n<ul class=\"a-unordered-list a-vertical a-spacing-mini\">\n<li class=\"a-spacing-mini\"><span class=\"a-list-item\">Multifunktsionaalne k\u00f6\u00f6gikombain 37 funktsiooniga: kuubikuteks l\u00f5ikamine, hakkimine, segamine, purustamine, r\u00f6stimine, jahvatamine, pulbristamine, riivimine, uuesti kuumutamine, peksmine, jogurti valmistamine, pudrutamine, keetmine, segamine, aurutamine, moos, s\u00f5tkumine, keetmine madalal temperatuuril, keetmine, keetmine, soojas hoidmine, k\u00e4\u00e4ritamine, SlowMambo, precisionby-grade A, nullkiirus, turbofunktsioon, hautamine, pitsa, hakkija, smuutivalmistaja, isepuhastus, stopper, ekraaniplokk ja palju muud<\/span><\/li>\n<li class=\"a-spacing-mini\"><span class=\"a-list-item\">5-tolline Soft Touch TFT-ekraan tagab suurema mugavuse. Vahetage tarvikuid sekunditega Mambo jaoks v\u00e4lja t\u00f6\u00f6tatud OneClicki s\u00fcsteemiga. N\u00fc\u00fcd saate tarvikuid vahetada ilma kannu protsessori k\u00fcljest eemaldamata<\/span><\/li>\n<li class=\"a-spacing-mini\"><span class=\"a-list-item\">Nautige Mambo nutitelefoni rakendust piiramatute samm-sammult retseptide, h\u00f5lpsaks kasutamiseks etteantud funktsioonide ja isetegemise s\u00fcsteemiga (inglise keel pole garanteeritud)<\/span><\/li>\n<li class=\"a-spacing-mini\"><span class=\"a-list-item\">Kaaludel on kannus hoitavate toiduainete t\u00e4pne kaalumine, mis v\u00f5imaldab teil t\u00e4pselt t\u00f6\u00f6tada ja saavutada suurep\u00e4raseid tulemusi<\/span><\/li>\n<li class=\"a-spacing-mini\"><span class=\"a-list-item\">Kvaliteetne roostevabast terasest kann kiireks ja lihtsaks puhastamiseks n\u00f5udepesumasinas.<\/span><\/li>\n<\/ul>","protected":false},"excerpt":{"rendered":"<div class=\"a-row\">\n<div class=\"a-column a-span6\">\n<h1 class=\"a-size-medium a-spacing-small\">Tehnilised \u00fcksikasjad<\/h1>\n<\/div>\n<\/div>\n<div class=\"a-expander-content a-expander-extend-content\" data-expanded=\"true\">\n<div class=\"a-row a-expander-container a-expander-inline-container\">\n<div class=\"a-expander-content a-expander-section-content a-section-expander-inner\" data-expanded=\"true\">\n<table id=\"productDetails_techSpec_section_1\" class=\"a-keyvalue prodDetTable\" role=\"presentation\">\n<tbody>\n<tr>\n<th class=\"a-color-secondary a-size-base prodDetSectionEntry\">Kaubam\u00e4rk<\/th>\n<td class=\"a-size-base prodDetAttrValue\">Cecotec<\/td>\n<\/tr>\n<tr>\n<th class=\"a-color-secondary a-size-base prodDetSectionEntry\">Mudeli number<\/th>\n<td class=\"a-size-base prodDetAttrValue\">04345<\/td>\n<\/tr>\n<tr>\n<th class=\"a-color-secondary a-size-base prodDetSectionEntry\">V\u00e4rv<\/th>\n<td class=\"a-size-base prodDetAttrValue\">Must<\/td>\n<\/tr>\n<tr>\n<th class=\"a-color-secondary a-size-base prodDetSectionEntry\">Kiiruste arv<\/th>\n<td class=\"a-size-base prodDetAttrValue\">30<\/td>\n<\/tr>\n<tr>\n<th class=\"a-color-secondary a-size-base prodDetSectionEntry\">Eriomadused<\/th>\n<td class=\"a-size-base prodDetAttrValue\">K\u00e4sitsi<\/td>\n<\/tr>\n<tr>\n<th class=\"a-color-secondary a-size-base prodDetSectionEntry\">Kauba kaal<\/th>\n<td class=\"a-size-base prodDetAttrValue\">6,3 kilogrammi<\/td>\n<\/tr>\n<\/tbody>\n<\/table>\n<\/div>\n<\/div>\n<\/div>","protected":false},"featured_media":10351,"comment_status":"open","ping_status":"closed","template":"","meta":{"_monsterinsights_skip_tracking":false,"_monsterinsights_sitenote_active":false,"_monsterinsights_sitenote_note":"","_monsterinsights_sitenote_category":0,"jetpack_publicize_message":"","jetpack_publicize_feature_enabled":true,"jetpack_social_post_already_shared":false,"jetpack_social_options":{"image_generator_settings":{"template":"highway","default_image_id":0,"font":"","enabled":false},"version":2}},"product_brand":[],"product_cat":[78],"product_tag":[],"class_list":{"0":"post-9736","1":"product","2":"type-product","3":"status-publish","4":"has-post-thumbnail","6":"product_cat-food-processors","8":"first","9":"instock","10":"sale","11":"shipping-taxable","12":"purchasable","13":"product-type-simple"},"aioseo_notices":[],"jetpack_publicize_connections":[],"jetpack_sharing_enabled":true,"_links":{"self":[{"href":"https:\/\/amazingmarket.ee\/et\/wp-json\/wp\/v2\/product\/9736","targetHints":{"allow":["GET"]}}],"collection":[{"href":"https:\/\/amazingmarket.ee\/et\/wp-json\/wp\/v2\/product"}],"about":[{"href":"https:\/\/amazingmarket.ee\/et\/wp-json\/wp\/v2\/types\/product"}],"replies":[{"embeddable":true,"href":"https:\/\/amazingmarket.ee\/et\/wp-json\/wp\/v2\/comments?post=9736"}],"wp:featuredmedia":[{"embeddable":true,"href":"https:\/\/amazingmarket.ee\/et\/wp-json\/wp\/v2\/media\/10351"}],"wp:attachment":[{"href":"https:\/\/amazingmarket.ee\/et\/wp-json\/wp\/v2\/media?parent=9736"}],"wp:term":[{"taxonomy":"product_brand","embeddable":true,"href":"https:\/\/amazingmarket.ee\/et\/wp-json\/wp\/v2\/product_brand?post=9736"},{"taxonomy":"product_cat","embeddable":true,"href":"https:\/\/amazingmarket.ee\/et\/wp-json\/wp\/v2\/product_cat?post=9736"},{"taxonomy":"product_tag","embeddable":true,"href":"https:\/\/amazingmarket.ee\/et\/wp-json\/wp\/v2\/product_tag?post=9736"}],"curies":[{"name":"wp","href":"https:\/\/api.w.org\/{rel}","templated":true}]}}