{"id":965,"date":"2024-01-30T14:55:55","date_gmt":"2024-01-30T14:55:55","guid":{"rendered":"https:\/\/amazingmarket.ee\/?post_type=product&#038;p=965"},"modified":"2026-03-14T11:15:31","modified_gmt":"2026-03-14T09:15:31","slug":"thomas-centri-776","status":"publish","type":"product","link":"https:\/\/amazingmarket.ee\/et\/toode\/thomas-centri-776\/","title":{"rendered":"Thomas Centri 776"},"content":{"rendered":"<pre id=\"tw-target-text\" class=\"tw-data-text tw-text-large tw-ta\" dir=\"ltr\" data-placeholder=\"\u041f\u0435\u0440\u0435\u0432\u043e\u0434\" data-ved=\"2ahUKEwjGkaWay5WJAxXlLRAIHf8EDdwQ3ewLegQIBxAU\" aria-label=\"\u041f\u0435\u0440\u0435\u0432\u0435\u0434\u0435\u043d\u043d\u044b\u0439 \u0442\u0435\u043a\u0441\u0442: Uus, korpusel on m\u00f5ned v\u00e4ikesed m\u00f5lgid\"><span class=\"Y2IQFc\" lang=\"en\" style=\"font-size: 150%;\">Uus, korpusel on m\u00f5ned v\u00e4ikesed m\u00f5lgid<\/span><\/pre>\n<p>Thomas Centri 776 on suure j\u00f5udlusega tsentrifugaalpress, mis on loodud puu- ja k\u00f6\u00f6giviljade mahlapressimise protsessi lihtsustamiseks. Oma v\u00f5imsa mootori ja vastupidava konstruktsiooniga ekstraheerib see t\u00f5husalt mahla, s\u00e4ilitades samal ajal olulised toitained ja maitsed. Suur s\u00f6\u00f6tmistoru mahutab terveid puu- ja k\u00f6\u00f6givilju, v\u00e4hendades ettevalmistusaega, samas kui reguleeritavad kiiruseseaded pakuvad mitmek\u00fclgsust erinevate koostisosade jaoks. Uuenduslik disain tagab lihtsa kokkupaneku, kasutamise ja puhastamise, mist\u00f5ttu sobib see ideaalselt nii koduseks kui ka \u00e4riliseks kasutamiseks. Nautige v\u00e4rskeid ja toitvaid mahlu Thomas Centri 776-ga.<\/p>\n<div style=\"width: 1020px;\" class=\"wp-video\"><video class=\"wp-video-shortcode\" id=\"video-965-1\" width=\"1020\" height=\"574\" autoplay preload=\"metadata\" controls=\"controls\"><source type=\"video\/mp4\" src=\"https:\/\/amazingmarket.ee\/wp-content\/uploads\/2024\/01\/THOMAS-CENTRI-Wascheschleudern.mp4?_=1\" \/><a href=\"https:\/\/amazingmarket.ee\/wp-content\/uploads\/2024\/01\/THOMAS-CENTRI-Wascheschleudern.mp4\">https:\/\/amazingmarket.ee\/wp-content\/uploads\/2024\/01\/THOMAS-CENTRI-Wascheschleudern.mp4<\/a><\/video><\/div>","protected":false},"excerpt":{"rendered":"<div class=\"w-full text-token-text-primary\" data-testid=\"conversation-turn-167\">\n<div class=\"px-4 py-2 justify-center text-base md:gap-6 m-auto\">\n<div class=\"flex flex-1 text-base mx-auto gap-3 md:px-5 lg:px-1 xl:px-5 md:max-w-3xl lg:max-w-[40rem] xl:max-w-[48rem] group\">\n<div class=\"relative flex w-full flex-col lg:w-[calc(100%-115px)] agent-turn\">\n<div class=\"flex-col gap-1 md:gap-3\">\n<div class=\"flex flex-grow flex-col max-w-full\">\n<div class=\"min-h-[20px] text-message flex flex-col items-start gap-3 whitespace-pre-wrap break-words [.text-message+&amp;]:mt-5 overflow-x-auto\" data-message-author-role=\"assistant\" data-message-id=\"4d79e1f3-369a-49ad-bf84-c14570d3ad60\">\n<div class=\"markdown prose w-full break-words dark:prose-invert light\">\n<p>The Thomas Centri 776 is a professional-grade centrifugal extractor for juicing fruits and vegetables. With its powerful motor and user-friendly design, it offers efficiency and convenience for creating fresh and nutritious juices.<\/p>\n<\/div>\n<\/div>\n<\/div>\n<\/div>\n<\/div>\n<\/div>\n<\/div>\n<\/div>\n","protected":false},"featured_media":1190,"comment_status":"open","ping_status":"closed","template":"","meta":{"_monsterinsights_skip_tracking":false,"_monsterinsights_sitenote_active":false,"_monsterinsights_sitenote_note":"","_monsterinsights_sitenote_category":0,"jetpack_publicize_message":"","jetpack_publicize_feature_enabled":true,"jetpack_social_post_already_shared":false,"jetpack_social_options":{"image_generator_settings":{"template":"highway","default_image_id":0,"font":"","enabled":false},"version":2}},"product_brand":[],"product_cat":[81],"product_tag":[],"class_list":{"0":"post-965","1":"product","2":"type-product","3":"status-publish","4":"has-post-thumbnail","6":"product_cat-juice-extractors","8":"first","9":"instock","10":"sale","11":"shipping-taxable","12":"purchasable","13":"product-type-simple"},"aioseo_notices":[],"jetpack_publicize_connections":[],"jetpack_sharing_enabled":true,"_links":{"self":[{"href":"https:\/\/amazingmarket.ee\/et\/wp-json\/wp\/v2\/product\/965","targetHints":{"allow":["GET"]}}],"collection":[{"href":"https:\/\/amazingmarket.ee\/et\/wp-json\/wp\/v2\/product"}],"about":[{"href":"https:\/\/amazingmarket.ee\/et\/wp-json\/wp\/v2\/types\/product"}],"replies":[{"embeddable":true,"href":"https:\/\/amazingmarket.ee\/et\/wp-json\/wp\/v2\/comments?post=965"}],"wp:featuredmedia":[{"embeddable":true,"href":"https:\/\/amazingmarket.ee\/et\/wp-json\/wp\/v2\/media\/1190"}],"wp:attachment":[{"href":"https:\/\/amazingmarket.ee\/et\/wp-json\/wp\/v2\/media?parent=965"}],"wp:term":[{"taxonomy":"product_brand","embeddable":true,"href":"https:\/\/amazingmarket.ee\/et\/wp-json\/wp\/v2\/product_brand?post=965"},{"taxonomy":"product_cat","embeddable":true,"href":"https:\/\/amazingmarket.ee\/et\/wp-json\/wp\/v2\/product_cat?post=965"},{"taxonomy":"product_tag","embeddable":true,"href":"https:\/\/amazingmarket.ee\/et\/wp-json\/wp\/v2\/product_tag?post=965"}],"curies":[{"name":"wp","href":"https:\/\/api.w.org\/{rel}","templated":true}]}}