{"id":959,"date":"2024-01-30T14:47:25","date_gmt":"2024-01-30T14:47:25","guid":{"rendered":"https:\/\/amazingmarket.ee\/?post_type=product&#038;p=959"},"modified":"2026-03-14T11:15:31","modified_gmt":"2026-03-14T09:15:31","slug":"cecotec-turbo-cecofry-4d-healthy","status":"publish","type":"product","link":"https:\/\/amazingmarket.ee\/et\/toode\/cecotec-turbo-cecofry-4d-healthy\/","title":{"rendered":"Cecotec Turbo Cecofry 4D Healthy"},"content":{"rendered":"<p>Cecotec Turbo Cecofry 4D Healthy on t\u00e4iustatud \u00f5hufrit\u00fc\u00fcr, mis muudab tervislikku toiduvalmistamist revolutsiooniliselt. T\u00e4nu Turbo Cecofry 4D tehnoloogiale kasutab see toidu k\u00fcpsetamiseks igast nurgast tulevat kiiret \u00f5huringlust 80% v\u00f5rra v\u00e4hema \u00f5liga, tagades kr\u00f5bedad ja maitsvad tulemused. 4D k\u00fcttes\u00fcsteem tagab \u00fchtlase k\u00fcpsetamise, samas kui multifunktsionaalne disain v\u00f5imaldab praadimist, r\u00f6stimist, grillimist ja k\u00fcpsetamist. Intuitiivne digitaalne juhtpaneel ja eelprogrammeeritud s\u00e4tted muudavad selle kasutamise lihtsaks ning eemaldatav mittenakkuv korv tagab vaevatu puhastamise. Nautige s\u00fc\u00fcmepiinadeta ja maitsvaid toite uuendusliku Cecotec Turbo Cecofry 4D Healthy abil.<\/p>","protected":false},"excerpt":{"rendered":"<p>Cecotec Turbo Cecofry 4D Healthy on uuenduslik \u00f5hufrit\u00fc\u00fcr, millel on Turbo Cecofry 4D tehnoloogia v\u00e4hem \u00f5li tarbimiseks. Mitmek\u00fclgsete funktsioonide ja kasutajas\u00f5braliku digitaalse paneeliga saab valmistada kr\u00f5bedaid ja tervislikke toite.<\/p>","protected":false},"featured_media":1193,"comment_status":"open","ping_status":"closed","template":"","meta":{"_monsterinsights_skip_tracking":false,"_monsterinsights_sitenote_active":false,"_monsterinsights_sitenote_note":"","_monsterinsights_sitenote_category":0,"jetpack_publicize_message":"","jetpack_publicize_feature_enabled":true,"jetpack_social_post_already_shared":false,"jetpack_social_options":{"image_generator_settings":{"template":"highway","default_image_id":0,"font":"","enabled":false},"version":2}},"product_brand":[],"product_cat":[71],"product_tag":[],"class_list":{"0":"post-959","1":"product","2":"type-product","3":"status-publish","4":"has-post-thumbnail","6":"product_cat-airfryers","8":"first","9":"instock","10":"sale","11":"shipping-taxable","12":"purchasable","13":"product-type-simple"},"aioseo_notices":[],"jetpack_publicize_connections":[],"jetpack_sharing_enabled":true,"_links":{"self":[{"href":"https:\/\/amazingmarket.ee\/et\/wp-json\/wp\/v2\/product\/959","targetHints":{"allow":["GET"]}}],"collection":[{"href":"https:\/\/amazingmarket.ee\/et\/wp-json\/wp\/v2\/product"}],"about":[{"href":"https:\/\/amazingmarket.ee\/et\/wp-json\/wp\/v2\/types\/product"}],"replies":[{"embeddable":true,"href":"https:\/\/amazingmarket.ee\/et\/wp-json\/wp\/v2\/comments?post=959"}],"wp:featuredmedia":[{"embeddable":true,"href":"https:\/\/amazingmarket.ee\/et\/wp-json\/wp\/v2\/media\/1193"}],"wp:attachment":[{"href":"https:\/\/amazingmarket.ee\/et\/wp-json\/wp\/v2\/media?parent=959"}],"wp:term":[{"taxonomy":"product_brand","embeddable":true,"href":"https:\/\/amazingmarket.ee\/et\/wp-json\/wp\/v2\/product_brand?post=959"},{"taxonomy":"product_cat","embeddable":true,"href":"https:\/\/amazingmarket.ee\/et\/wp-json\/wp\/v2\/product_cat?post=959"},{"taxonomy":"product_tag","embeddable":true,"href":"https:\/\/amazingmarket.ee\/et\/wp-json\/wp\/v2\/product_tag?post=959"}],"curies":[{"name":"wp","href":"https:\/\/api.w.org\/{rel}","templated":true}]}}