{"id":9587,"date":"2025-01-31T10:43:08","date_gmt":"2025-01-31T08:43:08","guid":{"rendered":"https:\/\/amazingmarket.ee\/?post_type=product&#038;p=9587"},"modified":"2026-03-14T11:15:23","modified_gmt":"2026-03-14T09:15:23","slug":"dreame-d10-plus-robot-vacuum","status":"publish","type":"product","link":"https:\/\/amazingmarket.ee\/et\/toode\/dreame-d10-plus-robot-vacuum\/","title":{"rendered":"Dreame D10 Plus robottolmuimeja"},"content":{"rendered":"<h1>V\u00c4HE KASUTATUD, VEEPAAKI POLE<\/h1>\n<h1 class=\"a-size-base-plus a-text-bold\">Selle \u00fcksuse kohta<\/h1>\n<ul class=\"a-unordered-list a-vertical a-spacing-mini\">\n<li class=\"a-spacing-mini\"><span class=\"a-list-item\">45 p\u00e4eva vabak\u00e4epuhastust: automatiseerige oma igap\u00e4evane koristamine t\u00e4ielikult, et elada mugavamalt. Automaatselt t\u00fchjenev tugijaam viskab mustuse ja tolmu kiiresti ja vaikselt 2,5-liitrisesse tolmukotti, v\u00e4ltides samal ajal ummistumist, et tagada n\u00e4dalaid kestvat s\u00f5ltumatut automaatset puhastamist. K\u00f5ik, mida pead tegema, on kott maha visata.<\/span><\/li>\n<li class=\"a-spacing-mini\"><span class=\"a-list-item\">Puhastab tugevalt, puhastab kaua: maksimaalne imemisr\u00f5hk 4000 Pa eemaldab kergesti p\u00f5randalt mustuse ja asetab selle 400 ml tolmukasti. Valida saab 4 imemisre\u017eiimi, mis tagavad t\u00f5husa ja kohandatava puhastamise, samal ajal kui suur, 5200 mAh, aku tagab kuni 180-minutise pideva puhastuse, et katta \u00fchekordselt isegi suured kodud.<\/span><\/li>\n<li class=\"a-spacing-mini\"><span class=\"a-list-item\">Suure j\u00f5udlusega LiDAR-navigatsioon: LiDAR-lasernavigatsioon h\u00f5lbustab \u00fcksikasjalikku kiiret kaardi koostamist ja t\u00e4helepanuv\u00e4\u00e4rset navigeerimist. Kiire ja t\u00e4pne kaardi koostamine ja s\u00fcstemaatiline teeplaneerimine aitavad tagada, et kohad ei j\u00e4\u00e4ks vahele ja puhastamist ei korrataks.<\/span><\/li>\n<li class=\"a-spacing-mini\"><span class=\"a-list-item\">T\u00f5hus ja reguleeritav p\u00fchkimine: m\u00e4\u00e4rake veekasutus nii, et p\u00f5randad pestaksid t\u00e4pselt nii, nagu soovite. 150 ml veepaak ja kolm veekoguse valikut v\u00f5imaldavad teil reguleerida veekasutust ja mopi niiskust vastavalt p\u00f5randa m\u00e4\u00e4rdumisele, et tagada tugev ja t\u00f5hus puhastamine.<\/span><\/li>\n<li class=\"a-spacing-mini\"><span class=\"a-list-item\">Puhastab teie k\u00e4sul: \u00dchildub Alexa h\u00e4\u00e4ljuhtimisega, mis v\u00f5imaldab automaatset puhastamist teie keele otsas. \u00d6elge lihtsalt s\u00f5na, et robottolmuimeja k\u00e4ivitada, peatada v\u00f5i peatada ja muuta automaatne puhastamine veelgi k\u00e4ep\u00e4rasemaks.<\/span><\/li>\n<li class=\"a-spacing-mini\"><span class=\"a-list-item\">Kohandage oma puhastust \u2013 kohandage puhastust rakenduse kaudu, valides puhastusre\u017eiimid, puhastades teatud ruume, seadistades virtuaalse seina, paigutades keelutsooni ja palju muud. Otsustage, kus ja millal teie robot tolmuimejat puhastab ja milliseid kohti peaks v\u00e4ltima, et puhastada just nii, nagu soovite, mugavalt oma telefonist. Vajalik on 2,4G Wi-Fi.<\/span><\/li>\n<\/ul>","protected":false},"excerpt":{"rendered":"<h2>Tooteteave<\/h2>\n<div class=\"a-row a-spacing-top-base\">\n<div class=\"a-column a-span6\">\n<div class=\"a-row a-spacing-base\">\n<div class=\"a-section table-padding\">\n<table id=\"productDetails_detailBullets_sections1\" class=\"a-keyvalue prodDetTable\" role=\"presentation\">\n<tbody>\n<tr>\n<th class=\"a-color-secondary a-size-base prodDetSectionEntry\">Kaubam\u00e4rk<\/th>\n<td class=\"a-size-base prodDetAttrValue\">unistada<\/td>\n<\/tr>\n<tr>\n<th class=\"a-color-secondary a-size-base prodDetSectionEntry\">Mudeli nimi<\/th>\n<td class=\"a-size-base prodDetAttrValue\">D10 Plus<\/td>\n<\/tr>\n<tr>\n<th class=\"a-color-secondary a-size-base prodDetSectionEntry\">Erifunktsioon<\/th>\n<td class=\"a-size-base prodDetAttrValue\">No-Go tsoon<\/td>\n<\/tr>\n<tr>\n<th class=\"a-color-secondary a-size-base prodDetSectionEntry\">V\u00e4rv<\/th>\n<td class=\"a-size-base prodDetAttrValue\">Punane, Valge<\/td>\n<\/tr>\n<tr>\n<th class=\"a-color-secondary a-size-base prodDetSectionEntry\">Toote m\u00f5\u00f5tmed<\/th>\n<td class=\"a-size-base prodDetAttrValue\">18\u2033 P x 14\u2033 L x 16\u2033 K<\/td>\n<\/tr>\n<tr>\n<th class=\"a-color-secondary a-size-base prodDetSectionEntry\">Kaasasolevad komponendid<\/th>\n<td class=\"a-size-base prodDetAttrValue\">1 * veepaak, 2 * tolmukogumiskott, 1 * mopipadi, 1 * toitejuhe, 1 * kasutusjuhend, 1 * D10 Plus robottolmuimeja ja iset\u00fchjeneva alusega mop, 1 * puhastust\u00f6\u00f6riist, 1 * k\u00fcljehari<\/td>\n<\/tr>\n<tr>\n<th class=\"a-color-secondary a-size-base prodDetSectionEntry\">Filtri t\u00fc\u00fcp<\/th>\n<td class=\"a-size-base prodDetAttrValue\">Riie<\/td>\n<\/tr>\n<tr>\n<th class=\"a-color-secondary a-size-base prodDetSectionEntry\">Aku t\u00f6\u00f6iga<\/th>\n<td class=\"a-size-base prodDetAttrValue\">180 minutit<\/td>\n<\/tr>\n<tr>\n<th class=\"a-color-secondary a-size-base prodDetSectionEntry\">Pinge<\/th>\n<td class=\"a-size-base prodDetAttrValue\">3,6 volti (DC)<\/td>\n<\/tr>\n<tr>\n<th class=\"a-color-secondary a-size-base prodDetSectionEntry\">Mahutavus<\/th>\n<td class=\"a-size-base prodDetAttrValue\">0,4 liitrit<\/td>\n<\/tr>\n<tr>\n<th class=\"a-color-secondary a-size-base prodDetSectionEntry\">Toiteallikas<\/th>\n<td class=\"a-size-base prodDetAttrValue\">Akutoitel<\/td>\n<\/tr>\n<tr>\n<th class=\"a-color-secondary a-size-base prodDetSectionEntry\">Kontrollimeetod<\/th>\n<td class=\"a-size-base prodDetAttrValue\">H\u00e4\u00e4l<\/td>\n<\/tr>\n<tr>\n<th class=\"a-color-secondary a-size-base prodDetSectionEntry\">\u00dchilduvad seadmed<\/th>\n<td class=\"a-size-base prodDetAttrValue\">Amazon Echo<\/td>\n<\/tr>\n<tr>\n<th class=\"a-color-secondary a-size-base prodDetSectionEntry\">Vormitegur<\/th>\n<td class=\"a-size-base prodDetAttrValue\">Robot<\/td>\n<\/tr>\n<tr>\n<th class=\"a-color-secondary a-size-base prodDetSectionEntry\">Kauba kaal<\/th>\n<td class=\"a-size-base prodDetAttrValue\">20 naela<\/td>\n<\/tr>\n<tr>\n<th class=\"a-color-secondary a-size-base prodDetSectionEntry\">Tootja<\/th>\n<td class=\"a-size-base prodDetAttrValue\">Dreametech<\/td>\n<\/tr>\n<tr>\n<th class=\"a-color-secondary a-size-base prodDetSectionEntry\">ASIN<\/th>\n<td class=\"a-size-base prodDetAttrValue\">B09VKZT1FQ<\/td>\n<\/tr>\n<tr>\n<th class=\"a-color-secondary a-size-base prodDetSectionEntry\">P\u00e4ritoluriik<\/th>\n<td class=\"a-size-base prodDetAttrValue\">Hiina<\/td>\n<\/tr>\n<tr>\n<th class=\"a-color-secondary a-size-base prodDetSectionEntry\">Kauba mudeli number<\/th>\n<td class=\"a-size-base prodDetAttrValue\">D10 Plus<\/td>\n<\/tr>\n<tr>\n<th class=\"a-color-secondary a-size-base prodDetSectionEntry\">Patareid<\/th>\n<td class=\"a-size-base prodDetAttrValue\">Vaja on 1 liitiumioonakut. (kaasas)<\/td>\n<\/tr>\n<\/tbody>\n<\/table>\n<\/div>\n<\/div>\n<\/div>\n<\/div>","protected":false},"featured_media":9593,"comment_status":"open","ping_status":"closed","template":"","meta":{"_monsterinsights_skip_tracking":false,"_monsterinsights_sitenote_active":false,"_monsterinsights_sitenote_note":"","_monsterinsights_sitenote_category":0,"jetpack_publicize_message":"","jetpack_publicize_feature_enabled":true,"jetpack_social_post_already_shared":false,"jetpack_social_options":{"image_generator_settings":{"template":"highway","default_image_id":0,"font":"","enabled":false},"version":2}},"product_brand":[],"product_cat":[80,102],"product_tag":[],"class_list":{"0":"post-9587","1":"product","2":"type-product","3":"status-publish","4":"has-post-thumbnail","6":"product_cat-robot-vacuum-cleaners","7":"product_cat-vacuum-cleaners","9":"first","10":"instock","11":"sale","12":"shipping-taxable","13":"purchasable","14":"product-type-simple"},"aioseo_notices":[],"jetpack_publicize_connections":[],"jetpack_sharing_enabled":true,"_links":{"self":[{"href":"https:\/\/amazingmarket.ee\/et\/wp-json\/wp\/v2\/product\/9587","targetHints":{"allow":["GET"]}}],"collection":[{"href":"https:\/\/amazingmarket.ee\/et\/wp-json\/wp\/v2\/product"}],"about":[{"href":"https:\/\/amazingmarket.ee\/et\/wp-json\/wp\/v2\/types\/product"}],"replies":[{"embeddable":true,"href":"https:\/\/amazingmarket.ee\/et\/wp-json\/wp\/v2\/comments?post=9587"}],"wp:featuredmedia":[{"embeddable":true,"href":"https:\/\/amazingmarket.ee\/et\/wp-json\/wp\/v2\/media\/9593"}],"wp:attachment":[{"href":"https:\/\/amazingmarket.ee\/et\/wp-json\/wp\/v2\/media?parent=9587"}],"wp:term":[{"taxonomy":"product_brand","embeddable":true,"href":"https:\/\/amazingmarket.ee\/et\/wp-json\/wp\/v2\/product_brand?post=9587"},{"taxonomy":"product_cat","embeddable":true,"href":"https:\/\/amazingmarket.ee\/et\/wp-json\/wp\/v2\/product_cat?post=9587"},{"taxonomy":"product_tag","embeddable":true,"href":"https:\/\/amazingmarket.ee\/et\/wp-json\/wp\/v2\/product_tag?post=9587"}],"curies":[{"name":"wp","href":"https:\/\/api.w.org\/{rel}","templated":true}]}}