{"id":9583,"date":"2025-01-29T16:05:10","date_gmt":"2025-01-29T14:05:10","guid":{"rendered":"https:\/\/amazingmarket.ee\/?post_type=product&#038;p=9583"},"modified":"2026-03-14T11:15:23","modified_gmt":"2026-03-14T09:15:23","slug":"xiaomi-mi-robot-vacuum-mop-2s","status":"publish","type":"product","link":"https:\/\/amazingmarket.ee\/et\/toode\/xiaomi-mi-robot-vacuum-mop-2s\/","title":{"rendered":"Xiaomi Mi robottolmuimeja 2S"},"content":{"rendered":"<h1>KASUTATUD ASEE, HEAS SEISUKORD<\/h1>\n<h1 class=\"a-size-base-plus a-text-bold\">Selle \u00fcksuse kohta<\/h1>\n<ul class=\"a-unordered-list a-vertical a-spacing-mini\">\n<li class=\"a-spacing-mini\"><span class=\"a-list-item\">2700 Pa tugev imemine, tolmu kohene puhastamine: Jaapani NIDEC harjadeta mootor tagab p\u00fcsivalt tugeva imemisv\u00f5imsuse, et eemaldada mustus ja praht hetkega t\u00f5husalt. Alates pisikesest tolmust ja karvadest kuni suurte puru ja pr\u00fcgini \u2013 Mi Robot Vacuum-Mop 2 puhastab need k\u00f5ik koheselt.<\/span><\/li>\n<li class=\"a-spacing-mini\"><span class=\"a-list-item\">T\u00e4iesti uus harjakonfiguratsioon p\u00f5hjalikuks puhastamiseks isegi nurkade ja vahede jaoks: t\u00e4iustatud t\u00e4iskattega kuuskant-k\u00fclgharjad ja \u00fclitihe 0,1 mm kiust p\u00f5hihari puhastavad s\u00fcgavalt nurkadesse ja puhastavad tolmu p\u00f5randalaudade vahedest.<\/span><\/li>\n<li class=\"a-spacing-mini\"><span class=\"a-list-item\">T\u00e4iustatud survega puhastamine plekkide eemaldamiseks: \u00e4sja t\u00e4iendatud survepesumoodul tagab t\u00f5husama puhastamise, eemaldab veeplekid, tolmu ja palju muud.<\/span><\/li>\n<li class=\"a-spacing-mini\"><span class=\"a-list-item\">Skaneerige t\u00e4pselt kogu maja paigutust ja planeerige k\u00f5ige t\u00f5husam marsruut: \u00e4sja t\u00e4iendatud kiire visuaalne navigatsioonis\u00fcsteem v\u00f5imaldab t\u00e4pset kodukeskkonda liikumise ajal skaneerida ja samaaegselt puhastusplaane luua. Kohandatud nutikas liides, mis aitab koristajal minna sinna, kuhu te k\u00e4state: T\u00e4iustatud kaardihaldusfunktsioone on t\u00e4iendatud, et rahuldada eelmise p\u00f5lvkonna automaatse puhastamise ja tsoonide muutmise vajadusi.<\/span><\/li>\n<li class=\"a-spacing-mini\"><span class=\"a-list-item\">Rahvusvahelistel toodetel on erinevad tingimused, neid m\u00fc\u00fcakse v\u00e4lismaalt ja need v\u00f5ivad erineda kohalikest toodetest, sealhulgas sobivus, vanusepiirangud ja toote keel, m\u00e4rgistus v\u00f5i juhised.<\/span><\/li>\n<\/ul>","protected":false},"excerpt":{"rendered":"<div class=\"a-row\">\n<div class=\"a-column a-span6\">\n<h1 class=\"a-size-medium a-spacing-small\">Tehnilised \u00fcksikasjad<\/h1>\n<\/div>\n<\/div>\n<div class=\"a-expander-content a-expander-extend-content\" data-expanded=\"true\">\n<div class=\"a-row a-expander-container a-expander-inline-container\">\n<div class=\"a-expander-content a-expander-section-content a-section-expander-inner\" data-expanded=\"true\">\n<table id=\"productDetails_techSpec_section_1\" class=\"a-keyvalue prodDetTable\" role=\"presentation\">\n<tbody>\n<tr>\n<th class=\"a-color-secondary a-size-base prodDetSectionEntry\">Kaubam\u00e4rk<\/th>\n<td class=\"a-size-base prodDetAttrValue\">Xiaomi<\/td>\n<\/tr>\n<tr>\n<th class=\"a-color-secondary a-size-base prodDetSectionEntry\">Mudeli number<\/th>\n<td class=\"a-size-base prodDetAttrValue\">\u200e6934177743610<\/td>\n<\/tr>\n<tr>\n<th class=\"a-color-secondary a-size-base prodDetSectionEntry\">V\u00e4rv<\/th>\n<td class=\"a-size-base prodDetAttrValue\">Valge<\/td>\n<\/tr>\n<tr>\n<th class=\"a-color-secondary a-size-base prodDetSectionEntry\">Toote m\u00f5\u00f5tmed<\/th>\n<td class=\"a-size-base prodDetAttrValue\">60 x 60 x 85 cm; 3,9 kg<\/td>\n<\/tr>\n<tr>\n<th class=\"a-color-secondary a-size-base prodDetSectionEntry\">Mahutavus<\/th>\n<td class=\"a-size-base prodDetAttrValue\">0,25 liitrit<\/td>\n<\/tr>\n<tr>\n<th class=\"a-color-secondary a-size-base prodDetSectionEntry\">V\u00f5imsus \/ vatt<\/th>\n<td class=\"a-size-base prodDetAttrValue\">40 kilovatt tundi<\/td>\n<\/tr>\n<tr>\n<th class=\"a-color-secondary a-size-base prodDetSectionEntry\">Pinge<\/th>\n<td class=\"a-size-base prodDetAttrValue\">240 volti<\/td>\n<\/tr>\n<tr>\n<th class=\"a-color-secondary a-size-base prodDetSectionEntry\">Automaatne v\u00e4ljal\u00fclitus<\/th>\n<td class=\"a-size-base prodDetAttrValue\">Ei<\/td>\n<\/tr>\n<tr>\n<th class=\"a-color-secondary a-size-base prodDetSectionEntry\">M\u00fcra tase<\/th>\n<td class=\"a-size-base prodDetAttrValue\">44 dB<\/td>\n<\/tr>\n<tr>\n<th class=\"a-color-secondary a-size-base prodDetSectionEntry\">\u00dchilduvad mudelid<\/th>\n<td class=\"a-size-base prodDetAttrValue\">tolmuimeja<\/td>\n<\/tr>\n<tr>\n<th class=\"a-color-secondary a-size-base prodDetSectionEntry\">Eriomadused<\/th>\n<td class=\"a-size-base prodDetAttrValue\">Juhtmeta<\/td>\n<\/tr>\n<tr>\n<th class=\"a-color-secondary a-size-base prodDetSectionEntry\">Kauba kaal<\/th>\n<td class=\"a-size-base prodDetAttrValue\">3,9 kg<\/td>\n<\/tr>\n<\/tbody>\n<\/table>\n<\/div>\n<\/div>\n<\/div>","protected":false},"featured_media":10503,"comment_status":"open","ping_status":"closed","template":"","meta":{"_monsterinsights_skip_tracking":false,"_monsterinsights_sitenote_active":false,"_monsterinsights_sitenote_note":"","_monsterinsights_sitenote_category":0,"jetpack_publicize_message":"","jetpack_publicize_feature_enabled":true,"jetpack_social_post_already_shared":false,"jetpack_social_options":{"image_generator_settings":{"template":"highway","default_image_id":0,"font":"","enabled":false},"version":2}},"product_brand":[],"product_cat":[80,102],"product_tag":[],"class_list":{"0":"post-9583","1":"product","2":"type-product","3":"status-publish","4":"has-post-thumbnail","6":"product_cat-robot-vacuum-cleaners","7":"product_cat-vacuum-cleaners","9":"first","10":"instock","11":"sale","12":"shipping-taxable","13":"purchasable","14":"product-type-simple"},"aioseo_notices":[],"jetpack_publicize_connections":[],"jetpack_sharing_enabled":true,"_links":{"self":[{"href":"https:\/\/amazingmarket.ee\/et\/wp-json\/wp\/v2\/product\/9583","targetHints":{"allow":["GET"]}}],"collection":[{"href":"https:\/\/amazingmarket.ee\/et\/wp-json\/wp\/v2\/product"}],"about":[{"href":"https:\/\/amazingmarket.ee\/et\/wp-json\/wp\/v2\/types\/product"}],"replies":[{"embeddable":true,"href":"https:\/\/amazingmarket.ee\/et\/wp-json\/wp\/v2\/comments?post=9583"}],"wp:featuredmedia":[{"embeddable":true,"href":"https:\/\/amazingmarket.ee\/et\/wp-json\/wp\/v2\/media\/10503"}],"wp:attachment":[{"href":"https:\/\/amazingmarket.ee\/et\/wp-json\/wp\/v2\/media?parent=9583"}],"wp:term":[{"taxonomy":"product_brand","embeddable":true,"href":"https:\/\/amazingmarket.ee\/et\/wp-json\/wp\/v2\/product_brand?post=9583"},{"taxonomy":"product_cat","embeddable":true,"href":"https:\/\/amazingmarket.ee\/et\/wp-json\/wp\/v2\/product_cat?post=9583"},{"taxonomy":"product_tag","embeddable":true,"href":"https:\/\/amazingmarket.ee\/et\/wp-json\/wp\/v2\/product_tag?post=9583"}],"curies":[{"name":"wp","href":"https:\/\/api.w.org\/{rel}","templated":true}]}}