{"id":9537,"date":"2025-01-28T10:20:21","date_gmt":"2025-01-28T08:20:21","guid":{"rendered":"https:\/\/amazingmarket.ee\/?post_type=product&#038;p=9537"},"modified":"2026-03-14T11:15:23","modified_gmt":"2026-03-14T09:15:23","slug":"proscenic-p11-smart-cordless-vacuum-cleaner-2","status":"publish","type":"product","link":"https:\/\/amazingmarket.ee\/et\/toode\/proscenic-p11-smart-cordless-vacuum-cleaner-2\/","title":{"rendered":"PROSCENIC P11 nutikas juhtmeta tolmuimeja"},"content":{"rendered":"<h1>V\u00c4HE KASUTATUD, HEAS SEISUKORD<\/h1>\n<h1 class=\"a-size-base-plus a-text-bold\">Selle \u00fcksuse kohta<\/h1>\n<ul class=\"a-unordered-list a-vertical a-spacing-mini\">\n<li class=\"a-spacing-mini\"><span class=\"a-list-item\">\u3010Eemaldatav mopimisalus, mitmek\u00fclgne ja t\u00f5hus puhastuskaaslane\u3011 Juhtmeta tolmuimejal on eemaldatav mopimisalus, mis suurendab selle funktsionaalsust pelgalt tolmuimemisest kaugemale. Sellel on rikkalik 340 ml veepaak, mis tagab p\u00f5hjalike p\u00f5randapesut\u00f6\u00f6de jaoks piisavalt vett. 180-kraadise p\u00f6\u00f6rleva rooliga on takistustest m\u00f6\u00f6da navigeerimine lihtne, tagades sujuva puhastuskogemuse. Selle mitmek\u00fclgse ja t\u00f5husa puhastuskaaslasega j\u00e4tke h\u00fcvasti t\u00f5rksa mustuse ja mustusega.<\/span><\/li>\n<li class=\"a-spacing-mini\"><span class=\"a-list-item\">\u3010Suure j\u00f5udlusega \u00fclivaikne digitaalmootor\u3011 Proscenicu juhtmeta tolmuimejal on suure j\u00f5udlusega \u00fclivaikne digitaalmootor, mis tagab muljetavaldava 450 W v\u00e4ljundv\u00f5imsuse ja 40 kPa tugeva imemise. Selle v\u00f5imas imemisv\u00f5ime muudab selle v\u00e4ga t\u00f5husaks vaipadel ja mitmesugustel muudel pindadel, eemaldades h\u00f5lpsalt lemmikloomade karvad, mustuse ja prahi. Selle t\u00e4iustatud tolmuimejaga saate nautida p\u00f5hjalikku puhastuskogemust ilma m\u00fcrataset h\u00e4irimata, tagades rahuliku keskkonna ja saavutades samal ajal puhtad p\u00f5randad.<\/span><\/li>\n<li class=\"a-spacing-mini\"><span class=\"a-list-item\">\u3010Juhe, kerge ja kabriolett\u3011 P11A Mopping k\u00e4eshoitav tolmuimeja pakub oma juhtmeta ja kerge disainiga v\u00f5rratut mugavust, kaaludes vaid 5,2 naela. Selle mitmek\u00fclgsus paistab silma, kuna see muundub h\u00f5lpsalt k\u00e4eshoitavaks tolmuimejaks, mis on varustatud paljude treppide, autode, m\u00f6\u00f6bli ja muu puhastamiseks m\u00f5eldud tarvikutega. Reguleeritav pikkus tagab mugavuse pesemist\u00f6\u00f6de ajal.<\/span><\/li>\n<li class=\"a-spacing-mini\"><span class=\"a-list-item\">\u3010Lihtsad m\u00e4rguanded, lihtsam puutetundlik juhtimine\u3011 Pardal olev v\u00e4rviline LED-ekraan ja puutepaneeli monitor aku taset, kolm puhastusre\u017eiimi ja veateated tagavad nutika lehtpuidust p\u00f5randapuhastuskogemuse.<\/span><\/li>\n<li class=\"a-spacing-mini\"><span class=\"a-list-item\">\u3010V\u00f5imas LED-tuled valgustavad varjatud prahti\u3011 LED-valgustusega mitme pinnaga harja lisamine v\u00e4ikesele vaakumile on t\u00e4helepanuv\u00e4\u00e4rne uuendus. Need v\u00f5imsad LED-tuled valgustavad peidetud prahti, muutes isegi k\u00f5ige ebaselgemate mustuseosakeste leidmise ja puhastamise lihtsamaks. Koos mitmek\u00fclgse mitme pinnaga harja disainiga suurendab see funktsioon oluliselt puhastamise t\u00f5husust.<\/span><\/li>\n<\/ul>","protected":false},"excerpt":{"rendered":"<h2>Tooteteave<\/h2>\n<div class=\"a-row a-spacing-top-base\">\n<div class=\"a-column a-span6\">\n<div class=\"a-row a-spacing-base\">\n<div class=\"a-section table-padding\">\n<table id=\"productDetails_detailBullets_sections1\" class=\"a-keyvalue prodDetTable\" role=\"presentation\">\n<tbody>\n<tr>\n<th class=\"a-color-secondary a-size-base prodDetSectionEntry\">Kaubam\u00e4rk<\/th>\n<td class=\"a-size-base prodDetAttrValue\">Prostseeniline<\/td>\n<\/tr>\n<tr>\n<th class=\"a-color-secondary a-size-base prodDetSectionEntry\">Erifunktsioon<\/th>\n<td class=\"a-size-base prodDetAttrValue\">M\u00e4rg\/kuiv, kerge, juhtmeta, esituled, HEPA-filtriga<\/td>\n<\/tr>\n<tr>\n<th class=\"a-color-secondary a-size-base prodDetSectionEntry\">Filtri t\u00fc\u00fcp<\/th>\n<td class=\"a-size-base prodDetAttrValue\">Vaht, HEPA filter<\/td>\n<\/tr>\n<tr>\n<th class=\"a-color-secondary a-size-base prodDetSectionEntry\">Kaasasolevad komponendid<\/th>\n<td class=\"a-size-base prodDetAttrValue\">Aku*1,2-\u00fches tolmuhari*1,kasutusjuhend*1,pilut\u00f6\u00f6riist*1,p\u00f5randahari*1,teleskooptoru*1,peakorpus*1,\u00f5hu sisselaskeava HEPA*2,seinakinnitus*1,toiteadapter*1,rullhari*1,pesulapp*1,veepaak*1<\/td>\n<\/tr>\n<tr>\n<th class=\"a-color-secondary a-size-base prodDetSectionEntry\">Kas Juhtmeta?<\/th>\n<td class=\"a-size-base prodDetAttrValue\">Jah<\/td>\n<\/tr>\n<tr>\n<th class=\"a-color-secondary a-size-base prodDetSectionEntry\">Mahutavus<\/th>\n<td class=\"a-size-base prodDetAttrValue\">650 milliliitrit<\/td>\n<\/tr>\n<tr>\n<th class=\"a-color-secondary a-size-base prodDetSectionEntry\">V\u00f5imsus<\/th>\n<td class=\"a-size-base prodDetAttrValue\">450 vatti<\/td>\n<\/tr>\n<tr>\n<th class=\"a-color-secondary a-size-base prodDetSectionEntry\">Kestus<\/th>\n<td class=\"a-size-base prodDetAttrValue\">50 minutit<\/td>\n<\/tr>\n<tr>\n<th class=\"a-color-secondary a-size-base prodDetSectionEntry\">Laadimisaeg<\/th>\n<td class=\"a-size-base prodDetAttrValue\">4 tundi<\/td>\n<\/tr>\n<tr>\n<th class=\"a-color-secondary a-size-base prodDetSectionEntry\">Toote soovitatavad kasutusalad<\/th>\n<td class=\"a-size-base prodDetAttrValue\">Auto, lemmikloomade juuksed, pihuarvuti, kodu<\/td>\n<\/tr>\n<tr>\n<th class=\"a-color-secondary a-size-base prodDetSectionEntry\">Vormitegur<\/th>\n<td class=\"a-size-base prodDetAttrValue\">Pulk<\/td>\n<\/tr>\n<tr>\n<th class=\"a-color-secondary a-size-base prodDetSectionEntry\">V\u00e4rv<\/th>\n<td class=\"a-size-base prodDetAttrValue\">Hall<\/td>\n<\/tr>\n<tr>\n<th class=\"a-color-secondary a-size-base prodDetSectionEntry\">Mudeli nimi<\/th>\n<td class=\"a-size-base prodDetAttrValue\">P11 Moppamine<\/td>\n<\/tr>\n<tr>\n<th class=\"a-color-secondary a-size-base prodDetSectionEntry\">Toote m\u00f5\u00f5tmed<\/th>\n<td class=\"a-size-base prodDetAttrValue\">13 tolli (P x 4,7&quot; L x 9&quot; K).<\/td>\n<\/tr>\n<tr>\n<th class=\"a-color-secondary a-size-base prodDetSectionEntry\">Aku kirjeldus<\/th>\n<td class=\"a-size-base prodDetAttrValue\">Liitium-ioon<\/td>\n<\/tr>\n<tr>\n<th class=\"a-color-secondary a-size-base prodDetSectionEntry\">M\u00fcra tase<\/th>\n<td class=\"a-size-base prodDetAttrValue\">78 dB<\/td>\n<\/tr>\n<tr>\n<th class=\"a-color-secondary a-size-base prodDetSectionEntry\">Aku t\u00f6\u00f6iga<\/th>\n<td class=\"a-size-base prodDetAttrValue\">22,5 minutit<\/td>\n<\/tr>\n<tr>\n<th class=\"a-color-secondary a-size-base prodDetSectionEntry\">Tootja<\/th>\n<td class=\"a-size-base prodDetAttrValue\">Prostseeniline<\/td>\n<\/tr>\n<tr>\n<th class=\"a-color-secondary a-size-base prodDetSectionEntry\">Artiklite arv<\/th>\n<td class=\"a-size-base prodDetAttrValue\">1<\/td>\n<\/tr>\n<tr>\n<th class=\"a-color-secondary a-size-base prodDetSectionEntry\">Kontrolleri t\u00fc\u00fcp<\/th>\n<td class=\"a-size-base prodDetAttrValue\">Vajutusnupp<\/td>\n<\/tr>\n<tr>\n<th class=\"a-color-secondary a-size-base prodDetSectionEntry\">Mootori hobuj\u00f5ud<\/th>\n<td class=\"a-size-base prodDetAttrValue\">0,536 hobuj\u00f5udu<\/td>\n<\/tr>\n<tr>\n<th class=\"a-color-secondary a-size-base prodDetSectionEntry\">Stiil<\/th>\n<td class=\"a-size-base prodDetAttrValue\">Kaasaegne<\/td>\n<\/tr>\n<tr>\n<th class=\"a-color-secondary a-size-base prodDetSectionEntry\">Kaasaskantav<\/th>\n<td class=\"a-size-base prodDetAttrValue\">Jah<\/td>\n<\/tr>\n<tr>\n<th class=\"a-color-secondary a-size-base prodDetSectionEntry\">K\u00e4epidemete arv<\/th>\n<td class=\"a-size-base prodDetAttrValue\">1<\/td>\n<\/tr>\n<tr>\n<th class=\"a-color-secondary a-size-base prodDetSectionEntry\">V\u00f5imsustasemete arv<\/th>\n<td class=\"a-size-base prodDetAttrValue\">3<\/td>\n<\/tr>\n<tr>\n<th class=\"a-color-secondary a-size-base prodDetSectionEntry\">Seerianumber<\/th>\n<td class=\"a-size-base prodDetAttrValue\">11<\/td>\n<\/tr>\n<tr>\n<th class=\"a-color-secondary a-size-base prodDetSectionEntry\">Kasutamine siseruumides\/v\u00e4listingimustes<\/th>\n<td class=\"a-size-base prodDetAttrValue\">Siseruumides<\/td>\n<\/tr>\n<tr>\n<th class=\"a-color-secondary a-size-base prodDetSectionEntry\">Kauba kaal<\/th>\n<td class=\"a-size-base prodDetAttrValue\">4,29 naela<\/td>\n<\/tr>\n<tr>\n<th class=\"a-color-secondary a-size-base prodDetSectionEntry\">ASIN<\/th>\n<td class=\"a-size-base prodDetAttrValue\">B0D472QY9G<\/td>\n<\/tr>\n<tr>\n<th class=\"a-color-secondary a-size-base prodDetSectionEntry\">P\u00e4ritoluriik<\/th>\n<td class=\"a-size-base prodDetAttrValue\">Hiina<\/td>\n<\/tr>\n<tr>\n<th class=\"a-color-secondary a-size-base prodDetSectionEntry\">Kauba mudeli number<\/th>\n<td class=\"a-size-base prodDetAttrValue\">P11 Mopping<\/td>\n<\/tr>\n<\/tbody>\n<\/table>\n<\/div>\n<\/div>\n<\/div>\n<\/div>","protected":false},"featured_media":10425,"comment_status":"open","ping_status":"closed","template":"","meta":{"_monsterinsights_skip_tracking":false,"_monsterinsights_sitenote_active":false,"_monsterinsights_sitenote_note":"","_monsterinsights_sitenote_category":0,"jetpack_publicize_message":"","jetpack_publicize_feature_enabled":true,"jetpack_social_post_already_shared":false,"jetpack_social_options":{"image_generator_settings":{"template":"highway","default_image_id":0,"font":"","enabled":false},"version":2}},"product_brand":[],"product_cat":[101,102],"product_tag":[],"class_list":{"0":"post-9537","1":"product","2":"type-product","3":"status-publish","4":"has-post-thumbnail","6":"product_cat-cordless-vacuum-cleaners","7":"product_cat-vacuum-cleaners","9":"first","10":"instock","11":"sale","12":"shipping-taxable","13":"purchasable","14":"product-type-simple"},"aioseo_notices":[],"jetpack_publicize_connections":[],"jetpack_sharing_enabled":true,"_links":{"self":[{"href":"https:\/\/amazingmarket.ee\/et\/wp-json\/wp\/v2\/product\/9537","targetHints":{"allow":["GET"]}}],"collection":[{"href":"https:\/\/amazingmarket.ee\/et\/wp-json\/wp\/v2\/product"}],"about":[{"href":"https:\/\/amazingmarket.ee\/et\/wp-json\/wp\/v2\/types\/product"}],"replies":[{"embeddable":true,"href":"https:\/\/amazingmarket.ee\/et\/wp-json\/wp\/v2\/comments?post=9537"}],"wp:featuredmedia":[{"embeddable":true,"href":"https:\/\/amazingmarket.ee\/et\/wp-json\/wp\/v2\/media\/10425"}],"wp:attachment":[{"href":"https:\/\/amazingmarket.ee\/et\/wp-json\/wp\/v2\/media?parent=9537"}],"wp:term":[{"taxonomy":"product_brand","embeddable":true,"href":"https:\/\/amazingmarket.ee\/et\/wp-json\/wp\/v2\/product_brand?post=9537"},{"taxonomy":"product_cat","embeddable":true,"href":"https:\/\/amazingmarket.ee\/et\/wp-json\/wp\/v2\/product_cat?post=9537"},{"taxonomy":"product_tag","embeddable":true,"href":"https:\/\/amazingmarket.ee\/et\/wp-json\/wp\/v2\/product_tag?post=9537"}],"curies":[{"name":"wp","href":"https:\/\/api.w.org\/{rel}","templated":true}]}}