{"id":9463,"date":"2025-01-24T16:34:41","date_gmt":"2025-01-24T14:34:41","guid":{"rendered":"https:\/\/amazingmarket.ee\/?post_type=product&#038;p=9463"},"modified":"2026-03-14T11:15:23","modified_gmt":"2026-03-14T09:15:23","slug":"venga-vg-ha-3000-multifunctional-robot-cooker","status":"publish","type":"product","link":"https:\/\/amazingmarket.ee\/et\/toode\/venga-vg-ha-3000-multifunctional-robot-cooker\/","title":{"rendered":"Venga! VG HA 3000 multifunktsionaalne robotpliit"},"content":{"rendered":"<h1>DEMO<\/h1>\n<h1 class=\"a-size-base-plus a-text-bold\">Selle \u00fcksuse kohta<\/h1>\n<ul class=\"a-unordered-list a-vertical a-spacing-mini\">\n<li class=\"a-spacing-mini\"><span class=\"a-list-item\">See multifunktsionaalne k\u00f6\u00f6girobot on t\u00e4nu suurele p\u00f6\u00f6rlevale rattale h\u00f5lpsasti kasutatav. VG HA 3000 on mikser, hakkija, riiv ja kastrul \u2013 k\u00f5ik \u00fches, s\u00e4\u00e4stes aega ja muutes toiduvalmistamise imelihtsaks. Sellel on ka integreeritud kaal, mis v\u00f5imaldab kaaluda 1 grammist kuni 5 kilogrammini.<\/span><\/li>\n<li class=\"a-spacing-mini\"><span class=\"a-list-item\">10 automaatset ettevalmistus-\/k\u00fcpsetusprogrammi saab kombineerida kaasasolevate 4 lisatarvikuga, mis muudab need erakordselt mitmek\u00fclgseks. \u201eIsetegemise\u201c programmiga saate k\u00e4sitsi seadistada soovitud k\u00fcpsetusaja, temperatuuri ja kiiruse, nii et saate kodus h\u00f5lpsalt valmistada k\u00f5iki maailma retsepte.<\/span><\/li>\n<li class=\"a-spacing-mini\"><span class=\"a-list-item\">2-liitrisel roostevabast terasest kausil on integreeritud k\u00e4epide ja turvaline kaane sulgur. Reguleeritav k\u00fcpsetustemperatuur vahemikus 30\u2013120 \u00b0C koos taimeriga kuni 1 tund ja 40 minutit: ideaalne praadimiseks, keetmiseks ja hautamiseks. Komplektis on suur kahetasandiline k\u00fcpsetuskorv aurutamiseks ja \u00fcmmargune korv k\u00f6\u00f6giviljade ja kala vees keetmiseks.<\/span><\/li>\n<li class=\"a-spacing-mini\"><span class=\"a-list-item\">Sisaldab retseptiraamatut suppide, eelroogade, pearoogade ja magustoitudega seitsmes keeles. Elegantne seade moodsa ja ajatu disainiga, valges v\u00e4rvitoonis mustade \u00e4\u00e4ristega. Suur ja h\u00f5lpsasti loetav LCD-ekraan. Kompaktne suurus v\u00e4ikese jalaj\u00e4lje ja h\u00f5lpsa puhastamise tagamiseks. 2 k\u00e4epidet h\u00f5lpsaks transportimiseks ja 4 iminappaga jalga suure stabiilsuse tagamiseks.<\/span><\/li>\n<li class=\"a-spacing-mini\"><span class=\"a-list-item\">Sisaldab: 1 k\u00f6\u00f6gikombaini kaaluga, 1 keedupotti, 2 aurutuskorvi, 1 veekeetja korvi, 2 kaant m\u00f5\u00f5tetopsidega, 1 nuga 4 teraga, 1 riiv ja k\u00f6\u00f6giviljade l\u00f5ikeketas, 1 liblikmikser, 1 kahe labaga mikser ja 1 spaatel, 1 kasutusjuhendit ja 1 retseptiraamatut 7 keeles (inglise, saksa, prantsuse, hispaania, itaalia, hollandi, portugali). V\u00e4rv: valge\/must, VG HA 3000<\/span><\/li>\n<\/ul>","protected":false},"excerpt":{"rendered":"<div class=\"a-row\">\n<div class=\"a-column a-span6\">\n<h1 class=\"a-size-medium a-spacing-small\">Tehnilised \u00fcksikasjad<\/h1>\n<\/div>\n<\/div>\n<div class=\"a-expander-content a-expander-extend-content\" data-expanded=\"true\">\n<div class=\"a-row a-expander-container a-expander-inline-container\">\n<div class=\"a-expander-content a-expander-section-content a-section-expander-inner\" data-expanded=\"true\">\n<table id=\"productDetails_techSpec_section_1\" class=\"a-keyvalue prodDetTable\" role=\"presentation\">\n<tbody>\n<tr>\n<th class=\"a-color-secondary a-size-base prodDetSectionEntry\">Kaubam\u00e4rk<\/th>\n<td class=\"a-size-base prodDetAttrValue\">K\u00e4ibemaks!<\/td>\n<\/tr>\n<tr>\n<th class=\"a-color-secondary a-size-base prodDetSectionEntry\">Mudeli number<\/th>\n<td class=\"a-size-base prodDetAttrValue\">VG HA 3000<\/td>\n<\/tr>\n<tr>\n<th class=\"a-color-secondary a-size-base prodDetSectionEntry\">V\u00e4rv<\/th>\n<td class=\"a-size-base prodDetAttrValue\">Must<\/td>\n<\/tr>\n<tr>\n<th class=\"a-color-secondary a-size-base prodDetSectionEntry\">Toote m\u00f5\u00f5tmed<\/th>\n<td class=\"a-size-base prodDetAttrValue\">25 x 38 x 41 cm; 10,46 kg<\/td>\n<\/tr>\n<tr>\n<th class=\"a-color-secondary a-size-base prodDetSectionEntry\">Kiiruste arv<\/th>\n<td class=\"a-size-base prodDetAttrValue\">10<\/td>\n<\/tr>\n<tr>\n<th class=\"a-color-secondary a-size-base prodDetSectionEntry\">Eriomadused<\/th>\n<td class=\"a-size-base prodDetAttrValue\">Mitmed erifunktsioonid, n\u00e4iteks sisseehitatud kaal, 10 automaatset k\u00fcpsetusprogrammi ja isetegemise programm k\u00fcpsetusaja ja temperatuuri kiiruse k\u00e4sitsi reguleerimiseks. Toote \u00fcksikasjades ei ole aga otseselt mainitud integreeritud hakklihamasinat.<\/td>\n<\/tr>\n<tr>\n<th class=\"a-color-secondary a-size-base prodDetSectionEntry\">Kauba kaal<\/th>\n<td class=\"a-size-base prodDetAttrValue\">10,5 kilogrammi<\/td>\n<\/tr>\n<\/tbody>\n<\/table>\n<\/div>\n<\/div>\n<\/div>","protected":false},"featured_media":9470,"comment_status":"open","ping_status":"closed","template":"","meta":{"_monsterinsights_skip_tracking":false,"_monsterinsights_sitenote_active":false,"_monsterinsights_sitenote_note":"","_monsterinsights_sitenote_category":0,"jetpack_publicize_message":"","jetpack_publicize_feature_enabled":true,"jetpack_social_post_already_shared":false,"jetpack_social_options":{"image_generator_settings":{"template":"highway","default_image_id":0,"font":"","enabled":false},"version":2}},"product_brand":[],"product_cat":[93,78],"product_tag":[],"class_list":{"0":"post-9463","1":"product","2":"type-product","3":"status-publish","4":"has-post-thumbnail","6":"product_cat-multicookers-and-pressure-cookers","7":"product_cat-food-processors","9":"first","10":"instock","11":"sale","12":"shipping-taxable","13":"purchasable","14":"product-type-simple"},"aioseo_notices":[],"jetpack_publicize_connections":[],"jetpack_sharing_enabled":true,"_links":{"self":[{"href":"https:\/\/amazingmarket.ee\/et\/wp-json\/wp\/v2\/product\/9463","targetHints":{"allow":["GET"]}}],"collection":[{"href":"https:\/\/amazingmarket.ee\/et\/wp-json\/wp\/v2\/product"}],"about":[{"href":"https:\/\/amazingmarket.ee\/et\/wp-json\/wp\/v2\/types\/product"}],"replies":[{"embeddable":true,"href":"https:\/\/amazingmarket.ee\/et\/wp-json\/wp\/v2\/comments?post=9463"}],"wp:featuredmedia":[{"embeddable":true,"href":"https:\/\/amazingmarket.ee\/et\/wp-json\/wp\/v2\/media\/9470"}],"wp:attachment":[{"href":"https:\/\/amazingmarket.ee\/et\/wp-json\/wp\/v2\/media?parent=9463"}],"wp:term":[{"taxonomy":"product_brand","embeddable":true,"href":"https:\/\/amazingmarket.ee\/et\/wp-json\/wp\/v2\/product_brand?post=9463"},{"taxonomy":"product_cat","embeddable":true,"href":"https:\/\/amazingmarket.ee\/et\/wp-json\/wp\/v2\/product_cat?post=9463"},{"taxonomy":"product_tag","embeddable":true,"href":"https:\/\/amazingmarket.ee\/et\/wp-json\/wp\/v2\/product_tag?post=9463"}],"curies":[{"name":"wp","href":"https:\/\/api.w.org\/{rel}","templated":true}]}}