{"id":944,"date":"2024-01-30T14:29:27","date_gmt":"2024-01-30T14:29:27","guid":{"rendered":"https:\/\/amazingmarket.ee\/?post_type=product&#038;p=944"},"modified":"2026-03-14T11:15:31","modified_gmt":"2026-03-14T09:15:31","slug":"beper-forno-ventilato-multifunzione","status":"publish","type":"product","link":"https:\/\/amazingmarket.ee\/et\/toode\/beper-forno-ventilato-multifunzione\/","title":{"rendered":"Beper Forno Ventilato Multifunzione"},"content":{"rendered":"<p>Beper Forno Ventilato Multifunzione on Itaalia multifunktsionaalne ventileeritav ahi, mis on loodud vastama erinevatele toiduvalmistamisvajadustele. See on varustatud ventilaatoriga, mis tagab \u00fchtlase kuumuse jaotuse ja tagab t\u00e4iuslikud k\u00fcpsetamise, r\u00f6stimise ja grillimise tulemused. Sellel ahjul on tavaliselt erinevad k\u00fcpsetusre\u017eiimid, nagu p\u00f6\u00f6rdp\u00f6\u00f6rlemine, grill, sulatus jne, mist\u00f5ttu on see mitmek\u00fclgne t\u00f6\u00f6riist mitmesuguste roogade valmistamiseks.<\/p>","protected":false},"excerpt":{"rendered":"<p>Beper Forno Ventilato Multifunzione pakub oma t\u00e4iustatud funktsioonide ja t\u00e4pse soojusjaotusega mitmek\u00fclgseid toiduvalmistamisv\u00f5imalusi. Ideaalne k\u00fcpsetamiseks, r\u00f6stimiseks ja grillimiseks, see on kulinaarsete entusiastide jaoks h\u00e4davajalik k\u00f6\u00f6giseade.<\/p>","protected":false},"featured_media":1196,"comment_status":"open","ping_status":"closed","template":"","meta":{"_monsterinsights_skip_tracking":false,"_monsterinsights_sitenote_active":false,"_monsterinsights_sitenote_note":"","_monsterinsights_sitenote_category":0,"jetpack_publicize_message":"","jetpack_publicize_feature_enabled":true,"jetpack_social_post_already_shared":false,"jetpack_social_options":{"image_generator_settings":{"template":"highway","default_image_id":0,"font":"","enabled":false},"version":2}},"product_brand":[],"product_cat":[71],"product_tag":[],"class_list":{"0":"post-944","1":"product","2":"type-product","3":"status-publish","4":"has-post-thumbnail","6":"product_cat-airfryers","8":"first","9":"instock","10":"sale","11":"shipping-taxable","12":"purchasable","13":"product-type-simple"},"aioseo_notices":[],"jetpack_publicize_connections":[],"jetpack_sharing_enabled":true,"_links":{"self":[{"href":"https:\/\/amazingmarket.ee\/et\/wp-json\/wp\/v2\/product\/944","targetHints":{"allow":["GET"]}}],"collection":[{"href":"https:\/\/amazingmarket.ee\/et\/wp-json\/wp\/v2\/product"}],"about":[{"href":"https:\/\/amazingmarket.ee\/et\/wp-json\/wp\/v2\/types\/product"}],"replies":[{"embeddable":true,"href":"https:\/\/amazingmarket.ee\/et\/wp-json\/wp\/v2\/comments?post=944"}],"wp:featuredmedia":[{"embeddable":true,"href":"https:\/\/amazingmarket.ee\/et\/wp-json\/wp\/v2\/media\/1196"}],"wp:attachment":[{"href":"https:\/\/amazingmarket.ee\/et\/wp-json\/wp\/v2\/media?parent=944"}],"wp:term":[{"taxonomy":"product_brand","embeddable":true,"href":"https:\/\/amazingmarket.ee\/et\/wp-json\/wp\/v2\/product_brand?post=944"},{"taxonomy":"product_cat","embeddable":true,"href":"https:\/\/amazingmarket.ee\/et\/wp-json\/wp\/v2\/product_cat?post=944"},{"taxonomy":"product_tag","embeddable":true,"href":"https:\/\/amazingmarket.ee\/et\/wp-json\/wp\/v2\/product_tag?post=944"}],"curies":[{"name":"wp","href":"https:\/\/api.w.org\/{rel}","templated":true}]}}