{"id":9410,"date":"2025-01-23T15:23:00","date_gmt":"2025-01-23T13:23:00","guid":{"rendered":"https:\/\/amazingmarket.ee\/?post_type=product&#038;p=9410"},"modified":"2026-03-14T11:15:23","modified_gmt":"2026-03-14T09:15:23","slug":"rowenta-ro2913ea-compact-cyclonic-vacuum-cleaner","status":"publish","type":"product","link":"https:\/\/amazingmarket.ee\/et\/toode\/rowenta-ro2913ea-compact-cyclonic-vacuum-cleaner\/","title":{"rendered":"Rowenta RO2913EA kompaktne ts\u00fcklontolmuimeja"},"content":{"rendered":"<h1>V\u00c4HE KASUTATUD, HEAS SEISUKORD<\/h1>\n<h1 class=\"a-size-base-plus a-text-bold\">Selle \u00fcksuse kohta<\/h1>\n<ul class=\"a-unordered-list a-vertical a-spacing-mini\">\n<li class=\"a-spacing-mini\"><span class=\"a-list-item\">V\u00f5imas t\u00e4iustatud ts\u00fcklontehnoloogia tagab k\u00f5rge \u00f5hu- ja tolmueraldusv\u00f5ime, mis tagab k\u00f5rge puhastustulemuse ja kauakestvad tulemused.<\/span><\/li>\n<li class=\"a-spacing-mini\"><span class=\"a-list-item\">25 jala k\u00f5rgune kaabel tagab suure j\u00f5udlusega puhastamiseks erakordse katvuse.<\/span><\/li>\n<li class=\"a-spacing-mini\"><span class=\"a-list-item\">Kompaktne disain, sobib ideaalselt v\u00e4ikestesse eluruumidesse.<\/span><\/li>\n<li class=\"a-spacing-mini\"><span class=\"a-list-item\">Suure t\u00f5hususega imemishari ja Effitechi mootor tagavad veatu kodukeskkonna<\/span><\/li>\n<li class=\"a-spacing-mini\"><span class=\"a-list-item\">K\u00f5rge efektiivsusega filterfilter 99.98% tolmu ja tagab tervisliku keskkonna.<\/span><\/li>\n<li class=\"a-spacing-mini\"><span class=\"a-list-item\">Lihtsalt puhastatav tolmupaak muudab puhastamise ja t\u00fchjendamise lihtsaks<\/span><\/li>\n<\/ul>","protected":false},"excerpt":{"rendered":"<div class=\"a-row\">\n<div class=\"a-column a-span6\">\n<h1 class=\"a-size-medium a-spacing-small\">Technical Details<\/h1>\n<\/div>\n<\/div>\n<div class=\"a-expander-content a-expander-extend-content\" data-expanded=\"true\">\n<div class=\"a-row a-expander-container a-expander-inline-container\">\n<div class=\"a-expander-content a-expander-section-content a-section-expander-inner\" data-expanded=\"true\">\n<table id=\"productDetails_techSpec_section_1\" class=\"a-keyvalue prodDetTable\" role=\"presentation\">\n<tbody>\n<tr>\n<th class=\"a-color-secondary a-size-base prodDetSectionEntry\">Product Dimensions<\/th>\n<td class=\"a-size-base prodDetAttrValue\">\u200e37 x 25.5 x 30.4 cm; 5.46 kg<\/td>\n<\/tr>\n<tr>\n<th class=\"a-color-secondary a-size-base prodDetSectionEntry\">Form Factor<\/th>\n<td class=\"a-size-base prodDetAttrValue\">\u200eCannister<\/td>\n<\/tr>\n<tr>\n<th class=\"a-color-secondary a-size-base prodDetSectionEntry\">Finish types<\/th>\n<td class=\"a-size-base prodDetAttrValue\">\u200e[PO]<\/td>\n<\/tr>\n<tr>\n<th class=\"a-color-secondary a-size-base prodDetSectionEntry\">Number of pieces<\/th>\n<td class=\"a-size-base prodDetAttrValue\">\u200e1<\/td>\n<\/tr>\n<tr>\n<th class=\"a-color-secondary a-size-base prodDetSectionEntry\">Batteries required<\/th>\n<td class=\"a-size-base prodDetAttrValue\">\u200eNo<\/td>\n<\/tr>\n<tr>\n<th class=\"a-color-secondary a-size-base prodDetSectionEntry\">Included components<\/th>\n<td class=\"a-size-base prodDetAttrValue\">\u200eBrushes, Filter, Vacuum Cleaner, User manual<\/td>\n<\/tr>\n<\/tbody>\n<\/table>\n<\/div>\n<\/div>\n<\/div>\n","protected":false},"featured_media":10429,"comment_status":"open","ping_status":"closed","template":"","meta":{"_monsterinsights_skip_tracking":false,"_monsterinsights_sitenote_active":false,"_monsterinsights_sitenote_note":"","_monsterinsights_sitenote_category":0,"jetpack_publicize_message":"","jetpack_publicize_feature_enabled":true,"jetpack_social_post_already_shared":false,"jetpack_social_options":{"image_generator_settings":{"template":"highway","default_image_id":0,"font":"","enabled":false},"version":2}},"product_brand":[],"product_cat":[102,154],"product_tag":[],"class_list":{"0":"post-9410","1":"product","2":"type-product","3":"status-publish","4":"has-post-thumbnail","6":"product_cat-vacuum-cleaners","7":"product_cat-wired-vacuum-cleaners","9":"first","10":"instock","11":"sale","12":"shipping-taxable","13":"purchasable","14":"product-type-simple"},"aioseo_notices":[],"jetpack_publicize_connections":[],"jetpack_sharing_enabled":true,"_links":{"self":[{"href":"https:\/\/amazingmarket.ee\/et\/wp-json\/wp\/v2\/product\/9410","targetHints":{"allow":["GET"]}}],"collection":[{"href":"https:\/\/amazingmarket.ee\/et\/wp-json\/wp\/v2\/product"}],"about":[{"href":"https:\/\/amazingmarket.ee\/et\/wp-json\/wp\/v2\/types\/product"}],"replies":[{"embeddable":true,"href":"https:\/\/amazingmarket.ee\/et\/wp-json\/wp\/v2\/comments?post=9410"}],"wp:featuredmedia":[{"embeddable":true,"href":"https:\/\/amazingmarket.ee\/et\/wp-json\/wp\/v2\/media\/10429"}],"wp:attachment":[{"href":"https:\/\/amazingmarket.ee\/et\/wp-json\/wp\/v2\/media?parent=9410"}],"wp:term":[{"taxonomy":"product_brand","embeddable":true,"href":"https:\/\/amazingmarket.ee\/et\/wp-json\/wp\/v2\/product_brand?post=9410"},{"taxonomy":"product_cat","embeddable":true,"href":"https:\/\/amazingmarket.ee\/et\/wp-json\/wp\/v2\/product_cat?post=9410"},{"taxonomy":"product_tag","embeddable":true,"href":"https:\/\/amazingmarket.ee\/et\/wp-json\/wp\/v2\/product_tag?post=9410"}],"curies":[{"name":"wp","href":"https:\/\/api.w.org\/{rel}","templated":true}]}}