{"id":9370,"date":"2025-01-20T16:55:40","date_gmt":"2025-01-20T14:55:40","guid":{"rendered":"https:\/\/amazingmarket.ee\/?post_type=product&#038;p=9370"},"modified":"2026-03-14T11:15:23","modified_gmt":"2026-03-14T09:15:23","slug":"rowenta-silence-steam-pro-dg9226","status":"publish","type":"product","link":"https:\/\/amazingmarket.ee\/et\/toode\/rowenta-silence-steam-pro-dg9226\/","title":{"rendered":"ROWENTA SILENCE STEAM PRO DG9226"},"content":{"rendered":"<h1>V\u00c4HE KASUTATUD, V\u00c4IKE T\u00dcKK ON KATKI<\/h1>\n<h1 class=\"a-size-base-plus a-text-bold\">Selle \u00fcksuse kohta<\/h1>\n<ul class=\"a-unordered-list a-vertical a-spacing-mini\">\n<li class=\"a-spacing-mini\"><span class=\"a-list-item\">Veekeetja: Rowenta Silence Steam PRO aurutriikraud on varustatud vaikse survekeetjaga; t\u00e4nu pidevale auruv\u00f5imsusele 140 g\/min eemaldab see k\u00f5ik kortsud.<\/span><\/li>\n<li class=\"a-spacing-mini\"><span class=\"a-list-item\">V\u00d5IMAS Rowenta aurutriikraua tehnoloogia koos k\u00f5rgsurve ja piiramatu t\u00f6\u00f6ajaga tagab professionaalsed tulemused; 7,5-baarine aurur\u00f5hk v\u00f5imaldab kiireid ja veatuid triikimisseansse.<\/span><\/li>\n<li class=\"a-spacing-mini\"><span class=\"a-list-item\">AURULISAND Integreeritud s\u00fcsteem pakub v\u00f5imsat 620 g\/min aurulisandit, mis koondub triikraua otsa, mis sobib ideaalselt paksude kangaste jaoks ja isegi kangekaelsete kortsude vastu v\u00f5itlemiseks.<\/span><\/li>\n<li class=\"a-spacing-mini\"><span class=\"a-list-item\">PIKAKESTEV J\u00d5UDLUS Patenteeritud katlakivivastane s\u00fcsteem p\u00fc\u00fcab katlakivi kinni kuni 10 korda t\u00f5husamalt kui teised sama t\u00fc\u00fcpi seadmed turul, tagades p\u00fcsiva j\u00f5udluse.<\/span><\/li>\n<li class=\"a-spacing-mini\"><span class=\"a-list-item\">KESKKONNAS\u00d5BRALIK S\u00e4\u00e4sta kuni 30% vett ja energiat \u00f6kointelligentse re\u017eiimiga; keskkonnas\u00f5bralik disain on valmistatud kuni 45% taaskasutatud materjalist<\/span><\/li>\n<\/ul>","protected":false},"excerpt":{"rendered":"<div class=\"a-row\">\n<div class=\"a-column a-span6\">\n<h1 class=\"a-size-medium a-spacing-small\">Tehnilised \u00fcksikasjad<\/h1>\n<\/div>\n<\/div>\n<div class=\"a-expander-content a-expander-extend-content\" data-expanded=\"true\">\n<div class=\"a-row a-expander-container a-expander-inline-container\">\n<div class=\"a-expander-content a-expander-section-content a-section-expander-inner\" data-expanded=\"true\">\n<table id=\"productDetails_techSpec_section_1\" class=\"a-keyvalue prodDetTable\" role=\"presentation\">\n<tbody>\n<tr>\n<th class=\"a-color-secondary a-size-base prodDetSectionEntry\">Toote m\u00f5\u00f5tmed<\/th>\n<td class=\"a-size-base prodDetAttrValue\">45 x 28 x 34,5 cm; 6,21 kg<\/td>\n<\/tr>\n<tr>\n<th class=\"a-color-secondary a-size-base prodDetSectionEntry\">T\u00fckkide arv<\/th>\n<td class=\"a-size-base prodDetAttrValue\">1<\/td>\n<\/tr>\n<tr>\n<th class=\"a-color-secondary a-size-base prodDetSectionEntry\">N\u00f5utavad patareid<\/th>\n<td class=\"a-size-base prodDetAttrValue\">Ei<\/td>\n<\/tr>\n<\/tbody>\n<\/table>\n<\/div>\n<\/div>\n<\/div>","protected":false},"featured_media":9376,"comment_status":"open","ping_status":"closed","template":"","meta":{"_monsterinsights_skip_tracking":false,"_monsterinsights_sitenote_active":false,"_monsterinsights_sitenote_note":"","_monsterinsights_sitenote_category":0,"jetpack_publicize_message":"","jetpack_publicize_feature_enabled":true,"jetpack_social_post_already_shared":false,"jetpack_social_options":{"image_generator_settings":{"template":"highway","default_image_id":0,"font":"","enabled":false},"version":2}},"product_brand":[],"product_cat":[128],"product_tag":[],"class_list":{"0":"post-9370","1":"product","2":"type-product","3":"status-publish","4":"has-post-thumbnail","6":"product_cat-steam-iron","8":"first","9":"instock","10":"sale","11":"shipping-taxable","12":"purchasable","13":"product-type-simple"},"aioseo_notices":[],"jetpack_publicize_connections":[],"jetpack_sharing_enabled":true,"_links":{"self":[{"href":"https:\/\/amazingmarket.ee\/et\/wp-json\/wp\/v2\/product\/9370","targetHints":{"allow":["GET"]}}],"collection":[{"href":"https:\/\/amazingmarket.ee\/et\/wp-json\/wp\/v2\/product"}],"about":[{"href":"https:\/\/amazingmarket.ee\/et\/wp-json\/wp\/v2\/types\/product"}],"replies":[{"embeddable":true,"href":"https:\/\/amazingmarket.ee\/et\/wp-json\/wp\/v2\/comments?post=9370"}],"wp:featuredmedia":[{"embeddable":true,"href":"https:\/\/amazingmarket.ee\/et\/wp-json\/wp\/v2\/media\/9376"}],"wp:attachment":[{"href":"https:\/\/amazingmarket.ee\/et\/wp-json\/wp\/v2\/media?parent=9370"}],"wp:term":[{"taxonomy":"product_brand","embeddable":true,"href":"https:\/\/amazingmarket.ee\/et\/wp-json\/wp\/v2\/product_brand?post=9370"},{"taxonomy":"product_cat","embeddable":true,"href":"https:\/\/amazingmarket.ee\/et\/wp-json\/wp\/v2\/product_cat?post=9370"},{"taxonomy":"product_tag","embeddable":true,"href":"https:\/\/amazingmarket.ee\/et\/wp-json\/wp\/v2\/product_tag?post=9370"}],"curies":[{"name":"wp","href":"https:\/\/api.w.org\/{rel}","templated":true}]}}