{"id":9283,"date":"2025-01-17T15:27:52","date_gmt":"2025-01-17T13:27:52","guid":{"rendered":"https:\/\/amazingmarket.ee\/?post_type=product&#038;p=9283"},"modified":"2026-03-14T11:15:23","modified_gmt":"2026-03-14T09:15:23","slug":"dreame-h12-core-water-dust-vacuum-cleaner-2","status":"publish","type":"product","link":"https:\/\/amazingmarket.ee\/et\/toode\/dreame-h12-core-water-dust-vacuum-cleaner-2\/","title":{"rendered":"Dreame H12 Core vee- ja tolmutolmuimeja"},"content":{"rendered":"<h1>KASUTATUD ASJA, ON KASUTUSM\u00c4LJED<\/h1>\n<h1 class=\"a-size-base-plus a-text-bold\">Selle \u00fcksuse kohta<\/h1>\n<ul class=\"a-unordered-list a-vertical a-spacing-mini\">\n<li class=\"a-spacing-mini\"><span class=\"a-list-item\">K\u00f5vade p\u00f5randate nutikas puhastus \u2013 dreame H12 Core andur tuvastab m\u00e4\u00e4rdumise raskusastme ning reguleerib imemis- ja veevoolu. See t\u00f6\u00f6tleb t\u00f5husalt kogu mustust, pulbreid, vedelikke ja juukseid ilma aega raiskamata. Ere LED-ekraan n\u00e4itab selgelt puhastuse olekut ja t\u00f6\u00f6re\u017eiimi ning abistavad h\u00e4\u00e4ls\u00f5numid teavitavad teid seadmest, et saaksite igast puhastussessioonist maksimumi v\u00f5tta.<\/span><\/li>\n<li class=\"a-spacing-mini\"><span class=\"a-list-item\">V\u00f5imas lahendus kahjustuste korral \u2013 H12 Core pakub piisavalt v\u00f5imsust ja vett \u00f5rnade plekkide lahendamiseks. Rullhari p\u00f6\u00f6rleb 180 p\/min juures, et teie p\u00f5randaid k\u00fc\u00fcrida ja need m\u00e4rkimisv\u00e4\u00e4rselt puhtaks j\u00e4tta, samas kui sisseehitatud kraapimishari puhastab rullharjalt juuksed ja mustuse. 900 ml puhta vee paak ja 500 ml reovee paak on k\u00f5ik abivahendid, mis aitavad teil puhastada k\u00f5vasid p\u00f5randaid kogu kodus.<\/span><\/li>\n<li class=\"a-spacing-mini\"><span class=\"a-list-item\">AUTOMAATNE ISEPUHASTUV \u2013 J\u00e4relpuhastuse haldamiseks vajutage vaid nuppu, et muuta kuiva v\u00f5i m\u00e4rja imemise k\u00f5ige \u00f5rnem osa enam probleemiks. Asetage tolmuimeja alusele ja vajutage nuppu ning rullhari loputatakse, v\u00e4\u00e4natakse ja puhastatakse, et olete j\u00e4rgmiseks puhastussessiooniks valmis.<\/span><\/li>\n<li class=\"a-spacing-mini\"><span class=\"a-list-item\">2 re\u017eiimi, paindlik puhastus \u2013 vaheta re\u017eiimide vahel nupuvajutusega, olenevalt sellest, kuidas soovid puhastada. Automaatre\u017eiim v\u00f5imaldab sul p\u00f5randaid h\u00f5lpsalt pesta ja tolmuimejaga puhastada, mis sobib ideaalselt k\u00f6\u00f6gis segaduse korral, samas kui imemisre\u017eiim teeb vedelike, n\u00e4iteks vannitoa m\u00e4rgade p\u00f5randate puhastamise lihtsaks.<\/span><\/li>\n<li class=\"a-spacing-mini\"><span class=\"a-list-item\">Lihtsaks puhastamiseks hea juhitavus \u2013 v\u00f5imas edasiliikumine muudab tolmuimeja majja l\u00fckkamise palju lihtsamaks. Selle kerge konstruktsioon, kergesti p\u00f6\u00f6ratav p\u00f5hikorpus ja suured tagarattad v\u00f5imaldavad m\u00f6\u00f6blist m\u00f6\u00f6da minna v\u00f5i seinte l\u00e4hedal man\u00f6\u00f6verdada.<\/span><\/li>\n<\/ul>","protected":false},"excerpt":{"rendered":"<div class=\"a-row\">\n<div class=\"a-column a-span6\">\n<h1 class=\"a-size-medium a-spacing-small\">Tehnilised \u00fcksikasjad<\/h1>\n<\/div>\n<\/div>\n<div class=\"a-expander-content a-expander-extend-content\" data-expanded=\"true\">\n<div class=\"a-row a-expander-container a-expander-inline-container\">\n<div class=\"a-expander-content a-expander-section-content a-section-expander-inner\" data-expanded=\"true\">\n<table id=\"productDetails_techSpec_section_1\" class=\"a-keyvalue prodDetTable\" role=\"presentation\">\n<tbody>\n<tr>\n<th class=\"a-color-secondary a-size-base prodDetSectionEntry\">Kaubam\u00e4rk<\/th>\n<td class=\"a-size-base prodDetAttrValue\">unistus<\/td>\n<\/tr>\n<tr>\n<th class=\"a-color-secondary a-size-base prodDetSectionEntry\">Mudeli number<\/th>\n<td class=\"a-size-base prodDetAttrValue\">HHR22B<\/td>\n<\/tr>\n<tr>\n<th class=\"a-color-secondary a-size-base prodDetSectionEntry\">V\u00e4rv<\/th>\n<td class=\"a-size-base prodDetAttrValue\">hall<\/td>\n<\/tr>\n<tr>\n<th class=\"a-color-secondary a-size-base prodDetSectionEntry\">Toote m\u00f5\u00f5tmed<\/th>\n<td class=\"a-size-base prodDetAttrValue\">32,1 x 28,2 x 115 cm; 5,8 kg<\/td>\n<\/tr>\n<tr>\n<th class=\"a-color-secondary a-size-base prodDetSectionEntry\">Mahutavus<\/th>\n<td class=\"a-size-base prodDetAttrValue\">900 milliliitrit<\/td>\n<\/tr>\n<tr>\n<th class=\"a-color-secondary a-size-base prodDetSectionEntry\">Helitugevus<\/th>\n<td class=\"a-size-base prodDetAttrValue\">0,5 liitrit<\/td>\n<\/tr>\n<tr>\n<th class=\"a-color-secondary a-size-base prodDetSectionEntry\">V\u00f5imsus \/ vatt<\/th>\n<td class=\"a-size-base prodDetAttrValue\">200 vatti<\/td>\n<\/tr>\n<tr>\n<th class=\"a-color-secondary a-size-base prodDetSectionEntry\">Pinge<\/th>\n<td class=\"a-size-base prodDetAttrValue\">26<\/td>\n<\/tr>\n<tr>\n<th class=\"a-color-secondary a-size-base prodDetSectionEntry\">M\u00fcra tase<\/th>\n<td class=\"a-size-base prodDetAttrValue\">73 dB<\/td>\n<\/tr>\n<tr>\n<th class=\"a-color-secondary a-size-base prodDetSectionEntry\">Kestus<\/th>\n<td class=\"a-size-base prodDetAttrValue\">22 minutit<\/td>\n<\/tr>\n<tr>\n<th class=\"a-color-secondary a-size-base prodDetSectionEntry\">Eriomadused<\/th>\n<td class=\"a-size-base prodDetAttrValue\">Kaasaskantav, plekivaba puhastus, m\u00e4rg-\/kuivpuhastus, kotita, HEPA<\/td>\n<\/tr>\n<tr>\n<th class=\"a-color-secondary a-size-base prodDetSectionEntry\">Kauba kaal<\/th>\n<td class=\"a-size-base prodDetAttrValue\">5,8 kilogrammi<\/td>\n<\/tr>\n<tr>\n<th class=\"a-color-secondary a-size-base prodDetSectionEntry\">Varuosade saadavuse kestus<\/th>\n<td class=\"a-size-base prodDetAttrValue\">Teave varuosade kohta pole saadaval ega pakutud<\/td>\n<\/tr>\n<\/tbody>\n<\/table>\n<\/div>\n<\/div>\n<\/div>","protected":false},"featured_media":10545,"comment_status":"open","ping_status":"closed","template":"","meta":{"_monsterinsights_skip_tracking":false,"_monsterinsights_sitenote_active":false,"_monsterinsights_sitenote_note":"","_monsterinsights_sitenote_category":0,"jetpack_publicize_message":"","jetpack_publicize_feature_enabled":true,"jetpack_social_post_already_shared":false,"jetpack_social_options":{"image_generator_settings":{"template":"highway","default_image_id":0,"font":"","enabled":false},"version":2}},"product_brand":[],"product_cat":[101,102],"product_tag":[],"class_list":{"0":"post-9283","1":"product","2":"type-product","3":"status-publish","4":"has-post-thumbnail","6":"product_cat-cordless-vacuum-cleaners","7":"product_cat-vacuum-cleaners","9":"first","10":"instock","11":"sale","12":"shipping-taxable","13":"purchasable","14":"product-type-simple"},"aioseo_notices":[],"jetpack_publicize_connections":[],"jetpack_sharing_enabled":true,"_links":{"self":[{"href":"https:\/\/amazingmarket.ee\/et\/wp-json\/wp\/v2\/product\/9283","targetHints":{"allow":["GET"]}}],"collection":[{"href":"https:\/\/amazingmarket.ee\/et\/wp-json\/wp\/v2\/product"}],"about":[{"href":"https:\/\/amazingmarket.ee\/et\/wp-json\/wp\/v2\/types\/product"}],"replies":[{"embeddable":true,"href":"https:\/\/amazingmarket.ee\/et\/wp-json\/wp\/v2\/comments?post=9283"}],"wp:featuredmedia":[{"embeddable":true,"href":"https:\/\/amazingmarket.ee\/et\/wp-json\/wp\/v2\/media\/10545"}],"wp:attachment":[{"href":"https:\/\/amazingmarket.ee\/et\/wp-json\/wp\/v2\/media?parent=9283"}],"wp:term":[{"taxonomy":"product_brand","embeddable":true,"href":"https:\/\/amazingmarket.ee\/et\/wp-json\/wp\/v2\/product_brand?post=9283"},{"taxonomy":"product_cat","embeddable":true,"href":"https:\/\/amazingmarket.ee\/et\/wp-json\/wp\/v2\/product_cat?post=9283"},{"taxonomy":"product_tag","embeddable":true,"href":"https:\/\/amazingmarket.ee\/et\/wp-json\/wp\/v2\/product_tag?post=9283"}],"curies":[{"name":"wp","href":"https:\/\/api.w.org\/{rel}","templated":true}]}}