{"id":926,"date":"2024-01-30T13:35:47","date_gmt":"2024-01-30T13:35:47","guid":{"rendered":"https:\/\/amazingmarket.ee\/?post_type=product&#038;p=926"},"modified":"2026-03-14T11:15:31","modified_gmt":"2026-03-14T09:15:31","slug":"tristar-pz-9145-multifunctional-grill-pan-xxl","status":"publish","type":"product","link":"https:\/\/amazingmarket.ee\/et\/toode\/tristar-pz-9145-multifunctional-grill-pan-xxl\/","title":{"rendered":"Tristar PZ-9145 Multifunktsionaalne grillpann XXL"},"content":{"rendered":"<p><span style=\"color: #000000;\"><strong>UUS<\/strong><\/span><\/p>\n<p>Tristar PZ-9145 multifunktsionaalne grillpann XXL on mitmek\u00fclgne k\u00f6\u00f6giseade, mis on loodud rahuldama k\u00f5iki teie kulinaarseid vajadusi. Oma avara XXL-suuruse ja multifunktsionaalsete v\u00f5imalustega pakub see grillpann l\u00f5putult v\u00f5imalusi maitsvate toitude valmistamiseks. V\u00f5imsa k\u00fctteelemendiga tagab see kiire ja \u00fchtlase k\u00fcpsetamise, samas kui reguleeritav termostaat v\u00f5imaldab t\u00e4pset temperatuuri reguleerimist iga kord ideaalsete tulemuste saavutamiseks. Mittenakkuv kate tagab toidu h\u00f5lpsa eemaldamise ja vaevatu puhastamise, muutes selle ideaalseks igap\u00e4evaseks kasutamiseks. Olenemata sellest, kas grillite, praadite v\u00f5i hautate, on Tristar PZ-9145 multifunktsionaalne grillpann XXL ideaalne lisa igasse k\u00f6\u00f6ki.<\/p>","protected":false},"excerpt":{"rendered":"<p>Tristar PZ-9145 multifunktsionaalne grillpann XXL pakub oma avara disaini ja v\u00f5imsa k\u00fcttekehaga mitmek\u00fclgseid toiduvalmistamisv\u00f5imalusi. T\u00e4pse temperatuuri reguleerimise ja mittenakkuva kattega tagab see iga kord ideaalsed tulemused ja lihtsa puhastamise. Ideaalne grillimiseks, praadimiseks ja hautamiseks ning on iga kokandushuvilise jaoks h\u00e4davajalik k\u00f6\u00f6giseade.<\/p>","protected":false},"featured_media":1199,"comment_status":"open","ping_status":"closed","template":"","meta":{"_monsterinsights_skip_tracking":false,"_monsterinsights_sitenote_active":false,"_monsterinsights_sitenote_note":"","_monsterinsights_sitenote_category":0,"jetpack_publicize_message":"","jetpack_publicize_feature_enabled":true,"jetpack_social_post_already_shared":false,"jetpack_social_options":{"image_generator_settings":{"template":"highway","default_image_id":0,"font":"","enabled":false},"version":2}},"product_brand":[],"product_cat":[153],"product_tag":[],"class_list":{"0":"post-926","1":"product","2":"type-product","3":"status-publish","4":"has-post-thumbnail","6":"product_cat-electric-pans","8":"first","9":"instock","10":"sale","11":"shipping-taxable","12":"purchasable","13":"product-type-simple"},"aioseo_notices":[],"jetpack_publicize_connections":[],"jetpack_sharing_enabled":true,"_links":{"self":[{"href":"https:\/\/amazingmarket.ee\/et\/wp-json\/wp\/v2\/product\/926","targetHints":{"allow":["GET"]}}],"collection":[{"href":"https:\/\/amazingmarket.ee\/et\/wp-json\/wp\/v2\/product"}],"about":[{"href":"https:\/\/amazingmarket.ee\/et\/wp-json\/wp\/v2\/types\/product"}],"replies":[{"embeddable":true,"href":"https:\/\/amazingmarket.ee\/et\/wp-json\/wp\/v2\/comments?post=926"}],"wp:featuredmedia":[{"embeddable":true,"href":"https:\/\/amazingmarket.ee\/et\/wp-json\/wp\/v2\/media\/1199"}],"wp:attachment":[{"href":"https:\/\/amazingmarket.ee\/et\/wp-json\/wp\/v2\/media?parent=926"}],"wp:term":[{"taxonomy":"product_brand","embeddable":true,"href":"https:\/\/amazingmarket.ee\/et\/wp-json\/wp\/v2\/product_brand?post=926"},{"taxonomy":"product_cat","embeddable":true,"href":"https:\/\/amazingmarket.ee\/et\/wp-json\/wp\/v2\/product_cat?post=926"},{"taxonomy":"product_tag","embeddable":true,"href":"https:\/\/amazingmarket.ee\/et\/wp-json\/wp\/v2\/product_tag?post=926"}],"curies":[{"name":"wp","href":"https:\/\/api.w.org\/{rel}","templated":true}]}}