{"id":9244,"date":"2025-01-16T17:06:40","date_gmt":"2025-01-16T15:06:40","guid":{"rendered":"https:\/\/amazingmarket.ee\/?post_type=product&#038;p=9244"},"modified":"2026-03-14T11:15:23","modified_gmt":"2026-03-14T09:15:23","slug":"cecotec-cafelizzia-790-espresso-machine","status":"publish","type":"product","link":"https:\/\/amazingmarket.ee\/et\/toode\/cecotec-cafelizzia-790-espresso-machine\/","title":{"rendered":"Cecotec Cafelizzia 790 espressomasin"},"content":{"rendered":"<h1>KASUTATUD KAUBA, OLI DEFEKT, VAATA FOTOSID<\/h1>\n<h1 class=\"a-size-base-plus a-text-bold\">Selle \u00fcksuse kohta<\/h1>\n<ul class=\"a-unordered-list a-vertical a-spacing-mini\">\n<li class=\"a-spacing-mini\"><span class=\"a-list-item\">Elegantse ja kompaktse disainiga espressomasin hea kohvi austajatele. V\u00f5imaldab valmistada igat t\u00fc\u00fcpi kohvi maksimaalse v\u00f5imsusega 1350 vatti ja toodab ka kuuma vett tee jaoks.<\/span><\/li>\n<li class=\"a-spacing-mini\"><span class=\"a-list-item\">Thermoblocki kiirk\u00fcttes\u00fcsteem tagab parima kohvi saamiseks optimaalse temperatuuri. V\u00f5imas 20-baarine r\u00f5hupump koos ForceAroma tehnoloogiaga tagab iga kohviga parima crema ja suurep\u00e4rase aroomi.<\/span><\/li>\n<li class=\"a-spacing-mini\"><span class=\"a-list-item\">Komplektis on p\u00f6\u00f6rlev auruotsik koos kaitsega, et vahustada piima vastavalt soovile ja saavutada kohvile ideaalne vaht.<\/span><\/li>\n<li class=\"a-spacing-mini\"><span class=\"a-list-item\">Valmistab tee jaoks optimaalse temperatuuriga kuuma vett. Kahe v\u00e4ljalaskeavaga portafilter kahe filtriga \u00fche v\u00f5i kahe tassi kohvi automaatseks valmistamiseks. Adapter alumiiniumkapslite jaoks. Eemaldatav veepaak mahutavusega 1,2 liitrit. Roostevabast terasest kruusisoojendaja sobib espressotassidele ja hommikus\u00f6\u00f6gitassidele.<\/span><\/li>\n<li class=\"a-spacing-mini\"><span class=\"a-list-item\">Eemaldatav tilgaalus kiireks puhastamiseks. Energias\u00e4\u00e4stus\u00fcsteem automaatse v\u00e4ljal\u00fclituse ja ootere\u017eiimi funktsiooniga. Iga funktsiooni m\u00e4rgutuled.<\/span><\/li>\n<\/ul>","protected":false},"excerpt":{"rendered":"<div class=\"a-row\">\n<div class=\"a-column a-span6\">\n<h1 class=\"a-size-medium a-spacing-small\">Tehnilised \u00fcksikasjad<\/h1>\n<\/div>\n<\/div>\n<div class=\"a-expander-content a-expander-extend-content\" data-expanded=\"true\">\n<div class=\"a-row a-expander-container a-expander-inline-container\">\n<div class=\"a-expander-content a-expander-section-content a-section-expander-inner\" data-expanded=\"true\">\n<table id=\"productDetails_techSpec_section_1\" class=\"a-keyvalue prodDetTable\" role=\"presentation\">\n<tbody>\n<tr>\n<th class=\"a-color-secondary a-size-base prodDetSectionEntry\">Kaubam\u00e4rk<\/th>\n<td class=\"a-size-base prodDetAttrValue\">Cecotec<\/td>\n<\/tr>\n<tr>\n<th class=\"a-color-secondary a-size-base prodDetSectionEntry\">Mudeli number<\/th>\n<td class=\"a-size-base prodDetAttrValue\">\u200e01649<\/td>\n<\/tr>\n<tr>\n<th class=\"a-color-secondary a-size-base prodDetSectionEntry\">V\u00e4rv<\/th>\n<td class=\"a-size-base prodDetAttrValue\">Teras<\/td>\n<\/tr>\n<tr>\n<th class=\"a-color-secondary a-size-base prodDetSectionEntry\">Toote m\u00f5\u00f5tmed<\/th>\n<td class=\"a-size-base prodDetAttrValue\">41,3 x 19,8 x 34,5 cm; 3,9 kg<\/td>\n<\/tr>\n<tr>\n<th class=\"a-color-secondary a-size-base prodDetSectionEntry\">Pinge<\/th>\n<td class=\"a-size-base prodDetAttrValue\">220 volti<\/td>\n<\/tr>\n<tr>\n<th class=\"a-color-secondary a-size-base prodDetSectionEntry\">Eriomadused<\/th>\n<td class=\"a-size-base prodDetAttrValue\">Tassisoojendaja<\/td>\n<\/tr>\n<tr>\n<th class=\"a-color-secondary a-size-base prodDetSectionEntry\">Kauba kaal<\/th>\n<td class=\"a-size-base prodDetAttrValue\">3,9 kilogrammi<\/td>\n<\/tr>\n<\/tbody>\n<\/table>\n<\/div>\n<\/div>\n<\/div>","protected":false},"featured_media":10364,"comment_status":"open","ping_status":"closed","template":"","meta":{"_monsterinsights_skip_tracking":false,"_monsterinsights_sitenote_active":false,"_monsterinsights_sitenote_note":"","_monsterinsights_sitenote_category":0,"jetpack_publicize_message":"","jetpack_publicize_feature_enabled":true,"jetpack_social_post_already_shared":false,"jetpack_social_options":{"image_generator_settings":{"template":"highway","default_image_id":0,"font":"","enabled":false},"version":2}},"product_brand":[],"product_cat":[73],"product_tag":[],"class_list":{"0":"post-9244","1":"product","2":"type-product","3":"status-publish","4":"has-post-thumbnail","6":"product_cat-coffee-machines","8":"first","9":"instock","10":"sale","11":"shipping-taxable","12":"purchasable","13":"product-type-simple"},"aioseo_notices":[],"jetpack_publicize_connections":[],"jetpack_sharing_enabled":true,"_links":{"self":[{"href":"https:\/\/amazingmarket.ee\/et\/wp-json\/wp\/v2\/product\/9244","targetHints":{"allow":["GET"]}}],"collection":[{"href":"https:\/\/amazingmarket.ee\/et\/wp-json\/wp\/v2\/product"}],"about":[{"href":"https:\/\/amazingmarket.ee\/et\/wp-json\/wp\/v2\/types\/product"}],"replies":[{"embeddable":true,"href":"https:\/\/amazingmarket.ee\/et\/wp-json\/wp\/v2\/comments?post=9244"}],"wp:featuredmedia":[{"embeddable":true,"href":"https:\/\/amazingmarket.ee\/et\/wp-json\/wp\/v2\/media\/10364"}],"wp:attachment":[{"href":"https:\/\/amazingmarket.ee\/et\/wp-json\/wp\/v2\/media?parent=9244"}],"wp:term":[{"taxonomy":"product_brand","embeddable":true,"href":"https:\/\/amazingmarket.ee\/et\/wp-json\/wp\/v2\/product_brand?post=9244"},{"taxonomy":"product_cat","embeddable":true,"href":"https:\/\/amazingmarket.ee\/et\/wp-json\/wp\/v2\/product_cat?post=9244"},{"taxonomy":"product_tag","embeddable":true,"href":"https:\/\/amazingmarket.ee\/et\/wp-json\/wp\/v2\/product_tag?post=9244"}],"curies":[{"name":"wp","href":"https:\/\/api.w.org\/{rel}","templated":true}]}}