{"id":9144,"date":"2025-01-13T15:27:48","date_gmt":"2025-01-13T13:27:48","guid":{"rendered":"https:\/\/amazingmarket.ee\/?post_type=product&#038;p=9144"},"modified":"2026-03-14T11:15:23","modified_gmt":"2026-03-14T09:15:23","slug":"cecotec-elektromopp-freego-wash-twice-spray","status":"publish","type":"product","link":"https:\/\/amazingmarket.ee\/et\/toode\/cecotec-elektromopp-freego-wash-twice-spray\/","title":{"rendered":"Cecotec Elektromopp FreeGo Wash Twice Spray"},"content":{"rendered":"<h1>V\u00c4HE KASUTATUD, POLE ORIGINAALKASTI PAKENDATUD<\/h1>\n<h1 class=\"a-size-base-plus a-text-bold\">Selle \u00fcksuse kohta<\/h1>\n<ul class=\"a-unordered-list a-vertical a-spacing-mini\">\n<li class=\"a-spacing-mini\"><span class=\"a-list-item\">Lihtne s\u00fcgavk\u00fc\u00fcrimine t\u00e4nu 60-vatisele v\u00f5imsusele ja Wet Jalisco t\u00f5ukerattale, mis eemaldab k\u00f5ige raskema mustuse \u00fche t\u00f5mbega.<\/span><\/li>\n<li class=\"a-spacing-mini\"><span class=\"a-list-item\">T\u00e4nu v\u00f5imsale 14,8 V 2000 mAh akule saavutate t\u00f6\u00f6aja kuni 40 minutit, nii et saate puhastada kogu oma kodu ilma laadimiseta. Selle laadimisaeg on kuni 4 tundi.<\/span><\/li>\n<li class=\"a-spacing-mini\"><span class=\"a-list-item\">ESINE SPIRUS See tagurpidi veepihustuss\u00fcsteem t\u00f6\u00f6tab otse k\u00f5ige raskematel plekkidel ja niisutab neid enne \u00fcleminekut, et saaksite need h\u00f5lpsalt eemaldada. T\u00e4nu suurele veevoolule kuni 200 ml\/min, saate eemaldada igasuguse mustuse igalt pinnalt.<\/span><\/li>\n<li class=\"a-spacing-mini\"><span class=\"a-list-item\">VEEPAAGI Disain sisaldab kuni 400 ml puhta vee paaki ja kuni 250 ml musta vett, mis v\u00f5imaldab teil oma kodu p\u00f5randat puhastada ilma vett vahetamata v\u00f5i \u00e4mbriga \u00fchelt poolt teisele laadimata.<\/span><\/li>\n<li class=\"a-spacing-mini\"><span class=\"a-list-item\">Parkimisasendi s\u00fcsteem elektrimopi mugavaks hoidmiseks k\u00f5ikjal teie majas. Kaasas isepuhastuv alus, millelt saad pintsleid lihtsalt puhastada. Sisestage vesi isepuhastuvale alusele ja k\u00e4ivitage mopp mopiharjade puhastamiseks.<\/span><\/li>\n<\/ul>","protected":false},"excerpt":{"rendered":"<div class=\"a-row\">\n<div class=\"a-column a-span6\">\n<h1 class=\"a-size-medium a-spacing-small\">Tehnilised \u00fcksikasjad<\/h1>\n<\/div>\n<\/div>\n<div class=\"a-expander-content a-expander-extend-content\" data-expanded=\"true\">\n<div class=\"a-row a-expander-container a-expander-inline-container\">\n<div class=\"a-expander-content a-expander-section-content a-section-expander-inner\" data-expanded=\"true\">\n<table id=\"productDetails_techSpec_section_1\" class=\"a-keyvalue prodDetTable\" role=\"presentation\">\n<tbody>\n<tr>\n<th class=\"a-color-secondary a-size-base prodDetSectionEntry\">Kaubam\u00e4rk<\/th>\n<td class=\"a-size-base prodDetAttrValue\">Cecotec<\/td>\n<\/tr>\n<tr>\n<th class=\"a-color-secondary a-size-base prodDetSectionEntry\">Mudeli number<\/th>\n<td class=\"a-size-base prodDetAttrValue\">04552<\/td>\n<\/tr>\n<tr>\n<th class=\"a-color-secondary a-size-base prodDetSectionEntry\">V\u00e4rv<\/th>\n<td class=\"a-size-base prodDetAttrValue\">Hall<\/td>\n<\/tr>\n<tr>\n<th class=\"a-color-secondary a-size-base prodDetSectionEntry\">Pakendi m\u00f5\u00f5tmed<\/th>\n<td class=\"a-size-base prodDetAttrValue\">80 x 32 x 13 cm; 5 kg<\/td>\n<\/tr>\n<tr>\n<th class=\"a-color-secondary a-size-base prodDetSectionEntry\">Mahutavus<\/th>\n<td class=\"a-size-base prodDetAttrValue\">450 mikroliitrit<\/td>\n<\/tr>\n<tr>\n<th class=\"a-color-secondary a-size-base prodDetSectionEntry\">Helitugevus<\/th>\n<td class=\"a-size-base prodDetAttrValue\">0,45 liitrit<\/td>\n<\/tr>\n<tr>\n<th class=\"a-color-secondary a-size-base prodDetSectionEntry\">V\u00f5imsus \/ vatt<\/th>\n<td class=\"a-size-base prodDetAttrValue\">60 vatti<\/td>\n<\/tr>\n<tr>\n<th class=\"a-color-secondary a-size-base prodDetSectionEntry\">Kestus<\/th>\n<td class=\"a-size-base prodDetAttrValue\">40 minutit<\/td>\n<\/tr>\n<tr>\n<th class=\"a-color-secondary a-size-base prodDetSectionEntry\">Eriomadused<\/th>\n<td class=\"a-size-base prodDetAttrValue\">Kokkupandav<\/td>\n<\/tr>\n<tr>\n<th class=\"a-color-secondary a-size-base prodDetSectionEntry\">Kauba kaal<\/th>\n<td class=\"a-size-base prodDetAttrValue\">5 kilogrammi<\/td>\n<\/tr>\n<\/tbody>\n<\/table>\n<\/div>\n<\/div>\n<\/div>","protected":false},"featured_media":9148,"comment_status":"open","ping_status":"closed","template":"","meta":{"_monsterinsights_skip_tracking":false,"_monsterinsights_sitenote_active":false,"_monsterinsights_sitenote_note":"","_monsterinsights_sitenote_category":0,"jetpack_publicize_message":"","jetpack_publicize_feature_enabled":true,"jetpack_social_post_already_shared":false,"jetpack_social_options":{"image_generator_settings":{"template":"highway","default_image_id":0,"font":"","enabled":false},"version":2}},"product_brand":[],"product_cat":[101,102],"product_tag":[],"class_list":{"0":"post-9144","1":"product","2":"type-product","3":"status-publish","4":"has-post-thumbnail","6":"product_cat-cordless-vacuum-cleaners","7":"product_cat-vacuum-cleaners","9":"first","10":"instock","11":"sale","12":"shipping-taxable","13":"purchasable","14":"product-type-simple"},"aioseo_notices":[],"jetpack_publicize_connections":[],"jetpack_sharing_enabled":true,"_links":{"self":[{"href":"https:\/\/amazingmarket.ee\/et\/wp-json\/wp\/v2\/product\/9144","targetHints":{"allow":["GET"]}}],"collection":[{"href":"https:\/\/amazingmarket.ee\/et\/wp-json\/wp\/v2\/product"}],"about":[{"href":"https:\/\/amazingmarket.ee\/et\/wp-json\/wp\/v2\/types\/product"}],"replies":[{"embeddable":true,"href":"https:\/\/amazingmarket.ee\/et\/wp-json\/wp\/v2\/comments?post=9144"}],"wp:featuredmedia":[{"embeddable":true,"href":"https:\/\/amazingmarket.ee\/et\/wp-json\/wp\/v2\/media\/9148"}],"wp:attachment":[{"href":"https:\/\/amazingmarket.ee\/et\/wp-json\/wp\/v2\/media?parent=9144"}],"wp:term":[{"taxonomy":"product_brand","embeddable":true,"href":"https:\/\/amazingmarket.ee\/et\/wp-json\/wp\/v2\/product_brand?post=9144"},{"taxonomy":"product_cat","embeddable":true,"href":"https:\/\/amazingmarket.ee\/et\/wp-json\/wp\/v2\/product_cat?post=9144"},{"taxonomy":"product_tag","embeddable":true,"href":"https:\/\/amazingmarket.ee\/et\/wp-json\/wp\/v2\/product_tag?post=9144"}],"curies":[{"name":"wp","href":"https:\/\/api.w.org\/{rel}","templated":true}]}}