{"id":911,"date":"2024-01-30T13:25:57","date_gmt":"2024-01-30T13:25:57","guid":{"rendered":"https:\/\/amazingmarket.ee\/?post_type=product&#038;p=911"},"modified":"2026-03-14T11:15:31","modified_gmt":"2026-03-14T09:15:31","slug":"kasiparapuhasti-blackdecker-bhsm168dsm-qs-2-in-1-steam-mop-1600-w","status":"publish","type":"product","link":"https:\/\/amazingmarket.ee\/et\/toode\/kasiparapuhasti-blackdecker-bhsm168dsm-qs-2-in-1-steam-mop-1600-w\/","title":{"rendered":"K\u00e4siparapuhasti BLACK+DECKER BHSM168DSM-QS 2-in-1 aurumopp 1600 W"},"content":{"rendered":"<p><span style=\"color: #000000;\"><strong>UUS\u00a0<\/strong><\/span><\/p>\n<p>BLACK+DECKER BHSM168DSM-QS 2-in-1 aurumopp 1600 W on mitmek\u00fclgne puhastusvahend, mis on loodud teie kodu t\u00f5husaks puhastamiseks. Kombineerides aurutolmuimeja ja mopi funktsioone, tagab see k\u00f5rge puhtustaseme erinevatel pindadel. 1600 W v\u00f5imsuse ja auruga eemaldab see h\u00f5lpsalt isegi k\u00f5ige kangekaelsema mustuse, sealhulgas tolmu, pori ja bakterid. Mugavuse tagavad selle kerge ja kompaktne disain ning h\u00f5lpsasti kasutatav juhtimiss\u00fcsteem. Selle seadmega on teie kodu alati puhas ja v\u00e4rske.<\/p>","protected":false},"excerpt":{"rendered":"<p>BLACK+DECKER BHSM168DSM-QS 2-in-1 aurumopp 1600 W on v\u00f5imas ja mitmek\u00fclgne kodupuhastusvahend. Kombineerides aurutolmuimeja ja mopi funktsioone, eemaldab see vaevata erinevat t\u00fc\u00fcpi mustuse, tagades k\u00f5rge puhtusastme k\u00f5igil pindadel. Oma kompaktse disaini ja kasutajas\u00f5braliku juhtimiss\u00fcsteemiga sobib see seade ideaalselt kiireks ja t\u00f5husaks puhastamiseks.<\/p>","protected":false},"featured_media":1209,"comment_status":"open","ping_status":"closed","template":"","meta":{"_monsterinsights_skip_tracking":false,"_monsterinsights_sitenote_active":false,"_monsterinsights_sitenote_note":"","_monsterinsights_sitenote_category":0,"jetpack_publicize_message":"","jetpack_publicize_feature_enabled":true,"jetpack_social_post_already_shared":false,"jetpack_social_options":{"image_generator_settings":{"template":"highway","default_image_id":0,"font":"","enabled":false},"version":2}},"product_brand":[],"product_cat":[102],"product_tag":[],"class_list":{"0":"post-911","1":"product","2":"type-product","3":"status-publish","4":"has-post-thumbnail","6":"product_cat-vacuum-cleaners","8":"first","9":"instock","10":"sale","11":"shipping-taxable","12":"purchasable","13":"product-type-simple"},"aioseo_notices":[],"jetpack_publicize_connections":[],"jetpack_sharing_enabled":true,"_links":{"self":[{"href":"https:\/\/amazingmarket.ee\/et\/wp-json\/wp\/v2\/product\/911","targetHints":{"allow":["GET"]}}],"collection":[{"href":"https:\/\/amazingmarket.ee\/et\/wp-json\/wp\/v2\/product"}],"about":[{"href":"https:\/\/amazingmarket.ee\/et\/wp-json\/wp\/v2\/types\/product"}],"replies":[{"embeddable":true,"href":"https:\/\/amazingmarket.ee\/et\/wp-json\/wp\/v2\/comments?post=911"}],"wp:featuredmedia":[{"embeddable":true,"href":"https:\/\/amazingmarket.ee\/et\/wp-json\/wp\/v2\/media\/1209"}],"wp:attachment":[{"href":"https:\/\/amazingmarket.ee\/et\/wp-json\/wp\/v2\/media?parent=911"}],"wp:term":[{"taxonomy":"product_brand","embeddable":true,"href":"https:\/\/amazingmarket.ee\/et\/wp-json\/wp\/v2\/product_brand?post=911"},{"taxonomy":"product_cat","embeddable":true,"href":"https:\/\/amazingmarket.ee\/et\/wp-json\/wp\/v2\/product_cat?post=911"},{"taxonomy":"product_tag","embeddable":true,"href":"https:\/\/amazingmarket.ee\/et\/wp-json\/wp\/v2\/product_tag?post=911"}],"curies":[{"name":"wp","href":"https:\/\/api.w.org\/{rel}","templated":true}]}}