{"id":8981,"date":"2025-01-07T15:10:50","date_gmt":"2025-01-07T13:10:50","guid":{"rendered":"https:\/\/amazingmarket.ee\/?post_type=product&#038;p=8981"},"modified":"2026-03-14T11:15:23","modified_gmt":"2026-03-14T09:15:23","slug":"hot-air-cecofry-bombastik-6000","status":"publish","type":"product","link":"https:\/\/amazingmarket.ee\/et\/toode\/hot-air-cecofry-bombastik-6000\/","title":{"rendered":"Kuum \u00f5hk Cecofry Bombastik 6000"},"content":{"rendered":"<h1>KASUTATUD ASJA, ON KASUTUSM\u00c4LJED<\/h1>\n<h1 class=\"a-size-base-plus a-text-bold\">Selle \u00fcksuse kohta<\/h1>\n<ul class=\"a-unordered-list a-vertical a-spacing-mini\">\n<li class=\"a-spacing-mini\"><span class=\"a-list-item\">Dieetfrit\u00fc\u00fcr, mis v\u00f5imaldab k\u00fcpsetada vaid \u00fche supilusikat\u00e4ie \u00f5liga, saavutades tervislikumaid tulemusi.<\/span><\/li>\n<li class=\"a-spacing-mini\"><span class=\"a-list-item\">6-liitrine korv suurte toidukoguste k\u00fcpsetamiseks. 1700 W v\u00f5imsus k\u00f5igi roogade kiireks valmistamiseks. Erakordsed tulemused k\u00f5igis retseptides t\u00e4nu PerfectCook kuuma \u00f5hu tehnoloogiale, mis ringleb sees ja v\u00e4ljub tagumiste \u00f5hutusavade kaudu.<\/span><\/li>\n<li class=\"a-spacing-mini\"><span class=\"a-list-item\">Moodne ja kompaktne disain koos multifunktsionaalse puutetundliku juhtpaneeliga selle juhtimiseks.<\/span><\/li>\n<li class=\"a-spacing-mini\"><span class=\"a-list-item\">12 eelkonfigureeritud re\u017eiimi, mis m\u00e4\u00e4ravad erinevat t\u00fc\u00fcpi toitude k\u00fcpsetamiseks vajaliku aja ja temperatuuri. Sellel on termostaat temperatuuri reguleerimiseks vahemikus 80\u00baC kuni 200\u00baC. Reguleeritav aeg 0 kuni 60 minutit.<\/span><\/li>\n<li class=\"a-spacing-mini\"><span class=\"a-list-item\">\u00dclekuumenemiskaitsega. Libisemiskindel alus tagab stabiilsuse t\u00f6\u00f6 ajal.<\/span><\/li>\n<\/ul>","protected":false},"excerpt":{"rendered":"<div class=\"a-row\">\n<div class=\"a-column a-span6\">\n<h1 class=\"a-size-medium a-spacing-small\">Tehnilised \u00fcksikasjad<\/h1>\n<\/div>\n<\/div>\n<div class=\"a-expander-content a-expander-extend-content\" data-expanded=\"true\">\n<div class=\"a-row a-expander-container a-expander-inline-container\">\n<div class=\"a-expander-content a-expander-section-content a-section-expander-inner\" data-expanded=\"true\">\n<table id=\"productDetails_techSpec_section_1\" class=\"a-keyvalue prodDetTable\" role=\"presentation\">\n<tbody>\n<tr>\n<th class=\"a-color-secondary a-size-base prodDetSectionEntry\">Kaubam\u00e4rk<\/th>\n<td class=\"a-size-base prodDetAttrValue\">Cecotec<\/td>\n<\/tr>\n<tr>\n<th class=\"a-color-secondary a-size-base prodDetSectionEntry\">Mudeli number<\/th>\n<td class=\"a-size-base prodDetAttrValue\">\u200e8435484049924<\/td>\n<\/tr>\n<tr>\n<th class=\"a-color-secondary a-size-base prodDetSectionEntry\">V\u00e4rv<\/th>\n<td class=\"a-size-base prodDetAttrValue\">Must<\/td>\n<\/tr>\n<tr>\n<th class=\"a-color-secondary a-size-base prodDetSectionEntry\">Toote m\u00f5\u00f5tmed<\/th>\n<td class=\"a-size-base prodDetAttrValue\">36 x 36 x 37,3 cm; 4,8 kg<\/td>\n<\/tr>\n<tr>\n<th class=\"a-color-secondary a-size-base prodDetSectionEntry\">Mahutavus<\/th>\n<td class=\"a-size-base prodDetAttrValue\">6 liitrit<\/td>\n<\/tr>\n<tr>\n<th class=\"a-color-secondary a-size-base prodDetSectionEntry\">V\u00f5imsus \/ vatt<\/th>\n<td class=\"a-size-base prodDetAttrValue\">1700 vatti<\/td>\n<\/tr>\n<tr>\n<th class=\"a-color-secondary a-size-base prodDetSectionEntry\">Pinge<\/th>\n<td class=\"a-size-base prodDetAttrValue\">2,3E+2 volti<\/td>\n<\/tr>\n<tr>\n<th class=\"a-color-secondary a-size-base prodDetSectionEntry\">Materjal<\/th>\n<td class=\"a-size-base prodDetAttrValue\">Plastikust<\/td>\n<\/tr>\n<tr>\n<th class=\"a-color-secondary a-size-base prodDetSectionEntry\">Eriomadused<\/th>\n<td class=\"a-size-base prodDetAttrValue\">Temperatuuri juhtimine<\/td>\n<\/tr>\n<tr>\n<th class=\"a-color-secondary a-size-base prodDetSectionEntry\">Kauba kaal<\/th>\n<td class=\"a-size-base prodDetAttrValue\">4,8 kg<\/td>\n<\/tr>\n<\/tbody>\n<\/table>\n<\/div>\n<\/div>\n<\/div>","protected":false},"featured_media":8984,"comment_status":"open","ping_status":"closed","template":"","meta":{"_monsterinsights_skip_tracking":false,"_monsterinsights_sitenote_active":false,"_monsterinsights_sitenote_note":"","_monsterinsights_sitenote_category":0,"jetpack_publicize_message":"","jetpack_publicize_feature_enabled":true,"jetpack_social_post_already_shared":false,"jetpack_social_options":{"image_generator_settings":{"template":"highway","default_image_id":0,"font":"","enabled":false},"version":2}},"product_brand":[],"product_cat":[71],"product_tag":[],"class_list":{"0":"post-8981","1":"product","2":"type-product","3":"status-publish","4":"has-post-thumbnail","6":"product_cat-airfryers","8":"first","9":"instock","10":"sale","11":"shipping-taxable","12":"purchasable","13":"product-type-simple"},"aioseo_notices":[],"jetpack_publicize_connections":[],"jetpack_sharing_enabled":true,"_links":{"self":[{"href":"https:\/\/amazingmarket.ee\/et\/wp-json\/wp\/v2\/product\/8981","targetHints":{"allow":["GET"]}}],"collection":[{"href":"https:\/\/amazingmarket.ee\/et\/wp-json\/wp\/v2\/product"}],"about":[{"href":"https:\/\/amazingmarket.ee\/et\/wp-json\/wp\/v2\/types\/product"}],"replies":[{"embeddable":true,"href":"https:\/\/amazingmarket.ee\/et\/wp-json\/wp\/v2\/comments?post=8981"}],"wp:featuredmedia":[{"embeddable":true,"href":"https:\/\/amazingmarket.ee\/et\/wp-json\/wp\/v2\/media\/8984"}],"wp:attachment":[{"href":"https:\/\/amazingmarket.ee\/et\/wp-json\/wp\/v2\/media?parent=8981"}],"wp:term":[{"taxonomy":"product_brand","embeddable":true,"href":"https:\/\/amazingmarket.ee\/et\/wp-json\/wp\/v2\/product_brand?post=8981"},{"taxonomy":"product_cat","embeddable":true,"href":"https:\/\/amazingmarket.ee\/et\/wp-json\/wp\/v2\/product_cat?post=8981"},{"taxonomy":"product_tag","embeddable":true,"href":"https:\/\/amazingmarket.ee\/et\/wp-json\/wp\/v2\/product_tag?post=8981"}],"curies":[{"name":"wp","href":"https:\/\/api.w.org\/{rel}","templated":true}]}}