{"id":894,"date":"2024-01-30T13:13:31","date_gmt":"2024-01-30T13:13:31","guid":{"rendered":"https:\/\/amazingmarket.ee\/?post_type=product&#038;p=894"},"modified":"2026-03-14T11:15:31","modified_gmt":"2026-03-14T09:15:31","slug":"vaipade-ja-diivanite-puhastamise-tolmuimeja-tenworth-spot-cleaner-tdv01","status":"publish","type":"product","link":"https:\/\/amazingmarket.ee\/et\/toode\/vaipade-ja-diivanite-puhastamise-tolmuimeja-tenworth-spot-cleaner-tdv01\/","title":{"rendered":"Vaipade ja diivanite puhastamise tolmuimeja TENWORTH SPOT CLEANER TDV01"},"content":{"rendered":"<p><span style=\"color: #000000;\"><strong>KASUTATUD ASJA<\/strong><\/span><\/p>\n<p>Tenworth Spot Cleaner TDV01 on professionaalne tolmuimeja, mis on loodud vaipade, mattide ja pehme m\u00f6\u00f6bli p\u00f5hjalikuks puhastamiseks. V\u00f5imsa imemisv\u00f5imsuse ja t\u00e4iustatud puhastustehnoloogiaga eemaldab see t\u00f5husalt mustuse, tolmu, lemmikloomade karvad ja plekid erinevatelt pindadelt. Selle kompaktne ja kaasaskantav disain v\u00f5imaldab h\u00f5lpsat man\u00f6\u00f6verdamist ja juurdep\u00e4\u00e4su raskesti ligip\u00e4\u00e4setavatele kohtadele. Spot Cleaner TDV01-l on spetsiaalsed lisatarvikud ja puhastuslahendused sihip\u00e4raste puhastust\u00f6\u00f6de jaoks, mist\u00f5ttu on see ideaalne valik nii koduseks kui ka \u00e4riliseks kasutamiseks. Kasutajas\u00f5braliku juhtnupu ja vastupidava konstruktsiooniga pakub see tolmuimeja suurep\u00e4rast j\u00f5udlust ja t\u00f6\u00f6kindlust.<\/p>","protected":false},"excerpt":{"rendered":"<p>Tenworth Spot Cleaner TDV01 on professionaalne tolmuimeja, mis on loodud vaipade, mattide ja pehme m\u00f6\u00f6bli p\u00f5hjalikuks puhastamiseks. V\u00f5imsa imemisv\u00f5imsuse ja t\u00e4iustatud tehnoloogiaga eemaldab see t\u00f5husalt mustuse, tolmu, lemmikloomade karvad ja plekid. Selle kompaktne disain ja spetsiaalsed lisatarvikud muudavad selle kasutamise lihtsaks ja sobib ideaalselt nii koduseks kui ka \u00e4riliseks kasutamiseks.<\/p>","protected":false},"featured_media":1219,"comment_status":"open","ping_status":"closed","template":"","meta":{"_monsterinsights_skip_tracking":false,"_monsterinsights_sitenote_active":false,"_monsterinsights_sitenote_note":"","_monsterinsights_sitenote_category":0,"jetpack_publicize_message":"","jetpack_publicize_feature_enabled":true,"jetpack_social_post_already_shared":false,"jetpack_social_options":{"image_generator_settings":{"template":"highway","default_image_id":0,"font":"","enabled":false},"version":2}},"product_brand":[],"product_cat":[102],"product_tag":[],"class_list":{"0":"post-894","1":"product","2":"type-product","3":"status-publish","4":"has-post-thumbnail","6":"product_cat-vacuum-cleaners","8":"first","9":"instock","10":"sale","11":"shipping-taxable","12":"purchasable","13":"product-type-simple"},"aioseo_notices":[],"jetpack_publicize_connections":[],"jetpack_sharing_enabled":true,"_links":{"self":[{"href":"https:\/\/amazingmarket.ee\/et\/wp-json\/wp\/v2\/product\/894","targetHints":{"allow":["GET"]}}],"collection":[{"href":"https:\/\/amazingmarket.ee\/et\/wp-json\/wp\/v2\/product"}],"about":[{"href":"https:\/\/amazingmarket.ee\/et\/wp-json\/wp\/v2\/types\/product"}],"replies":[{"embeddable":true,"href":"https:\/\/amazingmarket.ee\/et\/wp-json\/wp\/v2\/comments?post=894"}],"wp:featuredmedia":[{"embeddable":true,"href":"https:\/\/amazingmarket.ee\/et\/wp-json\/wp\/v2\/media\/1219"}],"wp:attachment":[{"href":"https:\/\/amazingmarket.ee\/et\/wp-json\/wp\/v2\/media?parent=894"}],"wp:term":[{"taxonomy":"product_brand","embeddable":true,"href":"https:\/\/amazingmarket.ee\/et\/wp-json\/wp\/v2\/product_brand?post=894"},{"taxonomy":"product_cat","embeddable":true,"href":"https:\/\/amazingmarket.ee\/et\/wp-json\/wp\/v2\/product_cat?post=894"},{"taxonomy":"product_tag","embeddable":true,"href":"https:\/\/amazingmarket.ee\/et\/wp-json\/wp\/v2\/product_tag?post=894"}],"curies":[{"name":"wp","href":"https:\/\/api.w.org\/{rel}","templated":true}]}}