{"id":8926,"date":"2025-01-07T12:10:30","date_gmt":"2025-01-07T10:10:30","guid":{"rendered":"https:\/\/amazingmarket.ee\/?post_type=product&#038;p=8926"},"modified":"2026-03-14T11:15:23","modified_gmt":"2026-03-14T09:15:23","slug":"karcher-floor-cleaner-fc-7-cordless","status":"publish","type":"product","link":"https:\/\/amazingmarket.ee\/et\/toode\/karcher-floor-cleaner-fc-7-cordless\/","title":{"rendered":"K\u00e4rcher P\u00d5RANDAPUHASTUSVAHEND FC 7 juhtmeta"},"content":{"rendered":"<h1>KASUTATUD ASJA, LISAKS EI OLE, \u00dcKS T\u00dcK ON NATUKE KATKENUD<\/h1>\n<h1 class=\"a-size-base-plus a-text-bold\">Selle \u00fcksuse kohta<\/h1>\n<ul class=\"a-unordered-list a-vertical a-spacing-mini\">\n<li class=\"a-spacing-mini\"><span class=\"a-list-item\">K\u00f5ik \u00fches: Juhtmeta Fc 7 kogub \u00fche k\u00e4iguga kokku kuiva mustuse, m\u00e4rja mustuse, mahaloksed ja puhastab<\/span><\/li>\n<li class=\"a-spacing-mini\"><span class=\"a-list-item\">Puhastusre\u017eiimid, sobivad k\u00f5ikidele k\u00f5vadele p\u00f5randatele: 1. tase parkett, 2. tase kivip\u00f5rand, 3. tase Boost<\/span><\/li>\n<li class=\"a-spacing-mini\"><span class=\"a-list-item\">Juhtmeta, 45-minutise autonoomsusega Fc 7 suudab puhastada kuni 135 M2 laadimist<\/span><\/li>\n<li class=\"a-spacing-mini\"><span class=\"a-list-item\">Kerge ja \u00fclimalt man\u00f6\u00f6verdatav, l\u00e4heb kergesti m\u00f6\u00f6bli alla<\/span><\/li>\n<li class=\"a-spacing-mini\"><span class=\"a-list-item\">Intuitiivne ja praktiline oma LED-s\u00fcsteemi ja isepuhastusfunktsiooniga<\/span><\/li>\n<\/ul>","protected":false},"excerpt":{"rendered":"<div class=\"a-row\">\n<div class=\"a-column a-span6\">\n<h1 class=\"a-size-medium a-spacing-small\">Technical Details<\/h1>\n<\/div>\n<\/div>\n<div class=\"a-expander-content a-expander-extend-content\" data-expanded=\"true\">\n<div class=\"a-row a-expander-container a-expander-inline-container\">\n<div class=\"a-expander-content a-expander-section-content a-section-expander-inner\" data-expanded=\"true\">\n<table id=\"productDetails_techSpec_section_1\" class=\"a-keyvalue prodDetTable\" role=\"presentation\">\n<tbody>\n<tr>\n<th class=\"a-color-secondary a-size-base prodDetSectionEntry\">Product Dimensions<\/th>\n<td class=\"a-size-base prodDetAttrValue\">\u200e31 x 23 x 121 cm; 6.29 kg<\/td>\n<\/tr>\n<tr>\n<th class=\"a-color-secondary a-size-base prodDetSectionEntry\">Form Factor<\/th>\n<td class=\"a-size-base prodDetAttrValue\">\u200eStick<\/td>\n<\/tr>\n<tr>\n<th class=\"a-color-secondary a-size-base prodDetSectionEntry\">Is assembly required<\/th>\n<td class=\"a-size-base prodDetAttrValue\">\u200eNo<\/td>\n<\/tr>\n<tr>\n<th class=\"a-color-secondary a-size-base prodDetSectionEntry\">Number of pieces<\/th>\n<td class=\"a-size-base prodDetAttrValue\">\u200e1<\/td>\n<\/tr>\n<tr>\n<th class=\"a-color-secondary a-size-base prodDetSectionEntry\">Batteries required<\/th>\n<td class=\"a-size-base prodDetAttrValue\">\u200eYes<\/td>\n<\/tr>\n<tr>\n<th class=\"a-color-secondary a-size-base prodDetSectionEntry\">Battery type<\/th>\n<td class=\"a-size-base prodDetAttrValue\">\u200eRechargeable battery, 25.55 volts<\/td>\n<\/tr>\n<tr>\n<th class=\"a-color-secondary a-size-base prodDetSectionEntry\">Included components<\/th>\n<td class=\"a-size-base prodDetAttrValue\">\u200e[POSSIBLY] Charging Dock<\/td>\n<\/tr>\n<\/tbody>\n<\/table>\n<\/div>\n<\/div>\n<\/div>\n","protected":false},"featured_media":10547,"comment_status":"open","ping_status":"closed","template":"","meta":{"_monsterinsights_skip_tracking":false,"_monsterinsights_sitenote_active":false,"_monsterinsights_sitenote_note":"","_monsterinsights_sitenote_category":0,"jetpack_publicize_message":"","jetpack_publicize_feature_enabled":true,"jetpack_social_post_already_shared":false,"jetpack_social_options":{"image_generator_settings":{"template":"highway","default_image_id":0,"font":"","enabled":false},"version":2}},"product_brand":[],"product_cat":[101],"product_tag":[],"class_list":{"0":"post-8926","1":"product","2":"type-product","3":"status-publish","4":"has-post-thumbnail","6":"product_cat-cordless-vacuum-cleaners","8":"first","9":"instock","10":"sale","11":"shipping-taxable","12":"purchasable","13":"product-type-simple"},"aioseo_notices":[],"jetpack_publicize_connections":[],"jetpack_sharing_enabled":true,"_links":{"self":[{"href":"https:\/\/amazingmarket.ee\/et\/wp-json\/wp\/v2\/product\/8926","targetHints":{"allow":["GET"]}}],"collection":[{"href":"https:\/\/amazingmarket.ee\/et\/wp-json\/wp\/v2\/product"}],"about":[{"href":"https:\/\/amazingmarket.ee\/et\/wp-json\/wp\/v2\/types\/product"}],"replies":[{"embeddable":true,"href":"https:\/\/amazingmarket.ee\/et\/wp-json\/wp\/v2\/comments?post=8926"}],"wp:featuredmedia":[{"embeddable":true,"href":"https:\/\/amazingmarket.ee\/et\/wp-json\/wp\/v2\/media\/10547"}],"wp:attachment":[{"href":"https:\/\/amazingmarket.ee\/et\/wp-json\/wp\/v2\/media?parent=8926"}],"wp:term":[{"taxonomy":"product_brand","embeddable":true,"href":"https:\/\/amazingmarket.ee\/et\/wp-json\/wp\/v2\/product_brand?post=8926"},{"taxonomy":"product_cat","embeddable":true,"href":"https:\/\/amazingmarket.ee\/et\/wp-json\/wp\/v2\/product_cat?post=8926"},{"taxonomy":"product_tag","embeddable":true,"href":"https:\/\/amazingmarket.ee\/et\/wp-json\/wp\/v2\/product_tag?post=8926"}],"curies":[{"name":"wp","href":"https:\/\/api.w.org\/{rel}","templated":true}]}}