{"id":8915,"date":"2025-01-07T11:59:30","date_gmt":"2025-01-07T09:59:30","guid":{"rendered":"https:\/\/amazingmarket.ee\/?post_type=product&#038;p=8915"},"modified":"2026-03-14T11:15:23","modified_gmt":"2026-03-14T09:15:23","slug":"cosori-air-fryer-oven-caf-r121","status":"publish","type":"product","link":"https:\/\/amazingmarket.ee\/et\/toode\/cosori-air-fryer-oven-caf-r121\/","title":{"rendered":"COSORI Air Fryer Ahi CAF-R121"},"content":{"rendered":"<h1>DEMO<\/h1>\n<h1 class=\"a-size-base-plus a-text-bold\">About this item<\/h1>\n<ul class=\"a-unordered-list a-vertical a-spacing-mini\">\n<li class=\"a-spacing-mini\"><span class=\"a-list-item\">\ud835\udc6c\ud835\udc87\ud835\udc87\ud835\udc90\ud835\udc93\ud835\udc95\ud835\udc8d\ud835\udc86\ud835\udc94\ud835\udc94 \ud835\udc7c\ud835\udc91\ud835\udc88\ud835\udc93\ud835\udc82\ud835\udc85\ud835\udc86: This is the perfect solution to upgrade your air fryer while simplifying your traditional oven. Enjoy the best of both worlds!<\/span><\/li>\n<li class=\"a-spacing-mini\"><span class=\"a-list-item\">\ud835\udc74\ud835\udc96\ud835\udc8d\ud835\udc95\ud835\udc8a-\ud835\udc6d\ud835\udc96\ud835\udc8f\ud835\udc84\ud835\udc95\ud835\udc8a\ud835\udc90\ud835\udc8f, \ud835\udc7c\ud835\udc8f\ud835\udc8d\ud835\udc90\ud835\udc84\ud835\udc8c \ud835\udc6c\ud835\udc8f\ud835\udc85\ud835\udc8d\ud835\udc86\ud835\udc94\ud835\udc94 \ud835\udc6a\ud835\udc90\ud835\udc90\ud835\udc8c\ud835\udc8a\ud835\udc8f\ud835\udc88 \ud835\udc77\ud835\udc90\ud835\udc94\ud835\udc94\ud835\udc8a\ud835\udc83\ud835\udc8a\ud835\udc8d\ud835\udc8a\ud835\udc95\ud835\udc8a\ud835\udc86\ud835\udc94: More than just an air fryer\u2014it also features Rotisserie, Pizza, Proof, and Toast, and more for a total of 11 cooking functions to meet your culinary needs.<\/span><\/li>\n<li class=\"a-spacing-mini\"><span class=\"a-list-item\">\ud835\udc73\ud835\udc82\ud835\udc93\ud835\udc88\ud835\udc86\ud835\udc93 \ud835\udc6a\ud835\udc82\ud835\udc91\ud835\udc82\ud835\udc84\ud835\udc8a\ud835\udc95\ud835\udc9a, \ud835\udc6c\ud835\udc87\ud835\udc87\ud835\udc8a\ud835\udc84\ud835\udc8a\ud835\udc86\ud835\udc8f\ud835\udc95 \ud835\udc7b\ud835\udc98\ud835\udc90-\ud835\udc73\ud835\udc86\ud835\udc97\ud835\udc86\ud835\udc8d \ud835\udc6a\ud835\udc90\ud835\udc90\ud835\udc8c\ud835\udc8a\ud835\udc8f\ud835\udc88: The 13-quart oven fits up to 2 lbs of fries, an 8-inch pizza, or 4 lbs of chicken, and allows you to cook on two levels at once, perfect for family meals.<\/span><\/li>\n<li class=\"a-spacing-mini\"><span class=\"a-list-item\">\ud835\udc6a\ud835\udc90\ud835\udc8e\ud835\udc91\ud835\udc82\ud835\udc84\ud835\udc95 \ud835\udc6b\ud835\udc86\ud835\udc94\ud835\udc8a\ud835\udc88\ud835\udc8f, \ud835\udc74\ud835\udc90\ud835\udc93\ud835\udc86 \ud835\udc72\ud835\udc8a\ud835\udc95\ud835\udc84\ud835\udc89\ud835\udc86\ud835\udc8f \ud835\udc7a\ud835\udc91\ud835\udc82\ud835\udc84\ud835\udc86: Smaller than traditional ovens, the R121\u2019s sleek dimensions [13.5 (D) x 13.0 (W) x 14.5 (H) in] make it easy to fit on your countertop or in your cabinets, maximizing your kitchen space.<\/span><\/li>\n<li class=\"a-spacing-mini\"><span class=\"a-list-item\">\ud835\udc6d\ud835\udc82\ud835\udc94\ud835\udc95\ud835\udc86\ud835\udc93 \ud835\udc6a\ud835\udc90\ud835\udc90\ud835\udc8c\ud835\udc8a\ud835\udc8f\ud835\udc88, \ud835\udc6c\ud835\udc8f\ud835\udc89\ud835\udc82\ud835\udc8f\ud835\udc84\ud835\udc86\ud835\udc85 \ud835\udc6c\ud835\udc87\ud835\udc87\ud835\udc8a\ud835\udc84\ud835\udc8a\ud835\udc86\ud835\udc8f\ud835\udc84\ud835\udc9a: Cooks 40% faster* than traditional ovens, with a simplified control panel that makes cooking easier and quicker\u2014no more waiting for long preheating! *Average determined by testing a variety of foods. Results may vary.<\/span><\/li>\n<li class=\"a-spacing-mini\"><span class=\"a-list-item\">\ud835\udc6a\ud835\udc93\ud835\udc8a\ud835\udc94\ud835\udc91\ud835\udc9a &amp; \ud835\udc7b\ud835\udc86\ud835\udc8f\ud835\udc85\ud835\udc86\ud835\udc93 \ud835\udc79\ud835\udc86\ud835\udc94\ud835\udc96\ud835\udc8d\ud835\udc95\ud835\udc94: Enjoy perfectly crispy exteriors and juicy interiors with advanced 360\u00b0 hot air circulation, reducing oil by up to 85%* for healthier meals. *Tested using french fries against traditional deep frying. Results may vary.Enjoy perfectly crispy exteriors and juicy interiors with advanced 360\u00b0 hot air circulation, reducing oil by up to 85%* for healthier meals. *Tested using french fries against traditional deep frying. Results may vary.<\/span><\/li>\n<li class=\"a-spacing-mini\"><span class=\"a-list-item\">6-\ud835\udc77\ud835\udc8a\ud835\udc86\ud835\udc84\ud835\udc86 \ud835\udc68\ud835\udc84\ud835\udc84\ud835\udc86\ud835\udc94\ud835\udc94\ud835\udc90\ud835\udc93\ud835\udc9a \ud835\udc72\ud835\udc8a\ud835\udc95 \ud835\udc87\ud835\udc90\ud835\udc93 \ud835\udc6c\ud835\udc82\ud835\udc94\ud835\udc9a \ud835\udc6a\ud835\udc90\ud835\udc90\ud835\udc8c\ud835\udc8a\ud835\udc8f\ud835\udc88: Includes 6 accessories (rotisserie basket, fork, air fry tray, food tray, and more) to handle cooking tasks with ease.<\/span><\/li>\n<\/ul>\n","protected":false},"excerpt":{"rendered":"<h2>Tooteteave<\/h2>\n<div class=\"a-row a-spacing-top-base\">\n<div class=\"a-column a-span6\">\n<div class=\"a-row a-spacing-base\">\n<div class=\"a-section table-padding\">\n<table id=\"productDetails_detailBullets_sections1\" class=\"a-keyvalue prodDetTable\" role=\"presentation\">\n<tbody>\n<tr>\n<th class=\"a-color-secondary a-size-base prodDetSectionEntry\">Erifunktsioon<\/th>\n<td class=\"a-size-base prodDetAttrValue\">Kahetsoonilised funktsioonid, temperatuuri reguleerimine, 11 k\u00fcpsetusfunktsiooni, kaks k\u00fctteelementi, n\u00f5udepesumasinas pestav, automaatne v\u00e4ljal\u00fclitus, programmeeritav<\/td>\n<\/tr>\n<tr>\n<th class=\"a-color-secondary a-size-base prodDetSectionEntry\">Toote m\u00f5\u00f5tmed<\/th>\n<td class=\"a-size-base prodDetAttrValue\">13,5\u2033D x 13\u2033L x 14,5\u2033K<\/td>\n<\/tr>\n<tr>\n<th class=\"a-color-secondary a-size-base prodDetSectionEntry\">V\u00e4rv<\/th>\n<td class=\"a-size-base prodDetAttrValue\">H\u00f5bedane<\/td>\n<\/tr>\n<tr>\n<th class=\"a-color-secondary a-size-base prodDetSectionEntry\">Mahutavus<\/th>\n<td class=\"a-size-base prodDetAttrValue\">13 kvartit<\/td>\n<\/tr>\n<tr>\n<th class=\"a-color-secondary a-size-base prodDetSectionEntry\">Materjal<\/th>\n<td class=\"a-size-base prodDetAttrValue\">Roostevaba teras<\/td>\n<\/tr>\n<tr>\n<th class=\"a-color-secondary a-size-base prodDetSectionEntry\">Toote soovitatavad kasutusalad<\/th>\n<td class=\"a-size-base prodDetAttrValue\">Rotisserie, r\u00f6st, r\u00f6stsai, praadida, k\u00fcpsetada, uuesti kuumutada, \u00f5hu k\u00e4es praadida, kuivatada<\/td>\n<\/tr>\n<tr>\n<th class=\"a-color-secondary a-size-base prodDetSectionEntry\">V\u00e4ljundv\u00f5imsus<\/th>\n<td class=\"a-size-base prodDetAttrValue\">1800 vatti<\/td>\n<\/tr>\n<tr>\n<th class=\"a-color-secondary a-size-base prodDetSectionEntry\">Kauba kaal<\/th>\n<td class=\"a-size-base prodDetAttrValue\">15,4 naela<\/td>\n<\/tr>\n<tr>\n<th class=\"a-color-secondary a-size-base prodDetSectionEntry\">Kaubam\u00e4rk<\/th>\n<td class=\"a-size-base prodDetAttrValue\">COSORI<\/td>\n<\/tr>\n<tr>\n<th class=\"a-color-secondary a-size-base prodDetSectionEntry\">V\u00f5imsus<\/th>\n<td class=\"a-size-base prodDetAttrValue\">1800 vatti<\/td>\n<\/tr>\n<tr>\n<th class=\"a-color-secondary a-size-base prodDetSectionEntry\">Pinge<\/th>\n<td class=\"a-size-base prodDetAttrValue\">120<\/td>\n<\/tr>\n<tr>\n<th class=\"a-color-secondary a-size-base prodDetSectionEntry\">Kontrollimeetod<\/th>\n<td class=\"a-size-base prodDetAttrValue\">Puudutage<\/td>\n<\/tr>\n<tr>\n<th class=\"a-color-secondary a-size-base prodDetSectionEntry\">Mudeli nimi<\/th>\n<td class=\"a-size-base prodDetAttrValue\">\u00d5hufrit\u00fc\u00fcr<\/td>\n<\/tr>\n<tr>\n<th class=\"a-color-secondary a-size-base prodDetSectionEntry\">Sellel on mittenakkuva kate<\/th>\n<td class=\"a-size-base prodDetAttrValue\">Jah<\/td>\n<\/tr>\n<tr>\n<th class=\"a-color-secondary a-size-base prodDetSectionEntry\">Sisemine materjal<\/th>\n<td class=\"a-size-base prodDetAttrValue\">Roostevaba teras<\/td>\n<\/tr>\n<tr>\n<th class=\"a-color-secondary a-size-base prodDetSectionEntry\">Minimaalse temperatuuri seadistus<\/th>\n<td class=\"a-size-base prodDetAttrValue\">90 kraadi Fahrenheiti<\/td>\n<\/tr>\n<tr>\n<th class=\"a-color-secondary a-size-base prodDetSectionEntry\">V\u00e4line materjal<\/th>\n<td class=\"a-size-base prodDetAttrValue\">Roostevaba teras<\/td>\n<\/tr>\n<tr>\n<th class=\"a-color-secondary a-size-base prodDetSectionEntry\">Kontrolleri t\u00fc\u00fcp<\/th>\n<td class=\"a-size-base prodDetAttrValue\">Rakendus<\/td>\n<\/tr>\n<tr>\n<th class=\"a-color-secondary a-size-base prodDetSectionEntry\">Kas n\u00f5udepesumasinas ohutu<\/th>\n<td class=\"a-size-base prodDetAttrValue\">Jah<\/td>\n<\/tr>\n<tr>\n<th class=\"a-color-secondary a-size-base prodDetSectionEntry\">Maksimaalse temperatuuri seadistus<\/th>\n<td class=\"a-size-base prodDetAttrValue\">450 kraadi Fahrenheiti<\/td>\n<\/tr>\n<tr>\n<th class=\"a-color-secondary a-size-base prodDetSectionEntry\">UPC<\/th>\n<td class=\"a-size-base prodDetAttrValue\">810043378772<\/td>\n<\/tr>\n<tr>\n<th class=\"a-color-secondary a-size-base prodDetSectionEntry\">Tootja<\/th>\n<td class=\"a-size-base prodDetAttrValue\">COSORI<\/td>\n<\/tr>\n<tr>\n<th class=\"a-color-secondary a-size-base prodDetSectionEntry\">Kauba kaal<\/th>\n<td class=\"a-size-base prodDetAttrValue\">15,4 naela<\/td>\n<\/tr>\n<tr>\n<th class=\"a-color-secondary a-size-base prodDetSectionEntry\">ASIN<\/th>\n<td class=\"a-size-base prodDetAttrValue\">B0BBZZG4Z8<\/td>\n<\/tr>\n<tr>\n<th class=\"a-color-secondary a-size-base prodDetSectionEntry\">P\u00e4ritoluriik<\/th>\n<td class=\"a-size-base prodDetAttrValue\">Hiina<\/td>\n<\/tr>\n<\/tbody>\n<\/table>\n<\/div>\n<\/div>\n<\/div>\n<\/div>","protected":false},"featured_media":8920,"comment_status":"open","ping_status":"closed","template":"","meta":{"_monsterinsights_skip_tracking":false,"_monsterinsights_sitenote_active":false,"_monsterinsights_sitenote_note":"","_monsterinsights_sitenote_category":0,"jetpack_publicize_message":"","jetpack_publicize_feature_enabled":true,"jetpack_social_post_already_shared":false,"jetpack_social_options":{"image_generator_settings":{"template":"highway","default_image_id":0,"font":"","enabled":false},"version":2}},"product_brand":[],"product_cat":[71],"product_tag":[],"class_list":{"0":"post-8915","1":"product","2":"type-product","3":"status-publish","4":"has-post-thumbnail","6":"product_cat-airfryers","8":"first","9":"instock","10":"sale","11":"shipping-taxable","12":"purchasable","13":"product-type-simple"},"aioseo_notices":[],"jetpack_publicize_connections":[],"jetpack_sharing_enabled":true,"_links":{"self":[{"href":"https:\/\/amazingmarket.ee\/et\/wp-json\/wp\/v2\/product\/8915","targetHints":{"allow":["GET"]}}],"collection":[{"href":"https:\/\/amazingmarket.ee\/et\/wp-json\/wp\/v2\/product"}],"about":[{"href":"https:\/\/amazingmarket.ee\/et\/wp-json\/wp\/v2\/types\/product"}],"replies":[{"embeddable":true,"href":"https:\/\/amazingmarket.ee\/et\/wp-json\/wp\/v2\/comments?post=8915"}],"wp:featuredmedia":[{"embeddable":true,"href":"https:\/\/amazingmarket.ee\/et\/wp-json\/wp\/v2\/media\/8920"}],"wp:attachment":[{"href":"https:\/\/amazingmarket.ee\/et\/wp-json\/wp\/v2\/media?parent=8915"}],"wp:term":[{"taxonomy":"product_brand","embeddable":true,"href":"https:\/\/amazingmarket.ee\/et\/wp-json\/wp\/v2\/product_brand?post=8915"},{"taxonomy":"product_cat","embeddable":true,"href":"https:\/\/amazingmarket.ee\/et\/wp-json\/wp\/v2\/product_cat?post=8915"},{"taxonomy":"product_tag","embeddable":true,"href":"https:\/\/amazingmarket.ee\/et\/wp-json\/wp\/v2\/product_tag?post=8915"}],"curies":[{"name":"wp","href":"https:\/\/api.w.org\/{rel}","templated":true}]}}