{"id":8875,"date":"2025-01-07T11:03:33","date_gmt":"2025-01-07T09:03:33","guid":{"rendered":"https:\/\/amazingmarket.ee\/?post_type=product&#038;p=8875"},"modified":"2026-03-14T11:15:23","modified_gmt":"2026-03-14T09:15:23","slug":"comfee-pyra17ss-60-60-cm-stainless-steel-cooker-hood","status":"publish","type":"product","link":"https:\/\/amazingmarket.ee\/et\/toode\/comfee-pyra17ss-60-60-cm-stainless-steel-cooker-hood\/","title":{"rendered":"COMFEE&#039; PYRA17SS-60 60 cm roostevabast terasest \u00f5hupuhasti"},"content":{"rendered":"<h1>UUS, ON M\u00d5LK<\/h1>\n<h1 class=\"a-size-base-plus a-text-bold\">Selle \u00fcksuse kohta<\/h1>\n<ul class=\"a-unordered-list a-vertical a-spacing-mini\">\n<li class=\"a-spacing-mini\"><span class=\"a-list-item\">\u3010400 m\u00b3\/h v\u00f5imas imemisv\u00f5imsus\u3011 V\u00f5imas imemisv\u00f5imsus t\u00e4hendab, et enam pole t\u00fc\u00fctut toiduvalmistamise aurude tekitatud segadust ja saate nautida toiduvalmistamist v\u00e4rskel viisil, kuna 400 m\u00b3\/h v\u00f5imas \u00f5huvool eemaldab t\u00f5husalt k\u00f5ige ebameeldivamad l\u00f5hnad, auru ja rasva.<\/span><\/li>\n<li class=\"a-spacing-mini\"><span class=\"a-list-item\">\u3010Kahekordne v\u00e4ljat\u00f5mbere\u017eiim ja kolm kiirust\u3011Meie Comfee&#039; \u00f5hupuhasti sobib nii kanali v\u00e4ljat\u00f5mbega kui ka sisemise retsirkulatsiooniga (vaja on eraldi osta s\u00fcsinikfiltrit \u2013 COMFEE&#039; CF04), olenevalt teie vajadustest. Kanali v\u00e4ljat\u00f5mbega t\u00fc\u00fcbil pole s\u00fcsinikfiltreid vaja. Kolme v\u00f5imsusvalikuga suudab see t\u00e4pselt teie vajadused rahuldada ja hoida teie k\u00f6\u00f6gi alati v\u00e4rskena.<\/span><\/li>\n<li class=\"a-spacing-mini\"><span class=\"a-list-item\">\u3010Lihtne ja intuitiivne\u3011 Intuitiivne kasutamine selge juhtpaneeliga. Vajutage nuppu ja saavutate usaldusv\u00e4\u00e4rse f\u00fc\u00fcsilise haptika. Nupu 20 000-kordne t\u00f6\u00f6iga tagab pikaajalise kasutamise. Samuti vajutage ja l\u00fclitage sisse LED-tuli, mis tagab pliidiplaadil hea n\u00e4htavuse.<\/span><\/li>\n<li class=\"a-spacing-mini\"><span class=\"a-list-item\">\u3010Lihtne paigaldus\u3011 \u00d5hupuhasti m\u00f5\u00f5tmetega 598L \u00d7 448S \u00d7 569K mm ja reguleeritava k\u00f5rgusega korstnaga saab ideaalselt teie k\u00f6\u00f6ki paigaldada. Samuti pole vaja paigaldamise p\u00e4rast muretseda \u2013 pakume \u00fcksikasjalikku \u00f5ppevideot, mida saate h\u00f5lpsalt j\u00e4lgida.<\/span><\/li>\n<\/ul>","protected":false},"excerpt":{"rendered":"<div class=\"a-row\">\n<div class=\"a-column a-span6\">\n<h1 class=\"a-size-medium a-spacing-small\">Tehnilised \u00fcksikasjad<\/h1>\n<\/div>\n<\/div>\n<div class=\"a-expander-content a-expander-extend-content\" data-expanded=\"true\">\n<div class=\"a-row a-expander-container a-expander-inline-container\">\n<div class=\"a-expander-content a-expander-section-content a-section-expander-inner\" data-expanded=\"true\">\n<table id=\"productDetails_techSpec_section_1\" class=\"a-keyvalue prodDetTable\" role=\"presentation\">\n<tbody>\n<tr>\n<th class=\"a-color-secondary a-size-base prodDetSectionEntry\">\u00d5huvoolu l\u00e4bilaskev\u00f5ime<\/th>\n<td class=\"a-size-base prodDetAttrValue\">\u200e3,2E+2 CMPH<\/td>\n<\/tr>\n<tr>\n<th class=\"a-color-secondary a-size-base prodDetSectionEntry\">Materjal<\/th>\n<td class=\"a-size-base prodDetAttrValue\">Roostevaba teras, alumiinium<\/td>\n<\/tr>\n<tr>\n<th class=\"a-color-secondary a-size-base prodDetSectionEntry\">M\u00fcratase<\/th>\n<td class=\"a-size-base prodDetAttrValue\">67 dB<\/td>\n<\/tr>\n<tr>\n<th class=\"a-color-secondary a-size-base prodDetSectionEntry\">Kinnitusviis<\/th>\n<td class=\"a-size-base prodDetAttrValue\">Seinakinnitus<\/td>\n<\/tr>\n<tr>\n<th class=\"a-color-secondary a-size-base prodDetSectionEntry\">Kaasas olevad komponendid<\/th>\n<td class=\"a-size-base prodDetAttrValue\">Pliidikupu, kasutusjuhend<\/td>\n<\/tr>\n<tr>\n<th class=\"a-color-secondary a-size-base prodDetSectionEntry\">Juhtelementide t\u00fc\u00fcp<\/th>\n<td class=\"a-size-base prodDetAttrValue\">Vajuta nuppu<\/td>\n<\/tr>\n<tr>\n<th class=\"a-color-secondary a-size-base prodDetSectionEntry\">Pinge<\/th>\n<td class=\"a-size-base prodDetAttrValue\">220<\/td>\n<\/tr>\n<tr>\n<th class=\"a-color-secondary a-size-base prodDetSectionEntry\">Kiiruste arv<\/th>\n<td class=\"a-size-base prodDetAttrValue\">3<\/td>\n<\/tr>\n<tr>\n<th class=\"a-color-secondary a-size-base prodDetSectionEntry\">Kauba kaal<\/th>\n<td class=\"a-size-base prodDetAttrValue\">5,3 kilogrammi<\/td>\n<\/tr>\n<tr>\n<th class=\"a-color-secondary a-size-base prodDetSectionEntry\">Valgusallika t\u00fc\u00fcp<\/th>\n<td class=\"a-size-base prodDetAttrValue\">LED<\/td>\n<\/tr>\n<tr>\n<th class=\"a-color-secondary a-size-base prodDetSectionEntry\">Filtri t\u00fc\u00fcp<\/th>\n<td class=\"a-size-base prodDetAttrValue\">5-kihiline alumiiniumist rasvafilter<\/td>\n<\/tr>\n<tr>\n<th class=\"a-color-secondary a-size-base prodDetSectionEntry\">Kauba vorm<\/th>\n<td class=\"a-size-base prodDetAttrValue\">Ristk\u00fclikukujuline<\/td>\n<\/tr>\n<tr>\n<th class=\"a-color-secondary a-size-base prodDetSectionEntry\">Spetsifikatsioon t\u00e4idetud<\/th>\n<td class=\"a-size-base prodDetAttrValue\">\u200eUKCA<\/td>\n<\/tr>\n<tr>\n<th class=\"a-color-secondary a-size-base prodDetSectionEntry\">Ventilatsiooni t\u00fc\u00fcp<\/th>\n<td class=\"a-size-base prodDetAttrValue\">Heitgaas<\/td>\n<\/tr>\n<tr>\n<th class=\"a-color-secondary a-size-base prodDetSectionEntry\">Ventilatsioonikupli disain<\/th>\n<td class=\"a-size-base prodDetAttrValue\">Seinale kinnitatav \u00f5hupuhasti<\/td>\n<\/tr>\n<tr>\n<th class=\"a-color-secondary a-size-base prodDetSectionEntry\">Tootja<\/th>\n<td class=\"a-size-base prodDetAttrValue\">KOHV<\/td>\n<\/tr>\n<tr>\n<th class=\"a-color-secondary a-size-base prodDetSectionEntry\">Mudel<\/th>\n<td class=\"a-size-base prodDetAttrValue\">KWH-PYRA17SS-60<\/td>\n<\/tr>\n<tr>\n<th class=\"a-color-secondary a-size-base prodDetSectionEntry\">Toote m\u00f5\u00f5tmed<\/th>\n<td class=\"a-size-base prodDetAttrValue\">44,8 x 59,8 x 56,9 cm; 5,3 kg<\/td>\n<\/tr>\n<tr>\n<th class=\"a-color-secondary a-size-base prodDetSectionEntry\">Aastane energiatarbimine<\/th>\n<td class=\"a-size-base prodDetAttrValue\">27 kilovatt-tundi aastas<\/td>\n<\/tr>\n<tr>\n<th class=\"a-color-secondary a-size-base prodDetSectionEntry\">Installi t\u00fc\u00fcp<\/th>\n<td class=\"a-size-base prodDetAttrValue\">Iseseisev<\/td>\n<\/tr>\n<tr>\n<th class=\"a-color-secondary a-size-base prodDetSectionEntry\">Osa number<\/th>\n<td class=\"a-size-base prodDetAttrValue\">KWH-PYRA17SS-60<\/td>\n<\/tr>\n<tr>\n<th class=\"a-color-secondary a-size-base prodDetSectionEntry\">Eriomadused<\/th>\n<td class=\"a-size-base prodDetAttrValue\">Tugev imemisv\u00f5imsus, lihtne paigaldus, kolm kiirust<\/td>\n<\/tr>\n<tr>\n<th class=\"a-color-secondary a-size-base prodDetSectionEntry\">\u00d5huvoolu nihe<\/th>\n<td class=\"a-size-base prodDetAttrValue\">400 CMPH<\/td>\n<\/tr>\n<tr>\n<th class=\"a-color-secondary a-size-base prodDetSectionEntry\">Ventilatsiooniavade arv<\/th>\n<td class=\"a-size-base prodDetAttrValue\">1<\/td>\n<\/tr>\n<tr>\n<th class=\"a-color-secondary a-size-base prodDetSectionEntry\">Materjali t\u00fc\u00fcp<\/th>\n<td class=\"a-size-base prodDetAttrValue\">Roostevaba teras, alumiinium<\/td>\n<\/tr>\n<tr>\n<th class=\"a-color-secondary a-size-base prodDetSectionEntry\">Patareid on vaja?<\/th>\n<td class=\"a-size-base prodDetAttrValue\">Ei<\/td>\n<\/tr>\n<tr>\n<th class=\"a-color-secondary a-size-base prodDetSectionEntry\">Kauba kaal<\/th>\n<td class=\"a-size-base prodDetAttrValue\">5,3 kg<\/td>\n<\/tr>\n<\/tbody>\n<\/table>\n<\/div>\n<\/div>\n<\/div>","protected":false},"featured_media":8876,"comment_status":"open","ping_status":"closed","template":"","meta":{"_monsterinsights_skip_tracking":false,"_monsterinsights_sitenote_active":false,"_monsterinsights_sitenote_note":"","_monsterinsights_sitenote_category":0,"jetpack_publicize_message":"","jetpack_publicize_feature_enabled":true,"jetpack_social_post_already_shared":false,"jetpack_social_options":{"image_generator_settings":{"template":"highway","default_image_id":0,"font":"","enabled":false},"version":2}},"product_brand":[],"product_cat":[149],"product_tag":[],"class_list":{"0":"post-8875","1":"product","2":"type-product","3":"status-publish","4":"has-post-thumbnail","6":"product_cat-cooker-hoods","8":"first","9":"instock","10":"sale","11":"shipping-taxable","12":"purchasable","13":"product-type-simple"},"aioseo_notices":[],"jetpack_publicize_connections":[],"jetpack_sharing_enabled":true,"_links":{"self":[{"href":"https:\/\/amazingmarket.ee\/et\/wp-json\/wp\/v2\/product\/8875","targetHints":{"allow":["GET"]}}],"collection":[{"href":"https:\/\/amazingmarket.ee\/et\/wp-json\/wp\/v2\/product"}],"about":[{"href":"https:\/\/amazingmarket.ee\/et\/wp-json\/wp\/v2\/types\/product"}],"replies":[{"embeddable":true,"href":"https:\/\/amazingmarket.ee\/et\/wp-json\/wp\/v2\/comments?post=8875"}],"wp:featuredmedia":[{"embeddable":true,"href":"https:\/\/amazingmarket.ee\/et\/wp-json\/wp\/v2\/media\/8876"}],"wp:attachment":[{"href":"https:\/\/amazingmarket.ee\/et\/wp-json\/wp\/v2\/media?parent=8875"}],"wp:term":[{"taxonomy":"product_brand","embeddable":true,"href":"https:\/\/amazingmarket.ee\/et\/wp-json\/wp\/v2\/product_brand?post=8875"},{"taxonomy":"product_cat","embeddable":true,"href":"https:\/\/amazingmarket.ee\/et\/wp-json\/wp\/v2\/product_cat?post=8875"},{"taxonomy":"product_tag","embeddable":true,"href":"https:\/\/amazingmarket.ee\/et\/wp-json\/wp\/v2\/product_tag?post=8875"}],"curies":[{"name":"wp","href":"https:\/\/api.w.org\/{rel}","templated":true}]}}