{"id":8836,"date":"2024-12-30T12:58:45","date_gmt":"2024-12-30T10:58:45","guid":{"rendered":"https:\/\/amazingmarket.ee\/?post_type=product&#038;p=8836"},"modified":"2026-03-14T11:15:23","modified_gmt":"2026-03-14T09:15:23","slug":"di4-steamclean-multi10-max-10-in-1-multifunctional-steam-mop-cleaner","status":"publish","type":"product","link":"https:\/\/amazingmarket.ee\/et\/toode\/di4-steamclean-multi10-max-10-in-1-multifunctional-steam-mop-cleaner\/","title":{"rendered":"Di4 Steamclean Multi10 Max 10 in 1 multifunktsionaalne aurumopipuhastaja"},"content":{"rendered":"<h1>KASUTATUD ASEE, PUUDUB MOPS, m\u00e4\u00e4rdunud<\/h1>\n<h1 class=\"a-size-base-plus a-text-bold\">Selle \u00fcksuse kohta<\/h1>\n<ul class=\"a-unordered-list a-vertical a-spacing-mini\">\n<li class=\"a-spacing-mini\"><span class=\"a-list-item\">AURUPUHASTAJA Ei pea kasutama pesuvahendit, hoidke oma kodu v\u00e4rske ja desinfitseeritud, hoolitsedes oma l\u00e4hedaste eest. L\u00f5petage pesuvahendite kasutamine ja panustage keskkonnakaitsesse<\/span><\/li>\n<li class=\"a-spacing-mini\"><span class=\"a-list-item\">ROHKEM ARU JA V\u00d5IMSUST. Uus Steamclean Multi10 Max toodab t\u00e4nu oma uuele disainile ja 1500 W v\u00f5imsusele optimaalse koguse auru. Seda k\u00f5ike kompaktses, kergemas ja multifunktsionaalses struktuuris. See desinfitseerib kergesti k\u00f5ige peidetud nurgad ja liigub turvaliselt m\u00f6\u00f6da maja<\/span><\/li>\n<li class=\"a-spacing-mini\"><span class=\"a-list-item\">OPTIMAALNE KIIRUS Kiirem ja mugavam, kasutusvalmis vaid 10 sekundiga. Kodu koristamine ei pea v\u00f5tma kauem kui vaja. Saadaval on 10 funktsiooni, mis on kasutusvalmis minimaalse ajaga<\/span><\/li>\n<li class=\"a-spacing-mini\"><span class=\"a-list-item\">PIIRAMATU AUTONOOMIA. Saate kasutada Steamclean Multi 10 Maxi nii kaua kui soovite ja j\u00f5uda ka k\u00f5ige raskemate pindadeni t\u00e4nu selle kolmnurksele alusele, mis v\u00f5imaldab h\u00f5lpsat juurdep\u00e4\u00e4su k\u00f5ikidele nurkadele. Lisaks v\u00f5imaldab selle suur 380 ml paak puhastada pikka aega, ilma et peaksite seda uuesti t\u00e4itma<\/span><\/li>\n<li class=\"a-spacing-mini\"><span class=\"a-list-item\">10 puhastustarvikut. V\u00f5imsus 10 in 1! S\u00e4\u00e4stke aega ja raha \u00fche puhastusvahendiga, mis v\u00f5imaldab teil desinfitseerida p\u00f5randaid, kangaid, aknaid, vannituba jne. Steamclean aurus\u00fcsteem eemaldab 99,91 TP3T viiruseid, baktereid ja mikroobe<\/span><\/li>\n<\/ul>","protected":false},"excerpt":{"rendered":"<div class=\"a-row\">\n<div class=\"a-column a-span6\">\n<h1 class=\"a-size-medium a-spacing-small\">Tehnilised \u00fcksikasjad<\/h1>\n<\/div>\n<\/div>\n<div class=\"a-expander-content a-expander-extend-content\" data-expanded=\"true\">\n<div class=\"a-row a-expander-container a-expander-inline-container\">\n<div class=\"a-expander-content a-expander-section-content a-section-expander-inner\" data-expanded=\"true\">\n<table id=\"productDetails_techSpec_section_1\" class=\"a-keyvalue prodDetTable\" role=\"presentation\">\n<tbody>\n<tr>\n<th class=\"a-color-secondary a-size-base prodDetSectionEntry\">Kaubam\u00e4rk<\/th>\n<td class=\"a-size-base prodDetAttrValue\">Di4<\/td>\n<\/tr>\n<tr>\n<th class=\"a-color-secondary a-size-base prodDetSectionEntry\">Mudeli number<\/th>\n<td class=\"a-size-base prodDetAttrValue\">\u200e8422160052378<\/td>\n<\/tr>\n<tr>\n<th class=\"a-color-secondary a-size-base prodDetSectionEntry\">V\u00e4rv<\/th>\n<td class=\"a-size-base prodDetAttrValue\">Must<\/td>\n<\/tr>\n<tr>\n<th class=\"a-color-secondary a-size-base prodDetSectionEntry\">Toote m\u00f5\u00f5tmed<\/th>\n<td class=\"a-size-base prodDetAttrValue\">170 x 194,99 x 570 cm; 2,5 kg<\/td>\n<\/tr>\n<tr>\n<th class=\"a-color-secondary a-size-base prodDetSectionEntry\">Mahutavus<\/th>\n<td class=\"a-size-base prodDetAttrValue\">380 milliliitrit<\/td>\n<\/tr>\n<tr>\n<th class=\"a-color-secondary a-size-base prodDetSectionEntry\">V\u00f5imsus \/ vatt<\/th>\n<td class=\"a-size-base prodDetAttrValue\">1500 vatti<\/td>\n<\/tr>\n<tr>\n<th class=\"a-color-secondary a-size-base prodDetSectionEntry\">Pinge<\/th>\n<td class=\"a-size-base prodDetAttrValue\">120 volti<\/td>\n<\/tr>\n<tr>\n<th class=\"a-color-secondary a-size-base prodDetSectionEntry\">Automaatne v\u00e4ljal\u00fclitus<\/th>\n<td class=\"a-size-base prodDetAttrValue\">Ei<\/td>\n<\/tr>\n<tr>\n<th class=\"a-color-secondary a-size-base prodDetSectionEntry\">Eriomadused<\/th>\n<td class=\"a-size-base prodDetAttrValue\">Eemaldatav, kuumuse valgusindikaator, kiire kuumenemine, kompaktne disain<\/td>\n<\/tr>\n<tr>\n<th class=\"a-color-secondary a-size-base prodDetSectionEntry\">Kauba kaal<\/th>\n<td class=\"a-size-base prodDetAttrValue\">2,5 kg<\/td>\n<\/tr>\n<\/tbody>\n<\/table>\n<\/div>\n<\/div>\n<\/div>","protected":false},"featured_media":10573,"comment_status":"open","ping_status":"closed","template":"","meta":{"_monsterinsights_skip_tracking":false,"_monsterinsights_sitenote_active":false,"_monsterinsights_sitenote_note":"","_monsterinsights_sitenote_category":0,"jetpack_publicize_message":"","jetpack_publicize_feature_enabled":true,"jetpack_social_post_already_shared":false,"jetpack_social_options":{"image_generator_settings":{"template":"highway","default_image_id":0,"font":"","enabled":false},"version":2}},"product_brand":[],"product_cat":[155],"product_tag":[],"class_list":{"0":"post-8836","1":"product","2":"type-product","3":"status-publish","4":"has-post-thumbnail","6":"product_cat-steam-mops","8":"first","9":"instock","10":"sale","11":"shipping-taxable","12":"purchasable","13":"product-type-simple"},"aioseo_notices":[],"jetpack_publicize_connections":[],"jetpack_sharing_enabled":true,"_links":{"self":[{"href":"https:\/\/amazingmarket.ee\/et\/wp-json\/wp\/v2\/product\/8836","targetHints":{"allow":["GET"]}}],"collection":[{"href":"https:\/\/amazingmarket.ee\/et\/wp-json\/wp\/v2\/product"}],"about":[{"href":"https:\/\/amazingmarket.ee\/et\/wp-json\/wp\/v2\/types\/product"}],"replies":[{"embeddable":true,"href":"https:\/\/amazingmarket.ee\/et\/wp-json\/wp\/v2\/comments?post=8836"}],"wp:featuredmedia":[{"embeddable":true,"href":"https:\/\/amazingmarket.ee\/et\/wp-json\/wp\/v2\/media\/10573"}],"wp:attachment":[{"href":"https:\/\/amazingmarket.ee\/et\/wp-json\/wp\/v2\/media?parent=8836"}],"wp:term":[{"taxonomy":"product_brand","embeddable":true,"href":"https:\/\/amazingmarket.ee\/et\/wp-json\/wp\/v2\/product_brand?post=8836"},{"taxonomy":"product_cat","embeddable":true,"href":"https:\/\/amazingmarket.ee\/et\/wp-json\/wp\/v2\/product_cat?post=8836"},{"taxonomy":"product_tag","embeddable":true,"href":"https:\/\/amazingmarket.ee\/et\/wp-json\/wp\/v2\/product_tag?post=8836"}],"curies":[{"name":"wp","href":"https:\/\/api.w.org\/{rel}","templated":true}]}}