{"id":8807,"date":"2024-12-30T11:56:46","date_gmt":"2024-12-30T09:56:46","guid":{"rendered":"https:\/\/amazingmarket.ee\/?post_type=product&#038;p=8807"},"modified":"2026-03-14T11:15:23","modified_gmt":"2026-03-14T09:15:23","slug":"severin-pg-8565-table-grill-with-stainless-steel","status":"publish","type":"product","link":"https:\/\/amazingmarket.ee\/et\/toode\/severin-pg-8565-table-grill-with-stainless-steel\/","title":{"rendered":"SEVERIN PG 8565 roostevabast terasest lauagrill"},"content":{"rendered":"<h1>V\u00c4HE KASUTATUD, HEAS SEISUKORD<\/h1>\n<h1 class=\"a-size-base-plus a-text-bold\">Selle \u00fcksuse kohta<\/h1>\n<ul class=\"a-unordered-list a-vertical a-spacing-mini\">\n<li class=\"a-spacing-mini\"><span class=\"a-list-item\">Suurep\u00e4rane e-grill \u2013 kiire k\u00e4ivitusega elektrigrill on t\u00e4nu l\u00fchikesele kuumutusajale v\u00e4ga kiirelt kasutatav: k\u00f5igeks, mida teie s\u00fcda ihkab<\/span><\/li>\n<li class=\"a-spacing-mini\"><span class=\"a-list-item\">P\u00f5lemist ei toimu \u2013 T\u00e4nu SafeTouch korpusele ei kuumene puudutatavad pinnad isegi t\u00f6\u00f6tamise ajal liiga kuumaks, nii et r\u00f5dugrilli saab h\u00f5lpsalt transportida.<\/span><\/li>\n<li class=\"a-spacing-mini\"><span class=\"a-list-item\">Lihtne kasutada \u2013 Severini lauagrilli temperatuurivahemikku saab juhtnupu abil h\u00f5lpsalt reguleerida. Juhtimine toimub LED-r\u00f5nga abil.<\/span><\/li>\n<li class=\"a-spacing-mini\"><span class=\"a-list-item\">Lihtne puhastada: t\u00e4nu eemaldatavatele osadele on seda v\u00e4ga lihtne puhastada. Grillimisalusel olev vesi hoiab \u00e4ra rasva k\u00f5rbemise ja suitsu tekkimise.<\/span><\/li>\n<li class=\"a-spacing-mini\"><span class=\"a-list-item\">Detailid \u2013 SEVERIN elektrigrill tuulekaitse ja termostaadiga juhitava k\u00fcttekehaga, sobib nii sise- kui ka v\u00e4listingimustes kasutamiseks, kvaliteetne roostevabast terasest k\u00fcpsetusrest, 2200 W, tootenumber 8565<\/span><\/li>\n<\/ul>","protected":false},"excerpt":{"rendered":"<div class=\"a-row\">\n<div class=\"a-column a-span6\">\n<h1 class=\"a-size-medium a-spacing-small\">Tehnilised \u00fcksikasjad<\/h1>\n<\/div>\n<\/div>\n<div class=\"a-expander-content a-expander-extend-content\" data-expanded=\"true\">\n<div class=\"a-row a-expander-container a-expander-inline-container\">\n<div class=\"a-expander-content a-expander-section-content a-section-expander-inner\" data-expanded=\"true\">\n<table id=\"productDetails_techSpec_section_1\" class=\"a-keyvalue prodDetTable\" role=\"presentation\">\n<tbody>\n<tr>\n<th class=\"a-color-secondary a-size-base prodDetSectionEntry\">Kaubam\u00e4rk<\/th>\n<td class=\"a-size-base prodDetAttrValue\">SEVERIN<\/td>\n<\/tr>\n<tr>\n<th class=\"a-color-secondary a-size-base prodDetSectionEntry\">Mudeli number<\/th>\n<td class=\"a-size-base prodDetAttrValue\">\u200e856500<\/td>\n<\/tr>\n<tr>\n<th class=\"a-color-secondary a-size-base prodDetSectionEntry\">V\u00e4rv<\/th>\n<td class=\"a-size-base prodDetAttrValue\">Must<\/td>\n<\/tr>\n<tr>\n<th class=\"a-color-secondary a-size-base prodDetSectionEntry\">Toote m\u00f5\u00f5tmed<\/th>\n<td class=\"a-size-base prodDetAttrValue\">39,3 x 52,2 x 15 cm; 2,93 kg<\/td>\n<\/tr>\n<tr>\n<th class=\"a-color-secondary a-size-base prodDetSectionEntry\">V\u00f5imsus \/ vatt<\/th>\n<td class=\"a-size-base prodDetAttrValue\">2200 vatti<\/td>\n<\/tr>\n<tr>\n<th class=\"a-color-secondary a-size-base prodDetSectionEntry\">Pinge<\/th>\n<td class=\"a-size-base prodDetAttrValue\">230 volti<\/td>\n<\/tr>\n<tr>\n<th class=\"a-color-secondary a-size-base prodDetSectionEntry\">Materjal<\/th>\n<td class=\"a-size-base prodDetAttrValue\">\u200eStainless steel plastic<\/td>\n<\/tr>\n<tr>\n<th class=\"a-color-secondary a-size-base prodDetSectionEntry\">Automaatne v\u00e4ljal\u00fclitus<\/th>\n<td class=\"a-size-base prodDetAttrValue\">jah<\/td>\n<\/tr>\n<tr>\n<th class=\"a-color-secondary a-size-base prodDetSectionEntry\">Energiat\u00f5hususe klass<\/th>\n<td class=\"a-size-base prodDetAttrValue\">B<\/td>\n<\/tr>\n<tr>\n<th class=\"a-color-secondary a-size-base prodDetSectionEntry\">Eriomadused<\/th>\n<td class=\"a-size-base prodDetAttrValue\">QuickStart, Safe Touch, EasyClean, Infoor ja Outdoor<\/td>\n<\/tr>\n<tr>\n<th class=\"a-color-secondary a-size-base prodDetSectionEntry\">Kauba kaal<\/th>\n<td class=\"a-size-base prodDetAttrValue\">2,93 kilogrammi<\/td>\n<\/tr>\n<\/tbody>\n<\/table>\n<\/div>\n<\/div>\n<\/div>","protected":false},"featured_media":8812,"comment_status":"open","ping_status":"closed","template":"","meta":{"_monsterinsights_skip_tracking":false,"_monsterinsights_sitenote_active":false,"_monsterinsights_sitenote_note":"","_monsterinsights_sitenote_category":0,"jetpack_publicize_message":"","jetpack_publicize_feature_enabled":true,"jetpack_social_post_already_shared":false,"jetpack_social_options":{"image_generator_settings":{"template":"highway","default_image_id":0,"font":"","enabled":false},"version":2}},"product_brand":[],"product_cat":[79],"product_tag":[],"class_list":{"0":"post-8807","1":"product","2":"type-product","3":"status-publish","4":"has-post-thumbnail","6":"product_cat-electric-grill-cookers","8":"first","9":"instock","10":"sale","11":"shipping-taxable","12":"purchasable","13":"product-type-simple"},"aioseo_notices":[],"jetpack_publicize_connections":[],"jetpack_sharing_enabled":true,"_links":{"self":[{"href":"https:\/\/amazingmarket.ee\/et\/wp-json\/wp\/v2\/product\/8807","targetHints":{"allow":["GET"]}}],"collection":[{"href":"https:\/\/amazingmarket.ee\/et\/wp-json\/wp\/v2\/product"}],"about":[{"href":"https:\/\/amazingmarket.ee\/et\/wp-json\/wp\/v2\/types\/product"}],"replies":[{"embeddable":true,"href":"https:\/\/amazingmarket.ee\/et\/wp-json\/wp\/v2\/comments?post=8807"}],"wp:featuredmedia":[{"embeddable":true,"href":"https:\/\/amazingmarket.ee\/et\/wp-json\/wp\/v2\/media\/8812"}],"wp:attachment":[{"href":"https:\/\/amazingmarket.ee\/et\/wp-json\/wp\/v2\/media?parent=8807"}],"wp:term":[{"taxonomy":"product_brand","embeddable":true,"href":"https:\/\/amazingmarket.ee\/et\/wp-json\/wp\/v2\/product_brand?post=8807"},{"taxonomy":"product_cat","embeddable":true,"href":"https:\/\/amazingmarket.ee\/et\/wp-json\/wp\/v2\/product_cat?post=8807"},{"taxonomy":"product_tag","embeddable":true,"href":"https:\/\/amazingmarket.ee\/et\/wp-json\/wp\/v2\/product_tag?post=8807"}],"curies":[{"name":"wp","href":"https:\/\/api.w.org\/{rel}","templated":true}]}}