{"id":8715,"date":"2024-12-26T13:09:07","date_gmt":"2024-12-26T11:09:07","guid":{"rendered":"https:\/\/amazingmarket.ee\/?post_type=product&#038;p=8715"},"modified":"2026-03-14T11:15:24","modified_gmt":"2026-03-14T09:15:24","slug":"dreame-h12-core-water-dust-vacuum-cleaner","status":"publish","type":"product","link":"https:\/\/amazingmarket.ee\/et\/toode\/dreame-h12-core-water-dust-vacuum-cleaner\/","title":{"rendered":"Dreame H12 Core vee- ja tolmutolmuimeja"},"content":{"rendered":"<h1>KASUTATUD ASI, ON KRIIMUSI, POLE ORIGINAALPAKENDIS<\/h1>\n<h1 class=\"a-size-base-plus a-text-bold\">Selle \u00fcksuse kohta<\/h1>\n<ul class=\"a-unordered-list a-vertical a-spacing-mini\">\n<li class=\"a-spacing-mini\"><span class=\"a-list-item\">Viimane p\u00f5randapuhastus: t\u00e4iustatud anduritega suudab H12Core tuvastada mustuse ning reguleerida vastavalt imemis- ja veekogust. K\u00e4sitsege t\u00f5husalt igasugust mustust ja prahti pulbrist, vedelikest, liivast ja juustest. LED-ekraan ja h\u00e4\u00e4ljuhised v\u00f5imaldavad n\u00e4ha puhastusolekut ja t\u00f6\u00f6re\u017eiimi. \u201c<\/span><\/li>\n<li class=\"a-spacing-mini\"><span class=\"a-list-item\">Pole vaja muretseda suurte plekkide p\u00e4rast: H12Core puhastab suurep\u00e4raselt isegi siis, kui kogemata oma p\u00f5randat m\u00e4\u00e4rdute. Suure j\u00f5udlusega harjadeta mootoriga rullmopp kraabib p\u00f5randat kiirusel 180 p\/min. Sisseehitatud kaabits eemaldab rullmopilt karvad ja mustuse Maksimaalne t\u00f6\u00f6aeg on 25 minutit, 900 ml veefiltripaak ja 500 ml j\u00e4\u00e4tmepaak ei katkesta puhastusprotsessi<\/span><\/li>\n<li class=\"a-spacing-mini\"><span class=\"a-list-item\">\u3010Automaatne isepuhastus\u3011 M\u00e4\u00e4rdunud mopi kasutamisel peate asetama tolmuimeja laadimisalusele ja vajutama nuppu, et alustada isepuhastust. Rullmopp tsentrifuugib ja k\u00fc\u00fcrib ja loputab nii nagu soovite ning seej\u00e4rel laske sellel kuivada<\/span><\/li>\n<li class=\"a-spacing-mini\"><span class=\"a-list-item\">2 kasutusre\u017eiimi: automaatre\u017eiim v\u00f5imaldab teil p\u00f5randa puhastamise ajal mustust ja tolmu imeda, mist\u00f5ttu on see ideaalne k\u00f6\u00f6gip\u00f5randate puhastamiseks. Imemisre\u017eiimis saate p\u00f5hjalikult absorbeerida p\u00f5randalt lekkeid v\u00f5i vannitoa p\u00f5randal olevaid veepiisku<\/span><\/li>\n<li class=\"a-spacing-mini\"><span class=\"a-list-item\">\u3010Lihtne kasutamine lihtsaks puhastamiseks\u3011 See v\u00f5ib loomulikult liikuda ja ilma j\u00f5uta edasi liikuda. Pea on loodud ka sujuvalt p\u00f6\u00f6rlema, nii et saate h\u00f5lpsalt laua ja tooli jalamil ning seina \u00fcmber liikuda<\/span><\/li>\n<\/ul>","protected":false},"excerpt":{"rendered":"<div class=\"a-row\">\n<div class=\"a-column a-span6\">\n<h1 class=\"a-size-medium a-spacing-small\">Tehnilised \u00fcksikasjad<\/h1>\n<\/div>\n<\/div>\n<div class=\"a-expander-content a-expander-extend-content\" data-expanded=\"true\">\n<div class=\"a-row a-expander-container a-expander-inline-container\">\n<div class=\"a-expander-content a-expander-section-content a-section-expander-inner\" data-expanded=\"true\">\n<table id=\"productDetails_techSpec_section_1\" class=\"a-keyvalue prodDetTable\" role=\"presentation\">\n<tbody>\n<tr>\n<th class=\"a-color-secondary a-size-base prodDetSectionEntry\">V\u00e4rv<\/th>\n<td class=\"a-size-base prodDetAttrValue\">Must<\/td>\n<\/tr>\n<tr>\n<th class=\"a-color-secondary a-size-base prodDetSectionEntry\">Suurus<\/th>\n<td class=\"a-size-base prodDetAttrValue\">290 * 218,5 * 1105 mm<\/td>\n<\/tr>\n<tr>\n<th class=\"a-color-secondary a-size-base prodDetSectionEntry\">Tootja<\/th>\n<td class=\"a-size-base prodDetAttrValue\">Unistus<\/td>\n<\/tr>\n<tr>\n<th class=\"a-color-secondary a-size-base prodDetSectionEntry\">Kaasasolevad komponendid<\/th>\n<td class=\"a-size-base prodDetAttrValue\">1 x laadimisjaam, 1 x k\u00e4epide, 1 x filter, 1 x tolmukast, 1 x pearull, 1 x puhastust\u00f6\u00f6riist, 1 x kasutusjuhend (mitmeotstarbeline p\u00f5randapesuvahend*1)<\/td>\n<\/tr>\n<tr>\n<th class=\"a-color-secondary a-size-base prodDetSectionEntry\">Pakendi m\u00f5\u00f5tmed<\/th>\n<td class=\"a-size-base prodDetAttrValue\">69,4 x 32,6 x 28,8 cm; 7,4 kg<\/td>\n<\/tr>\n<tr>\n<th class=\"a-color-secondary a-size-base prodDetSectionEntry\">Pakendi kaal<\/th>\n<td class=\"a-size-base prodDetAttrValue\">8,08 kilogrammi<\/td>\n<\/tr>\n<tr>\n<th class=\"a-color-secondary a-size-base prodDetSectionEntry\">N\u00f5utavad patareid<\/th>\n<td class=\"a-size-base prodDetAttrValue\">jah<\/td>\n<\/tr>\n<tr>\n<th class=\"a-color-secondary a-size-base prodDetSectionEntry\">Kaasas patareid<\/th>\n<td class=\"a-size-base prodDetAttrValue\">jah<\/td>\n<\/tr>\n<\/tbody>\n<\/table>\n<\/div>\n<\/div>\n<\/div>","protected":false},"featured_media":8721,"comment_status":"open","ping_status":"closed","template":"","meta":{"_monsterinsights_skip_tracking":false,"_monsterinsights_sitenote_active":false,"_monsterinsights_sitenote_note":"","_monsterinsights_sitenote_category":0,"jetpack_publicize_message":"","jetpack_publicize_feature_enabled":true,"jetpack_social_post_already_shared":false,"jetpack_social_options":{"image_generator_settings":{"template":"highway","default_image_id":0,"font":"","enabled":false},"version":2}},"product_brand":[],"product_cat":[101,102],"product_tag":[],"class_list":{"0":"post-8715","1":"product","2":"type-product","3":"status-publish","4":"has-post-thumbnail","6":"product_cat-cordless-vacuum-cleaners","7":"product_cat-vacuum-cleaners","9":"first","10":"instock","11":"sale","12":"shipping-taxable","13":"purchasable","14":"product-type-simple"},"aioseo_notices":[],"jetpack_publicize_connections":[],"jetpack_sharing_enabled":true,"_links":{"self":[{"href":"https:\/\/amazingmarket.ee\/et\/wp-json\/wp\/v2\/product\/8715","targetHints":{"allow":["GET"]}}],"collection":[{"href":"https:\/\/amazingmarket.ee\/et\/wp-json\/wp\/v2\/product"}],"about":[{"href":"https:\/\/amazingmarket.ee\/et\/wp-json\/wp\/v2\/types\/product"}],"replies":[{"embeddable":true,"href":"https:\/\/amazingmarket.ee\/et\/wp-json\/wp\/v2\/comments?post=8715"}],"wp:featuredmedia":[{"embeddable":true,"href":"https:\/\/amazingmarket.ee\/et\/wp-json\/wp\/v2\/media\/8721"}],"wp:attachment":[{"href":"https:\/\/amazingmarket.ee\/et\/wp-json\/wp\/v2\/media?parent=8715"}],"wp:term":[{"taxonomy":"product_brand","embeddable":true,"href":"https:\/\/amazingmarket.ee\/et\/wp-json\/wp\/v2\/product_brand?post=8715"},{"taxonomy":"product_cat","embeddable":true,"href":"https:\/\/amazingmarket.ee\/et\/wp-json\/wp\/v2\/product_cat?post=8715"},{"taxonomy":"product_tag","embeddable":true,"href":"https:\/\/amazingmarket.ee\/et\/wp-json\/wp\/v2\/product_tag?post=8715"}],"curies":[{"name":"wp","href":"https:\/\/api.w.org\/{rel}","templated":true}]}}