{"id":8457,"date":"2024-12-23T10:05:45","date_gmt":"2024-12-23T08:05:45","guid":{"rendered":"https:\/\/amazingmarket.ee\/?post_type=product&#038;p=8457"},"modified":"2026-03-14T11:15:24","modified_gmt":"2026-03-14T09:15:24","slug":"tineco-ifloor-2-complete-cordless-wet-dry-vacuum-floor-cleaner-and-mop","status":"publish","type":"product","link":"https:\/\/amazingmarket.ee\/et\/toode\/tineco-ifloor-2-complete-cordless-wet-dry-vacuum-floor-cleaner-and-mop\/","title":{"rendered":"Cecotec Conga Rockstar 880 Advance"},"content":{"rendered":"<h1>KASUTATUD ASJA, ON PALJU KRIIMU<\/h1>\n<h1 class=\"a-size-base-plus a-text-bold\">Selle \u00fcksuse kohta<\/h1>\n<ul class=\"a-unordered-list a-vertical a-spacing-mini\">\n<li class=\"a-spacing-mini\"><span class=\"a-list-item\">Kolm \u00fches juhtmeta tolmuimeja: vertikaalne, harjaga ja k\u00e4eshoitav, digitaalse harjadeta mootoriga, maksimaalse imemisv\u00f5imsusega ja 360\u00ba disainiga tolmu eemaldamiseks k\u00f5ikjalt. Selle ErgoFlexi s\u00fcsteemiga p\u00e4\u00e4sete lihtsa liigutusega k\u00f5ikjale.<\/span><\/li>\n<li class=\"a-spacing-mini\"><span class=\"a-list-item\">Digitaalne harjadeta tehnoloogia tipptasemel harjadeta digitaalmootoriga, mis tagab suurema kiiruse, madalama m\u00fcra ja pikendab tolmuimeja eluiga. Tagab maksimaalse efektiivsuse mitmefaasilise s\u00fcsteemiga.<\/span><\/li>\n<li class=\"a-spacing-mini\"><span class=\"a-list-item\">ForceSonicu tehnoloogia maksimaalse v\u00f5imsusega 480 W. See imeb igasuguse mustuse ja hoiab teie kodu alati puhtana, maksimeerides oma 30 kPa imemisv\u00f5imsust.<\/span><\/li>\n<li class=\"a-spacing-mini\"><span class=\"a-list-item\">Topeltmootoriga hari k\u00e4snaga k\u00f5vadele p\u00f5randatele ning kahest materjalist harjaste ja silikooniga igat t\u00fc\u00fcpi pindadele. See disain teeb sellest v\u00f5imsa harjaga tolmuimeja, mis eemaldab igasuguse mustuse mis tahes pinnalt.<\/span><\/li>\n<li class=\"a-spacing-mini\"><span class=\"a-list-item\">Liitiumioonaku 2500 mAh ja 37 V, mis saavutab t\u00f6\u00f6ulatuse kuni 100 minutit. Saate tolmuimejaga kogu oma maja ilma seda laadimata.<\/span><\/li>\n<\/ul>\n<p><span class=\"a-list-item\">.<\/span><\/p>","protected":false},"excerpt":{"rendered":"<div class=\"a-column a-span6\">\n<div class=\"a-row a-spacing-base\">\n<div class=\"a-row a-expander-container a-expander-extend-container\">\n<div class=\"a-row\">\n<div class=\"a-column a-span6\">\n<h1 class=\"a-size-medium a-spacing-small\">Tehnilised \u00fcksikasjad<\/h1>\n<\/div>\n<\/div>\n<div class=\"a-expander-content a-expander-extend-content\" data-expanded=\"true\">\n<div class=\"a-row a-expander-container a-expander-inline-container\">\n<div class=\"a-expander-content a-expander-section-content a-section-expander-inner\" data-expanded=\"true\">\n<table id=\"productDetails_techSpec_section_1\" class=\"a-keyvalue prodDetTable\" role=\"presentation\">\n<tbody>\n<tr>\n<th class=\"a-color-secondary a-size-base prodDetSectionEntry\">Toote m\u00f5\u00f5tmed<\/th>\n<td class=\"a-size-base prodDetAttrValue\">14 x 76,4 x 26,2 cm; 4 kg<\/td>\n<\/tr>\n<tr>\n<th class=\"a-color-secondary a-size-base prodDetSectionEntry\">Spetsiifilised kasutusalad<\/th>\n<td class=\"a-size-base prodDetAttrValue\">Kodu<\/td>\n<\/tr>\n<tr>\n<th class=\"a-color-secondary a-size-base prodDetSectionEntry\">Vormitegur<\/th>\n<td class=\"a-size-base prodDetAttrValue\">K\u00e4eshoitav<\/td>\n<\/tr>\n<tr>\n<th class=\"a-color-secondary a-size-base prodDetSectionEntry\">Kas kokkupanek on vajalik<\/th>\n<td class=\"a-size-base prodDetAttrValue\">jah<\/td>\n<\/tr>\n<tr>\n<th class=\"a-color-secondary a-size-base prodDetSectionEntry\">Vajalikud patareid<\/th>\n<td class=\"a-size-base prodDetAttrValue\">Ei<\/td>\n<\/tr>\n<tr>\n<th class=\"a-color-secondary a-size-base prodDetSectionEntry\">Kaasas olevad komponendid<\/th>\n<td class=\"a-size-base prodDetAttrValue\">\u200e1 x digitaalne vertikaalne tolmuimeja; 1 x painduv toru; 1 x seinakinnitus; 1 x Jalisco pintsel; 1 x nurgatarvik; 1 x M\u00f6\u00f6blitarvik; 1 x polsterduse tarvik; 1 x kasutusjuhend<\/td>\n<\/tr>\n<\/tbody>\n<\/table>\n<\/div>\n<\/div>\n<\/div>\n<\/div>\n<\/div>\n<\/div>\n<div class=\"a-column a-span6 a-span-last\">\n<div class=\"a-row a-spacing-base\">\n<div id=\"productDetails_db_sections\" class=\"a-section\">\n<div class=\"a-section table-padding\">\n<table id=\"productDetails_detailBullets_sections1\" class=\"a-keyvalue prodDetTable\" role=\"presentation\">\n<tbody>\n<tr>\n<th class=\"a-color-secondary a-size-base prodDetSectionEntry\">ASIN<\/th>\n<td class=\"a-size-base prodDetAttrValue\">B09T6WGMT3<\/td>\n<\/tr>\n<tr>\n<th class=\"a-color-secondary a-size-base prodDetSectionEntry\">Kauba mudeli number<\/th>\n<td class=\"a-size-base prodDetAttrValue\">05685<\/td>\n<\/tr>\n<\/tbody>\n<\/table>\n<\/div>\n<\/div>\n<\/div>\n<\/div>","protected":false},"featured_media":10375,"comment_status":"open","ping_status":"closed","template":"","meta":{"_monsterinsights_skip_tracking":false,"_monsterinsights_sitenote_active":false,"_monsterinsights_sitenote_note":"","_monsterinsights_sitenote_category":0,"jetpack_publicize_message":"","jetpack_publicize_feature_enabled":true,"jetpack_social_post_already_shared":false,"jetpack_social_options":{"image_generator_settings":{"template":"highway","default_image_id":0,"font":"","enabled":false},"version":2}},"product_brand":[],"product_cat":[101,102],"product_tag":[],"class_list":{"0":"post-8457","1":"product","2":"type-product","3":"status-publish","4":"has-post-thumbnail","6":"product_cat-cordless-vacuum-cleaners","7":"product_cat-vacuum-cleaners","9":"first","10":"instock","11":"sale","12":"shipping-taxable","13":"purchasable","14":"product-type-simple"},"aioseo_notices":[],"jetpack_publicize_connections":[],"jetpack_sharing_enabled":true,"_links":{"self":[{"href":"https:\/\/amazingmarket.ee\/et\/wp-json\/wp\/v2\/product\/8457","targetHints":{"allow":["GET"]}}],"collection":[{"href":"https:\/\/amazingmarket.ee\/et\/wp-json\/wp\/v2\/product"}],"about":[{"href":"https:\/\/amazingmarket.ee\/et\/wp-json\/wp\/v2\/types\/product"}],"replies":[{"embeddable":true,"href":"https:\/\/amazingmarket.ee\/et\/wp-json\/wp\/v2\/comments?post=8457"}],"wp:featuredmedia":[{"embeddable":true,"href":"https:\/\/amazingmarket.ee\/et\/wp-json\/wp\/v2\/media\/10375"}],"wp:attachment":[{"href":"https:\/\/amazingmarket.ee\/et\/wp-json\/wp\/v2\/media?parent=8457"}],"wp:term":[{"taxonomy":"product_brand","embeddable":true,"href":"https:\/\/amazingmarket.ee\/et\/wp-json\/wp\/v2\/product_brand?post=8457"},{"taxonomy":"product_cat","embeddable":true,"href":"https:\/\/amazingmarket.ee\/et\/wp-json\/wp\/v2\/product_cat?post=8457"},{"taxonomy":"product_tag","embeddable":true,"href":"https:\/\/amazingmarket.ee\/et\/wp-json\/wp\/v2\/product_tag?post=8457"}],"curies":[{"name":"wp","href":"https:\/\/api.w.org\/{rel}","templated":true}]}}