{"id":8435,"date":"2024-12-20T17:28:08","date_gmt":"2024-12-20T15:28:08","guid":{"rendered":"https:\/\/amazingmarket.ee\/?post_type=product&#038;p=8435"},"modified":"2026-03-14T11:15:24","modified_gmt":"2026-03-14T09:15:24","slug":"tefal-malaga-electric-griddle-non-stick-coating","status":"publish","type":"product","link":"https:\/\/amazingmarket.ee\/et\/toode\/tefal-malaga-electric-griddle-non-stick-coating\/","title":{"rendered":"TEFAL Malaga elektriv\u00f5re, mittenakkuva kattega"},"content":{"rendered":"<h1>UUS, P\u00d5HINUD, KUID PARANDATUD<\/h1>\n<h1 class=\"a-size-base-plus a-text-bold\">Selle \u00fcksuse kohta<\/h1>\n<ul class=\"a-unordered-list a-vertical a-spacing-mini\">\n<li class=\"a-spacing-mini\"><span class=\"a-list-item\">T\u00f5hus toiduvalmistamine: 2000 W v\u00f5imsus \u00fchtlase k\u00fcttepinna ja ideaalselt k\u00fcpsetatud toidu jaoks<\/span><\/li>\n<li class=\"a-spacing-mini\"><span class=\"a-list-item\">Toiduvalmistamise meisterlikkus: mitme asendiga reguleeritav termostaat reguleeritava k\u00fcpsetustemperatuuri jaoks igat t\u00fc\u00fcpi toitude jaoks: liha, kala, munad, k\u00f6\u00f6giviljad, puuviljad<\/span><\/li>\n<li class=\"a-spacing-mini\"><span class=\"a-list-item\">SUUR KEEDIPINDA: XL suurus 51 x 25,5 cm mitme toidu \u00fcheaegseks k\u00fcpsetamiseks; Mahutab 6-8 inimest<\/span><\/li>\n<li class=\"a-spacing-mini\"><span class=\"a-list-item\">TERVISLIK TOIDUVALMISTAMINE: mittenakkuva kate, rasva pole vaja lisada<\/span><\/li>\n<li class=\"a-spacing-mini\"><span class=\"a-list-item\">REMONT 15 AASTAT \u00d5IGE HINNAGA: 15-aastane remondikohustus \u00f5ige hinnaga t\u00e4nu meie 6200 remondit\u00f6\u00f6kojast koosnevale v\u00f5rgustikule \u00fcle maailma, et aidata kaasa keskkonnakaitsele ja j\u00e4\u00e4tmetekke v\u00e4hendamisele<\/span><\/li>\n<li class=\"a-spacing-mini\"><span class=\"a-list-item\">LIHTNE PUHASTAMINE: n\u00f5udepesumasinas pestav ilma eemaldatava elektrikorpuseta<\/span><\/li>\n<\/ul>","protected":false},"excerpt":{"rendered":"<h2>Tooteteave<\/h2>\n<div class=\"a-row a-spacing-top-base\">\n<div class=\"a-column a-span6\">\n<div class=\"a-row a-spacing-base\">\n<div class=\"a-section table-padding\">\n<table id=\"productDetails_detailBullets_sections1\" class=\"a-keyvalue prodDetTable\" role=\"presentation\">\n<tbody>\n<tr>\n<th class=\"a-color-secondary a-size-base prodDetSectionEntry\">Erifunktsioon<\/th>\n<td class=\"a-size-base prodDetAttrValue\">Termopunkti funktsioon<\/td>\n<\/tr>\n<tr>\n<th class=\"a-color-secondary a-size-base prodDetSectionEntry\">V\u00e4rv<\/th>\n<td class=\"a-size-base prodDetAttrValue\">Must<\/td>\n<\/tr>\n<tr>\n<th class=\"a-color-secondary a-size-base prodDetSectionEntry\">Materjal<\/th>\n<td class=\"a-size-base prodDetAttrValue\">Alumiiniumist<\/td>\n<\/tr>\n<tr>\n<th class=\"a-color-secondary a-size-base prodDetSectionEntry\">Kaubam\u00e4rk<\/th>\n<td class=\"a-size-base prodDetAttrValue\">T-Fal<\/td>\n<\/tr>\n<tr>\n<th class=\"a-color-secondary a-size-base prodDetSectionEntry\">V\u00f5imsus<\/th>\n<td class=\"a-size-base prodDetAttrValue\">2000 vatti<\/td>\n<\/tr>\n<tr>\n<th class=\"a-color-secondary a-size-base prodDetSectionEntry\">Kauba kaal<\/th>\n<td class=\"a-size-base prodDetAttrValue\">7,43 naela<\/td>\n<\/tr>\n<tr>\n<th class=\"a-color-secondary a-size-base prodDetSectionEntry\">Kaasasolevad komponendid<\/th>\n<td class=\"a-size-base prodDetAttrValue\">P\u00fc\u00fcdmisalus, kaas<\/td>\n<\/tr>\n<tr>\n<th class=\"a-color-secondary a-size-base prodDetSectionEntry\">Stiil<\/th>\n<td class=\"a-size-base prodDetAttrValue\">Kontuur<\/td>\n<\/tr>\n<tr>\n<th class=\"a-color-secondary a-size-base prodDetSectionEntry\">Pinge<\/th>\n<td class=\"a-size-base prodDetAttrValue\">230 volti<\/td>\n<\/tr>\n<tr>\n<th class=\"a-color-secondary a-size-base prodDetSectionEntry\">Materjali t\u00fc\u00fcp vaba<\/th>\n<td class=\"a-size-base prodDetAttrValue\">PFOA-vaba, PFAS-vaba, BPA-vaba<\/td>\n<\/tr>\n<tr>\n<th class=\"a-color-secondary a-size-base prodDetSectionEntry\">Seadete arv<\/th>\n<td class=\"a-size-base prodDetAttrValue\">3<\/td>\n<\/tr>\n<tr>\n<th class=\"a-color-secondary a-size-base prodDetSectionEntry\">Garantii t\u00fc\u00fcp<\/th>\n<td class=\"a-size-base prodDetAttrValue\">Laiendatud garantii<\/td>\n<\/tr>\n<tr>\n<th class=\"a-color-secondary a-size-base prodDetSectionEntry\">Globaalne kaubanduse identifitseerimisnumber<\/th>\n<td class=\"a-size-base prodDetAttrValue\">03016661145292<\/td>\n<\/tr>\n<tr>\n<th class=\"a-color-secondary a-size-base prodDetSectionEntry\">Tootja<\/th>\n<td class=\"a-size-base prodDetAttrValue\">Grupp SEB<\/td>\n<\/tr>\n<tr>\n<th class=\"a-color-secondary a-size-base prodDetSectionEntry\">Kauba kaal<\/th>\n<td class=\"a-size-base prodDetAttrValue\">7,43 naela<\/td>\n<\/tr>\n<tr>\n<th class=\"a-color-secondary a-size-base prodDetSectionEntry\">Osakond<\/th>\n<td class=\"a-size-base prodDetAttrValue\">49 EL<\/td>\n<\/tr>\n<tr>\n<th class=\"a-color-secondary a-size-base prodDetSectionEntry\">ASIN<\/th>\n<td class=\"a-size-base prodDetAttrValue\">B00YCJSF20<\/td>\n<\/tr>\n<tr>\n<th class=\"a-color-secondary a-size-base prodDetSectionEntry\">Kauba mudeli number<\/th>\n<td class=\"a-size-base prodDetAttrValue\">CB501812<\/td>\n<\/tr>\n<\/tbody>\n<\/table>\n<\/div>\n<\/div>\n<\/div>\n<\/div>","protected":false},"featured_media":8439,"comment_status":"open","ping_status":"closed","template":"","meta":{"_monsterinsights_skip_tracking":false,"_monsterinsights_sitenote_active":false,"_monsterinsights_sitenote_note":"","_monsterinsights_sitenote_category":0,"jetpack_publicize_message":"","jetpack_publicize_feature_enabled":true,"jetpack_social_post_already_shared":false,"jetpack_social_options":{"image_generator_settings":{"template":"highway","default_image_id":0,"font":"","enabled":false},"version":2}},"product_brand":[],"product_cat":[110],"product_tag":[],"class_list":{"0":"post-8435","1":"product","2":"type-product","3":"status-publish","4":"has-post-thumbnail","6":"product_cat-grills","8":"first","9":"instock","10":"sale","11":"shipping-taxable","12":"purchasable","13":"product-type-simple"},"aioseo_notices":[],"jetpack_publicize_connections":[],"jetpack_sharing_enabled":true,"_links":{"self":[{"href":"https:\/\/amazingmarket.ee\/et\/wp-json\/wp\/v2\/product\/8435","targetHints":{"allow":["GET"]}}],"collection":[{"href":"https:\/\/amazingmarket.ee\/et\/wp-json\/wp\/v2\/product"}],"about":[{"href":"https:\/\/amazingmarket.ee\/et\/wp-json\/wp\/v2\/types\/product"}],"replies":[{"embeddable":true,"href":"https:\/\/amazingmarket.ee\/et\/wp-json\/wp\/v2\/comments?post=8435"}],"wp:featuredmedia":[{"embeddable":true,"href":"https:\/\/amazingmarket.ee\/et\/wp-json\/wp\/v2\/media\/8439"}],"wp:attachment":[{"href":"https:\/\/amazingmarket.ee\/et\/wp-json\/wp\/v2\/media?parent=8435"}],"wp:term":[{"taxonomy":"product_brand","embeddable":true,"href":"https:\/\/amazingmarket.ee\/et\/wp-json\/wp\/v2\/product_brand?post=8435"},{"taxonomy":"product_cat","embeddable":true,"href":"https:\/\/amazingmarket.ee\/et\/wp-json\/wp\/v2\/product_cat?post=8435"},{"taxonomy":"product_tag","embeddable":true,"href":"https:\/\/amazingmarket.ee\/et\/wp-json\/wp\/v2\/product_tag?post=8435"}],"curies":[{"name":"wp","href":"https:\/\/api.w.org\/{rel}","templated":true}]}}