{"id":8330,"date":"2024-12-06T11:28:59","date_gmt":"2024-12-06T09:28:59","guid":{"rendered":"https:\/\/amazingmarket.ee\/?post_type=product&#038;p=8330"},"modified":"2026-03-14T11:15:24","modified_gmt":"2026-03-14T09:15:24","slug":"cecotec-conga-8290-immortal-ultra-power-home-x-treme","status":"publish","type":"product","link":"https:\/\/amazingmarket.ee\/et\/toode\/cecotec-conga-8290-immortal-ultra-power-home-x-treme\/","title":{"rendered":"Cecotec CONGA 8290 IMMORTAL ULTRA POWER HOME X-TREME"},"content":{"rendered":"<h1>KASUTATUD ASEE, HEAS KORRAS<\/h1>\n<h1 class=\"a-size-base-plus a-text-bold\">Selle \u00fcksuse kohta<\/h1>\n<ul class=\"a-unordered-list a-vertical a-spacing-mini\">\n<li class=\"a-spacing-mini\"><span class=\"a-list-item\">Sisaldab k\u00fclgharja ja multifunktsionaalset kummist harjaste ja silikooniga harja, mis eemaldab katlakivi igat t\u00fc\u00fcpi mustusest teie kodus. 4 v\u00f5imsusastet v\u00e4ljas, \u00f6konoomne, tavaline ja turbo ning puhastamine v\u00e4ljas, madal, keskmine ja k\u00f5rge<\/span><\/li>\n<li class=\"a-spacing-mini\"><span class=\"a-list-item\">7000 Pa imemismootor, automaatne turbore\u017eiim vaipade puhastamiseks ja intelligentne puhastamine 3 veevoolutasemega. 3-liitrine kott: vahetage kotti ainult 4 korda aastas ja nautige iga p\u00e4ev oma puhast kodu. Lisaks on sellel turvatuvastuss\u00fcsteem, mis takistab t\u00fchjenemist, kui kott pole alusel.<\/span><\/li>\n<li class=\"a-spacing-mini\"><span class=\"a-list-item\">T\u00f6\u00f6ulatus kuni 280 minutit 280 m2 katmiseks ja Total Surface tehnoloogiaga, mis viib roboti baasi, kui selle aku saab t\u00fchjaks, et laadida ja j\u00e4tkata puhastamist sealt, kus see pooleli j\u00e4i.<\/span><\/li>\n<li class=\"a-spacing-mini\"><span class=\"a-list-item\">Juhtimine Cecotec APP kaudu, mis v\u00f5imaldab valida erinevaid re\u017eiime, programmeerimist, imemisastet v\u00f5i puhastusastet ning j\u00e4lgida puhastamise kulgu. See toetab virtuaalseid assistente.<\/span><\/li>\n<li class=\"a-spacing-mini\"><span class=\"a-list-item\">Ruumiplaan V\u00f5imaldab t\u00e4nu loodud kaardile m\u00e4\u00e4rata, planeerida ja ajastada kogu kodu v\u00f5i konkreetsete peatumiste koristamise. 10 re\u017eiimi: valige igaks hetkeks k\u00f5ige sobivam ja nautige kohandatud puhastust k\u00f5ige mugavamal viisil.<\/span><\/li>\n<\/ul>","protected":false},"excerpt":{"rendered":"<div class=\"a-column a-span6\">\n<div class=\"a-row a-spacing-medium-plus\">\n<div id=\"productDetails_expanderTables_depthLeftSections\" class=\"a-section\">\n<div class=\"a-row a-expander-container a-expander-section-container a-section-expander-container\" data-csa-c-content-id=\"voyager-expander-btn-t2\" data-csa-c-slot-id=\"voyager-expander-btn-t2\" data-csa-c-type=\"button\" data-csa-c-id=\"u4il4b-95ixwe-l7y0w1-cvua9z\">\n<div class=\"a-expander-content a-expander-extend-content a-expander-content-expanded\" data-expanded=\"true\">\n<div class=\"a-section\">\n<table class=\"a-keyvalue prodDetTable\" role=\"presentation\">\n<tbody>\n<tr>\n<th class=\"a-color-secondary a-size-base prodDetSectionEntry\">ASIN<\/th>\n<td class=\"a-size-base prodDetAttrValue\">B0BQ1M94Y2<\/td>\n<\/tr>\n<tr>\n<th class=\"a-color-secondary a-size-base prodDetSectionEntry\">Mudeli number<\/th>\n<td class=\"a-size-base prodDetAttrValue\">8612<\/td>\n<\/tr>\n<tr>\n<th class=\"a-color-secondary a-size-base prodDetSectionEntry\">Globaalne kaubanduse identifitseerimisnumber<\/th>\n<td class=\"a-size-base prodDetAttrValue\">08435484086127<\/td>\n<\/tr>\n<tr>\n<th class=\"a-color-secondary a-size-base prodDetSectionEntry\">Kaubam\u00e4rgi nimi<\/th>\n<td class=\"a-size-base prodDetAttrValue\">Cecotec<\/td>\n<\/tr>\n<tr>\n<th class=\"a-color-secondary a-size-base prodDetSectionEntry\">Kaasasolevad komponendid<\/th>\n<td class=\"a-size-base prodDetAttrValue\">Aku, k\u00fclghari<\/td>\n<\/tr>\n<\/tbody>\n<\/table>\n<\/div>\n<\/div>\n<\/div>\n<div class=\"a-row a-expander-container a-expander-section-container a-section-expander-container\" data-csa-c-content-id=\"voyager-expander-btn-t2\" data-csa-c-slot-id=\"voyager-expander-btn-t2\" data-csa-c-type=\"button\" data-csa-c-id=\"sp7fd3-n7rbc1-78ff4t-6q0124\">\n<div class=\"a-expander-content a-expander-extend-content a-expander-content-expanded\" data-expanded=\"true\">\n<div class=\"a-section\">\n<table class=\"a-keyvalue prodDetTable\" role=\"presentation\">\n<tbody>\n<tr>\n<th class=\"a-color-secondary a-size-base prodDetSectionEntry\">Toiteallikas<\/th>\n<td class=\"a-size-base prodDetAttrValue\">Akutoitel<\/td>\n<\/tr>\n<tr>\n<th class=\"a-color-secondary a-size-base prodDetSectionEntry\">Patareid on kaasas<\/th>\n<td class=\"a-size-base prodDetAttrValue\">Ei<\/td>\n<\/tr>\n<tr>\n<th class=\"a-color-secondary a-size-base prodDetSectionEntry\">Mahutavus<\/th>\n<td class=\"a-size-base prodDetAttrValue\">3 liitrit<\/td>\n<\/tr>\n<tr>\n<th class=\"a-color-secondary a-size-base prodDetSectionEntry\">Vormitegur<\/th>\n<td class=\"a-size-base prodDetAttrValue\">Kaasaskantav<\/td>\n<\/tr>\n<tr>\n<th class=\"a-color-secondary a-size-base prodDetSectionEntry\">Kontrollimeetod<\/th>\n<td class=\"a-size-base prodDetAttrValue\">Rakendus<\/td>\n<\/tr>\n<tr>\n<th class=\"a-color-secondary a-size-base prodDetSectionEntry\">Filtri t\u00fc\u00fcp<\/th>\n<td class=\"a-size-base prodDetAttrValue\">HEPA<\/td>\n<\/tr>\n<tr>\n<th class=\"a-color-secondary a-size-base prodDetSectionEntry\">Aku t\u00f6\u00f6iga<\/th>\n<td class=\"a-size-base prodDetAttrValue\">280 minutit<\/td>\n<\/tr>\n<tr>\n<th class=\"a-color-secondary a-size-base prodDetSectionEntry\">Pinna soovitus<\/th>\n<td class=\"a-size-base prodDetAttrValue\">Vaip<\/td>\n<\/tr>\n<tr>\n<th class=\"a-color-secondary a-size-base prodDetSectionEntry\">Eriomadused<\/th>\n<td class=\"a-size-base prodDetAttrValue\">Juhtmeta<\/td>\n<\/tr>\n<\/tbody>\n<\/table>\n<\/div>\n<\/div>\n<\/div>\n<\/div>\n<\/div>\n<div class=\"a-row a-spacing-base\">\n<table class=\"a-keyvalue prodDetTable\" role=\"presentation\">\n<tbody>\n<tr>\n<th class=\"a-color-secondary a-size-base prodDetSectionEntry\">Kauba kaal<\/th>\n<td class=\"a-size-base prodDetAttrValue\">3,35 kilogrammi<\/td>\n<\/tr>\n<\/tbody>\n<\/table>\n<\/div>\n<\/div>","protected":false},"featured_media":8331,"comment_status":"open","ping_status":"closed","template":"","meta":{"_monsterinsights_skip_tracking":false,"_monsterinsights_sitenote_active":false,"_monsterinsights_sitenote_note":"","_monsterinsights_sitenote_category":0,"jetpack_publicize_message":"","jetpack_publicize_feature_enabled":true,"jetpack_social_post_already_shared":false,"jetpack_social_options":{"image_generator_settings":{"template":"highway","default_image_id":0,"font":"","enabled":false},"version":2}},"product_brand":[],"product_cat":[80,102],"product_tag":[],"class_list":{"0":"post-8330","1":"product","2":"type-product","3":"status-publish","4":"has-post-thumbnail","6":"product_cat-robot-vacuum-cleaners","7":"product_cat-vacuum-cleaners","9":"first","10":"instock","11":"sale","12":"shipping-taxable","13":"purchasable","14":"product-type-simple"},"aioseo_notices":[],"jetpack_publicize_connections":[],"jetpack_sharing_enabled":true,"_links":{"self":[{"href":"https:\/\/amazingmarket.ee\/et\/wp-json\/wp\/v2\/product\/8330","targetHints":{"allow":["GET"]}}],"collection":[{"href":"https:\/\/amazingmarket.ee\/et\/wp-json\/wp\/v2\/product"}],"about":[{"href":"https:\/\/amazingmarket.ee\/et\/wp-json\/wp\/v2\/types\/product"}],"replies":[{"embeddable":true,"href":"https:\/\/amazingmarket.ee\/et\/wp-json\/wp\/v2\/comments?post=8330"}],"wp:featuredmedia":[{"embeddable":true,"href":"https:\/\/amazingmarket.ee\/et\/wp-json\/wp\/v2\/media\/8331"}],"wp:attachment":[{"href":"https:\/\/amazingmarket.ee\/et\/wp-json\/wp\/v2\/media?parent=8330"}],"wp:term":[{"taxonomy":"product_brand","embeddable":true,"href":"https:\/\/amazingmarket.ee\/et\/wp-json\/wp\/v2\/product_brand?post=8330"},{"taxonomy":"product_cat","embeddable":true,"href":"https:\/\/amazingmarket.ee\/et\/wp-json\/wp\/v2\/product_cat?post=8330"},{"taxonomy":"product_tag","embeddable":true,"href":"https:\/\/amazingmarket.ee\/et\/wp-json\/wp\/v2\/product_tag?post=8330"}],"curies":[{"name":"wp","href":"https:\/\/api.w.org\/{rel}","templated":true}]}}