{"id":8302,"date":"2024-12-05T16:27:45","date_gmt":"2024-12-05T14:27:45","guid":{"rendered":"https:\/\/amazingmarket.ee\/?post_type=product&#038;p=8302"},"modified":"2026-03-14T11:15:32","modified_gmt":"2026-03-14T09:15:32","slug":"glow-in-the-dark-diamond-painting-canvas-25x25-cm","status":"publish","type":"product","link":"https:\/\/amazingmarket.ee\/et\/toode\/glow-in-the-dark-diamond-painting-canvas-25x25-cm\/","title":{"rendered":"Pimedas helendav teemantmaali l\u00f5uend (25 \u00d7 25 cm)"},"content":{"rendered":"<p><span style=\"font-size: 120%;\">Valgustage oma loovust selle v\u00f5rratu pimedas helendava teemantmaali l\u00f5uendiga, mille m\u00f5\u00f5tmed on 25 \u00d7 25 cm. Iga teemandi asetamisel muutub l\u00f5uend s\u00e4delevaks meistriteoseks, mis helendab pimedas, lisades teie sisekujundusele maagilise puudutuse. See ainulaadne maalikomplekt, mis sobib suurep\u00e4raselt nii algajatele kui ka kogenud meisterdajatele, pakub kaasahaaravat ja l\u00f5\u00f5gastavat kogemust, luues samal ajal kauni, h\u00f5\u00f5guva kunstiteose, mis s\u00e4rab isegi siis, kui tuled kustuvad. Ideaalne igasse ruumi k\u00fctkestava s\u00e4ra lisamiseks.<\/span><\/p>","protected":false},"excerpt":{"rendered":"<p>Illuminate your creativity with this stunning Glow-in-the-Dark Diamond Painting Canvas, measuring 25&#215;25 cm. As you place each diamond, the canvas transforms into a shimmering masterpiece that glows in the dark, adding a magical touch to your decor. Perfect for both beginners and experienced crafters, this unique painting kit offers an engaging and relaxing experience while [&#8230;]\n","protected":false},"featured_media":8311,"comment_status":"open","ping_status":"closed","template":"","meta":{"_monsterinsights_skip_tracking":false,"_monsterinsights_sitenote_active":false,"_monsterinsights_sitenote_note":"","_monsterinsights_sitenote_category":0,"jetpack_publicize_message":"","jetpack_publicize_feature_enabled":true,"jetpack_social_post_already_shared":false,"jetpack_social_options":{"image_generator_settings":{"template":"highway","default_image_id":0,"font":"","enabled":false},"version":2}},"product_brand":[],"product_cat":[193],"product_tag":[],"class_list":{"0":"post-8302","1":"product","2":"type-product","3":"status-publish","4":"has-post-thumbnail","6":"product_cat-christmas-trees","8":"first","9":"instock","10":"shipping-taxable","11":"purchasable","12":"product-type-variable"},"aioseo_notices":[],"jetpack_publicize_connections":[],"jetpack_sharing_enabled":true,"_links":{"self":[{"href":"https:\/\/amazingmarket.ee\/et\/wp-json\/wp\/v2\/product\/8302","targetHints":{"allow":["GET"]}}],"collection":[{"href":"https:\/\/amazingmarket.ee\/et\/wp-json\/wp\/v2\/product"}],"about":[{"href":"https:\/\/amazingmarket.ee\/et\/wp-json\/wp\/v2\/types\/product"}],"replies":[{"embeddable":true,"href":"https:\/\/amazingmarket.ee\/et\/wp-json\/wp\/v2\/comments?post=8302"}],"wp:featuredmedia":[{"embeddable":true,"href":"https:\/\/amazingmarket.ee\/et\/wp-json\/wp\/v2\/media\/8311"}],"wp:attachment":[{"href":"https:\/\/amazingmarket.ee\/et\/wp-json\/wp\/v2\/media?parent=8302"}],"wp:term":[{"taxonomy":"product_brand","embeddable":true,"href":"https:\/\/amazingmarket.ee\/et\/wp-json\/wp\/v2\/product_brand?post=8302"},{"taxonomy":"product_cat","embeddable":true,"href":"https:\/\/amazingmarket.ee\/et\/wp-json\/wp\/v2\/product_cat?post=8302"},{"taxonomy":"product_tag","embeddable":true,"href":"https:\/\/amazingmarket.ee\/et\/wp-json\/wp\/v2\/product_tag?post=8302"}],"curies":[{"name":"wp","href":"https:\/\/api.w.org\/{rel}","templated":true}]}}