{"id":8299,"date":"2024-12-05T16:12:30","date_gmt":"2024-12-05T14:12:30","guid":{"rendered":"https:\/\/amazingmarket.ee\/?post_type=product&#038;p=8299"},"modified":"2026-03-14T11:15:24","modified_gmt":"2026-03-14T09:15:24","slug":"magic-mood-light-with-lighting-effects-music-sync","status":"publish","type":"product","link":"https:\/\/amazingmarket.ee\/et\/toode\/magic-mood-light-with-lighting-effects-music-sync\/","title":{"rendered":"Magic Mood Light koos valgusefektide ja muusika s\u00fcnkroonimisega"},"content":{"rendered":"<p><span style=\"font-size: 120%;\">Muutke oma ruumi selle maagilise meeleoluvalgusega, mis on loodud d\u00fcnaamilise atmosf\u00e4\u00e4ri loomiseks 11 erineva v\u00e4rviefekti ja 4 p\u00f5neva muusika s\u00fcnkroonimisre\u017eiimi abil. Valgustus reageerib teie lemmikmuusika r\u00fctmile, \u00e4ratades teie lood ellu erksate, pidevalt muutuvate v\u00e4rvidega. Olenemata sellest, kas korraldate pidu v\u00f5i l\u00f5\u00f5gastute kodus, t\u00e4iustab see mitmek\u00fclgne valgusti teie keskkonda, pakkudes kaasahaaravat kogemust, mis kohandub teie meeleolu ja muusikaga. Ideaalne maagilise atmosf\u00e4\u00e4ri loomiseks igas ruumis.<\/span><\/p>","protected":false},"excerpt":{"rendered":"<p>Transform your space with this Magic Mood Light, designed to create a dynamic atmosphere with 11 different color effects and 4 exciting music sync modes. The lighting reacts to the rhythm of your favorite music, bringing your tunes to life with vibrant, ever-changing colors. Whether you&#8217;re hosting a party or relaxing at home, this versatile [&#8230;]\n","protected":false},"featured_media":8300,"comment_status":"open","ping_status":"closed","template":"","meta":{"_monsterinsights_skip_tracking":false,"_monsterinsights_sitenote_active":false,"_monsterinsights_sitenote_note":"","_monsterinsights_sitenote_category":0,"jetpack_publicize_message":"","jetpack_publicize_feature_enabled":true,"jetpack_social_post_already_shared":false,"jetpack_social_options":{"image_generator_settings":{"template":"highway","default_image_id":0,"font":"","enabled":false},"version":2}},"product_brand":[],"product_cat":[193],"product_tag":[],"class_list":{"0":"post-8299","1":"product","2":"type-product","3":"status-publish","4":"has-post-thumbnail","6":"product_cat-christmas-trees","8":"first","9":"instock","10":"shipping-taxable","11":"purchasable","12":"product-type-simple"},"aioseo_notices":[],"jetpack_publicize_connections":[],"jetpack_sharing_enabled":true,"_links":{"self":[{"href":"https:\/\/amazingmarket.ee\/et\/wp-json\/wp\/v2\/product\/8299","targetHints":{"allow":["GET"]}}],"collection":[{"href":"https:\/\/amazingmarket.ee\/et\/wp-json\/wp\/v2\/product"}],"about":[{"href":"https:\/\/amazingmarket.ee\/et\/wp-json\/wp\/v2\/types\/product"}],"replies":[{"embeddable":true,"href":"https:\/\/amazingmarket.ee\/et\/wp-json\/wp\/v2\/comments?post=8299"}],"wp:featuredmedia":[{"embeddable":true,"href":"https:\/\/amazingmarket.ee\/et\/wp-json\/wp\/v2\/media\/8300"}],"wp:attachment":[{"href":"https:\/\/amazingmarket.ee\/et\/wp-json\/wp\/v2\/media?parent=8299"}],"wp:term":[{"taxonomy":"product_brand","embeddable":true,"href":"https:\/\/amazingmarket.ee\/et\/wp-json\/wp\/v2\/product_brand?post=8299"},{"taxonomy":"product_cat","embeddable":true,"href":"https:\/\/amazingmarket.ee\/et\/wp-json\/wp\/v2\/product_cat?post=8299"},{"taxonomy":"product_tag","embeddable":true,"href":"https:\/\/amazingmarket.ee\/et\/wp-json\/wp\/v2\/product_tag?post=8299"}],"curies":[{"name":"wp","href":"https:\/\/api.w.org\/{rel}","templated":true}]}}