{"id":8293,"date":"2024-12-05T15:14:27","date_gmt":"2024-12-05T13:14:27","guid":{"rendered":"https:\/\/amazingmarket.ee\/?post_type=product&#038;p=8293"},"modified":"2026-03-14T11:15:32","modified_gmt":"2026-03-14T09:15:32","slug":"velvet-napkin-set-4-pieces-40x40cm","status":"publish","type":"product","link":"https:\/\/amazingmarket.ee\/et\/toode\/velvet-napkin-set-4-pieces-40x40cm\/","title":{"rendered":"Sametine salvr\u00e4tikukomplekt (4 osa, 40x40 cm)"},"content":{"rendered":"<p><span style=\"font-size: 120%;\">Lisa oma lauale selle abil elegantsi <strong>Sametist salvr\u00e4tikute komplekt<\/strong>Igas komplektis on 4 kaunilt valmistatud salvr\u00e4tikut, mis on saadaval kahes disainis: valge \u00f5rnade kuldsete lumehelvestega v\u00f5i must s\u00e4deleva s\u00e4delusega. Need 40x40 cm salvr\u00e4tikud on pehmed, korduvkasutatavad ja sobivad ideaalselt pidulikeks \u00f5htus\u00f6\u00f6kideks v\u00f5i pidulikeks koosviibimisteks. <\/span><\/p>","protected":false},"excerpt":{"rendered":"<p>Lisa oma lauale elegantsi selle sametist salvr\u00e4tikukomplektiga. Igas komplektis on 4 kaunilt valmistatud salvr\u00e4tikut, mis on saadaval kahes disainis: valge \u00f5rnade kuldsete lumehelvestega v\u00f5i must s\u00e4deleva s\u00e4delusega. Need 40x40 cm salvr\u00e4tikud on pehmed, korduvkasutatavad ja sobivad ideaalselt pidulikeks \u00f5htus\u00f6\u00f6kideks v\u00f5i pidulikeks koosviibimisteks.<\/p>","protected":false},"featured_media":8296,"comment_status":"open","ping_status":"closed","template":"","meta":{"_monsterinsights_skip_tracking":false,"_monsterinsights_sitenote_active":false,"_monsterinsights_sitenote_note":"","_monsterinsights_sitenote_category":0,"jetpack_publicize_message":"","jetpack_publicize_feature_enabled":true,"jetpack_social_post_already_shared":false,"jetpack_social_options":{"image_generator_settings":{"template":"highway","default_image_id":0,"font":"","enabled":false},"version":2}},"product_brand":[],"product_cat":[193],"product_tag":[],"class_list":{"0":"post-8293","1":"product","2":"type-product","3":"status-publish","4":"has-post-thumbnail","6":"product_cat-christmas-trees","8":"first","9":"instock","10":"shipping-taxable","11":"purchasable","12":"product-type-variable"},"aioseo_notices":[],"jetpack_publicize_connections":[],"jetpack_sharing_enabled":true,"_links":{"self":[{"href":"https:\/\/amazingmarket.ee\/et\/wp-json\/wp\/v2\/product\/8293","targetHints":{"allow":["GET"]}}],"collection":[{"href":"https:\/\/amazingmarket.ee\/et\/wp-json\/wp\/v2\/product"}],"about":[{"href":"https:\/\/amazingmarket.ee\/et\/wp-json\/wp\/v2\/types\/product"}],"replies":[{"embeddable":true,"href":"https:\/\/amazingmarket.ee\/et\/wp-json\/wp\/v2\/comments?post=8293"}],"wp:featuredmedia":[{"embeddable":true,"href":"https:\/\/amazingmarket.ee\/et\/wp-json\/wp\/v2\/media\/8296"}],"wp:attachment":[{"href":"https:\/\/amazingmarket.ee\/et\/wp-json\/wp\/v2\/media?parent=8293"}],"wp:term":[{"taxonomy":"product_brand","embeddable":true,"href":"https:\/\/amazingmarket.ee\/et\/wp-json\/wp\/v2\/product_brand?post=8293"},{"taxonomy":"product_cat","embeddable":true,"href":"https:\/\/amazingmarket.ee\/et\/wp-json\/wp\/v2\/product_cat?post=8293"},{"taxonomy":"product_tag","embeddable":true,"href":"https:\/\/amazingmarket.ee\/et\/wp-json\/wp\/v2\/product_tag?post=8293"}],"curies":[{"name":"wp","href":"https:\/\/api.w.org\/{rel}","templated":true}]}}