{"id":8270,"date":"2024-12-05T13:17:14","date_gmt":"2024-12-05T11:17:14","guid":{"rendered":"https:\/\/amazingmarket.ee\/?post_type=product&#038;p=8270"},"modified":"2026-03-14T11:15:32","modified_gmt":"2026-03-14T09:15:32","slug":"velvet-tablecloths-145x250cm","status":"publish","type":"product","link":"https:\/\/amazingmarket.ee\/et\/toode\/velvet-tablecloths-145x250cm\/","title":{"rendered":"Sametist laudlinad (145x250cm)"},"content":{"rendered":"<p>T\u00f5sta oma einestamiskogemust nende luksuslike valikutega k\u00f5rgemale <strong>Sametist laudlinad<\/strong>, saadaval kahes vapustavas disainis: pidulik roheline kuldsete t\u00e4htedega v\u00f5i klassikaline must s\u00e4delevate s\u00e4delustega. Rikkalik sametkangas lisab teie lauakujundusele elegantsi ja soojust, muutes need ideaalseks p\u00fchade t\u00e4histamiseks v\u00f5i erilisteks s\u00fcndmusteks. Vastupidavad ja kergesti hooldatavad laudlinad on m\u00f5\u00f5tmetega 145x250 cm.<\/p>","protected":false},"excerpt":{"rendered":"<p>Muutke oma einestamiskogemus uuele tasemele nende luksuslike sametist laudlinadega, mis on saadaval kahes vapustavas disainis: pidulik roheline kuldsete t\u00e4htedega v\u00f5i klassikaline must s\u00e4delevate s\u00e4delustega. Rikkalik sametkangas lisab teie lauakujundusele elegantsi ja soojust, muutes need ideaalseks p\u00fchade t\u00e4histamiseks v\u00f5i erilisteks s\u00fcndmusteks. Vastupidavad ja kergesti hooldatavad laudlinad on m\u00f5\u00f5tmetega 145x250 cm.<\/p>","protected":false},"featured_media":8273,"comment_status":"open","ping_status":"closed","template":"","meta":{"_monsterinsights_skip_tracking":false,"_monsterinsights_sitenote_active":false,"_monsterinsights_sitenote_note":"","_monsterinsights_sitenote_category":0,"jetpack_publicize_message":"","jetpack_publicize_feature_enabled":true,"jetpack_social_post_already_shared":false,"jetpack_social_options":{"image_generator_settings":{"template":"highway","default_image_id":0,"font":"","enabled":false},"version":2}},"product_brand":[],"product_cat":[193],"product_tag":[],"class_list":{"0":"post-8270","1":"product","2":"type-product","3":"status-publish","4":"has-post-thumbnail","6":"product_cat-christmas-trees","8":"first","9":"instock","10":"shipping-taxable","11":"purchasable","12":"product-type-variable"},"aioseo_notices":[],"jetpack_publicize_connections":[],"jetpack_sharing_enabled":true,"_links":{"self":[{"href":"https:\/\/amazingmarket.ee\/et\/wp-json\/wp\/v2\/product\/8270","targetHints":{"allow":["GET"]}}],"collection":[{"href":"https:\/\/amazingmarket.ee\/et\/wp-json\/wp\/v2\/product"}],"about":[{"href":"https:\/\/amazingmarket.ee\/et\/wp-json\/wp\/v2\/types\/product"}],"replies":[{"embeddable":true,"href":"https:\/\/amazingmarket.ee\/et\/wp-json\/wp\/v2\/comments?post=8270"}],"wp:featuredmedia":[{"embeddable":true,"href":"https:\/\/amazingmarket.ee\/et\/wp-json\/wp\/v2\/media\/8273"}],"wp:attachment":[{"href":"https:\/\/amazingmarket.ee\/et\/wp-json\/wp\/v2\/media?parent=8270"}],"wp:term":[{"taxonomy":"product_brand","embeddable":true,"href":"https:\/\/amazingmarket.ee\/et\/wp-json\/wp\/v2\/product_brand?post=8270"},{"taxonomy":"product_cat","embeddable":true,"href":"https:\/\/amazingmarket.ee\/et\/wp-json\/wp\/v2\/product_cat?post=8270"},{"taxonomy":"product_tag","embeddable":true,"href":"https:\/\/amazingmarket.ee\/et\/wp-json\/wp\/v2\/product_tag?post=8270"}],"curies":[{"name":"wp","href":"https:\/\/api.w.org\/{rel}","templated":true}]}}