{"id":825,"date":"2024-01-21T15:53:15","date_gmt":"2024-01-21T15:53:15","guid":{"rendered":"https:\/\/amazingmarket.ee\/?post_type=product&#038;p=825"},"modified":"2026-03-14T11:15:31","modified_gmt":"2026-03-14T09:15:31","slug":"domo-do705bl-soup-maker-xxl-2","status":"publish","type":"product","link":"https:\/\/amazingmarket.ee\/et\/toode\/domo-do705bl-soup-maker-xxl-2\/","title":{"rendered":"DOmo DO705BL supikeetja XXL"},"content":{"rendered":"<p><span style=\"color: #000000;\"><strong>UUS<\/strong><\/span><\/p>\n<p>DOmo Soup Maker XXL on uuenduslik seade, mis on loodud suppide ja kooresuppide lihtsaks valmistamiseks. Muljetavaldava 2-liitrise kogumahuga v\u00f5imaldab see h\u00f5lpsasti valmistada erinevaid roogasid. Supikeetja on varustatud v\u00f5imsa k\u00fcttekehaga, mis tagab kiire ja \u00fchtlase toiduvalmistamise protsessi. Sellel on erinevad toiduvalmistamisprogrammid, reguleeritav taimer ja soojashoidmise funktsioon. Mugava juhtpaneeli ja stabiilse disainiga Soup Maker XXL saab teie t\u00e4iuslikuks kulinaarseks liitlaseks.<\/p>","protected":false},"excerpt":{"rendered":"<div class=\"flex-1 overflow-hidden\">\n<div class=\"react-scroll-to-bottom--css-zrsyx-79elbk h-full\">\n<div class=\"react-scroll-to-bottom--css-zrsyx-1n7m0yu\">\n<div class=\"flex flex-col pb-9 text-sm\">\n<div class=\"w-full text-token-text-primary\" data-testid=\"conversation-turn-97\">\n<div class=\"px-4 py-2 justify-center text-base md:gap-6 m-auto\">\n<div class=\"flex flex-1 text-base mx-auto gap-3 md:px-5 lg:px-1 xl:px-5 md:max-w-3xl lg:max-w-[40rem] xl:max-w-[48rem] group final-completion\">\n<div class=\"relative flex w-full flex-col lg:w-[calc(100%-115px)] agent-turn\">\n<div class=\"flex-col gap-1 md:gap-3\">\n<div class=\"flex flex-grow flex-col max-w-full\">\n<div class=\"min-h-[20px] text-message flex flex-col items-start gap-3 whitespace-pre-wrap break-words [.text-message+&#038;]:mt-5 overflow-x-auto\" data-message-author-role=\"assistant\" data-message-id=\"6182e72e-0cd5-4464-9171-a31e159a96cd\">\n<div class=\"markdown prose w-full break-words dark:prose-invert light\">\n<p>The DOmo DO705BL Soup Maker XXL is an innovative device for making soups and cream soups. With a 2-liter capacity, powerful heating element, various programs, and a user-friendly control panel, it&#8217;s an excellent choice for quick and delicious preparation of a variety of dishes.<\/p>\n<\/div>\n<\/div>\n<\/div>\n<\/div>\n<\/div>\n<\/div>\n<\/div>\n<\/div>\n<\/div>\n<\/div>\n<\/div>\n<\/div>\n","protected":false},"featured_media":1247,"comment_status":"open","ping_status":"closed","template":"","meta":{"_monsterinsights_skip_tracking":false,"_monsterinsights_sitenote_active":false,"_monsterinsights_sitenote_note":"","_monsterinsights_sitenote_category":0,"jetpack_publicize_message":"","jetpack_publicize_feature_enabled":true,"jetpack_social_post_already_shared":false,"jetpack_social_options":{"image_generator_settings":{"template":"highway","default_image_id":0,"font":"","enabled":false},"version":2}},"product_brand":[],"product_cat":[77],"product_tag":[],"class_list":{"0":"post-825","1":"product","2":"type-product","3":"status-publish","4":"has-post-thumbnail","6":"product_cat-blenders","8":"first","9":"instock","10":"sale","11":"shipping-taxable","12":"purchasable","13":"product-type-simple"},"aioseo_notices":[],"jetpack_publicize_connections":[],"jetpack_sharing_enabled":true,"_links":{"self":[{"href":"https:\/\/amazingmarket.ee\/et\/wp-json\/wp\/v2\/product\/825","targetHints":{"allow":["GET"]}}],"collection":[{"href":"https:\/\/amazingmarket.ee\/et\/wp-json\/wp\/v2\/product"}],"about":[{"href":"https:\/\/amazingmarket.ee\/et\/wp-json\/wp\/v2\/types\/product"}],"replies":[{"embeddable":true,"href":"https:\/\/amazingmarket.ee\/et\/wp-json\/wp\/v2\/comments?post=825"}],"wp:featuredmedia":[{"embeddable":true,"href":"https:\/\/amazingmarket.ee\/et\/wp-json\/wp\/v2\/media\/1247"}],"wp:attachment":[{"href":"https:\/\/amazingmarket.ee\/et\/wp-json\/wp\/v2\/media?parent=825"}],"wp:term":[{"taxonomy":"product_brand","embeddable":true,"href":"https:\/\/amazingmarket.ee\/et\/wp-json\/wp\/v2\/product_brand?post=825"},{"taxonomy":"product_cat","embeddable":true,"href":"https:\/\/amazingmarket.ee\/et\/wp-json\/wp\/v2\/product_cat?post=825"},{"taxonomy":"product_tag","embeddable":true,"href":"https:\/\/amazingmarket.ee\/et\/wp-json\/wp\/v2\/product_tag?post=825"}],"curies":[{"name":"wp","href":"https:\/\/api.w.org\/{rel}","templated":true}]}}