{"id":8201,"date":"2024-12-03T15:48:12","date_gmt":"2024-12-03T13:48:12","guid":{"rendered":"https:\/\/amazingmarket.ee\/?post_type=product&#038;p=8201"},"modified":"2026-03-14T11:15:24","modified_gmt":"2026-03-14T09:15:24","slug":"timex-watches","status":"publish","type":"product","link":"https:\/\/amazingmarket.ee\/et\/toode\/timex-watches\/","title":{"rendered":"Timex kellad"},"content":{"rendered":"<p>Originaalkell \u2013 karp ei kuulu komplekti<\/p>\n<p><span class=\"x1xsqp64 xiy17q3 x1o6pynw x19co3pv xdj266r xcwd3tp xat24cr x39eecv x2b8uid\" data-testid=\"emoji\"><span class=\"xexx8yu xn5pp95 x18d9i69 x2fxd7x x3jgonx x1bhl96m\">\u2714\ufe0f<\/span><\/span> 100% Authentic: Garanteeritud originaalkell, hangitud otse usaldusv\u00e4\u00e4rsetelt tarnijatelt.<br \/>\n<span class=\"x1xsqp64 xiy17q3 x1o6pynw x19co3pv xdj266r xcwd3tp xat24cr x39eecv x2b8uid\" data-testid=\"emoji\"><span class=\"xexx8yu xn5pp95 x18d9i69 x2fxd7x x3jgonx x1bhl96m\">\u2714\ufe0f<\/span><\/span> Seisukord: demo<br \/>\n<span class=\"x1xsqp64 xiy17q3 x1o6pynw x19co3pv xdj266r xcwd3tp xat24cr x39eecv x2b8uid\" data-testid=\"emoji\"><span class=\"xexx8yu xn5pp95 x18d9i69 x2fxd7x x3jgonx x1bhl96m\">\u2714\ufe0f<\/span><\/span> Originaalkarp puudub: ideaalne neile, kes otsivad luksust taskukohasema hinnaga.<\/p>\n<p><span class=\"x1xsqp64 xiy17q3 x1o6pynw x19co3pv xdj266r xcwd3tp xat24cr x39eecv x2b8uid\" data-testid=\"emoji\"><span class=\"xexx8yu xn5pp95 x18d9i69 x2fxd7x x3jgonx x1bhl96m\">\ud83d\udd52<\/span><\/span> Ajatu ese, mis \u00fchendab stiili ja funktsionaalsuse, sobib ideaalselt igap\u00e4evaseks kandmiseks v\u00f5i erilistel puhkudel.<\/p>","protected":false},"excerpt":{"rendered":"<p>Original\u00a0 Watch \u2013 No Box Included \u2714\ufe0f 100% Authentic: Guaranteed original timepiece, sourced directly from trusted suppliers. \u2714\ufe0f Condition:demo \u2714\ufe0f No Original Box: Perfect for those seeking luxury at a more affordable price. \ud83d\udd52 A timeless piece that blends style and functionality, ideal for everyday wear or special occasions.<\/p>","protected":false},"featured_media":8206,"comment_status":"open","ping_status":"closed","template":"","meta":{"_monsterinsights_skip_tracking":false,"_monsterinsights_sitenote_active":false,"_monsterinsights_sitenote_note":"","_monsterinsights_sitenote_category":0,"jetpack_publicize_message":"","jetpack_publicize_feature_enabled":true,"jetpack_social_post_already_shared":false,"jetpack_social_options":{"image_generator_settings":{"template":"highway","default_image_id":0,"font":"","enabled":false},"version":2}},"product_brand":[],"product_cat":[123],"product_tag":[],"class_list":{"0":"post-8201","1":"product","2":"type-product","3":"status-publish","4":"has-post-thumbnail","6":"product_cat-cosmetics","8":"first","9":"instock","10":"shipping-taxable","11":"purchasable","12":"product-type-simple"},"aioseo_notices":[],"jetpack_publicize_connections":[],"jetpack_sharing_enabled":true,"_links":{"self":[{"href":"https:\/\/amazingmarket.ee\/et\/wp-json\/wp\/v2\/product\/8201","targetHints":{"allow":["GET"]}}],"collection":[{"href":"https:\/\/amazingmarket.ee\/et\/wp-json\/wp\/v2\/product"}],"about":[{"href":"https:\/\/amazingmarket.ee\/et\/wp-json\/wp\/v2\/types\/product"}],"replies":[{"embeddable":true,"href":"https:\/\/amazingmarket.ee\/et\/wp-json\/wp\/v2\/comments?post=8201"}],"wp:featuredmedia":[{"embeddable":true,"href":"https:\/\/amazingmarket.ee\/et\/wp-json\/wp\/v2\/media\/8206"}],"wp:attachment":[{"href":"https:\/\/amazingmarket.ee\/et\/wp-json\/wp\/v2\/media?parent=8201"}],"wp:term":[{"taxonomy":"product_brand","embeddable":true,"href":"https:\/\/amazingmarket.ee\/et\/wp-json\/wp\/v2\/product_brand?post=8201"},{"taxonomy":"product_cat","embeddable":true,"href":"https:\/\/amazingmarket.ee\/et\/wp-json\/wp\/v2\/product_cat?post=8201"},{"taxonomy":"product_tag","embeddable":true,"href":"https:\/\/amazingmarket.ee\/et\/wp-json\/wp\/v2\/product_tag?post=8201"}],"curies":[{"name":"wp","href":"https:\/\/api.w.org\/{rel}","templated":true}]}}