{"id":8193,"date":"2024-12-03T15:30:21","date_gmt":"2024-12-03T13:30:21","guid":{"rendered":"https:\/\/amazingmarket.ee\/?post_type=product&#038;p=8193"},"modified":"2026-03-14T11:15:24","modified_gmt":"2026-03-14T09:15:24","slug":"timex-fashion-watch-with-swarovski-crystals","status":"publish","type":"product","link":"https:\/\/amazingmarket.ee\/et\/toode\/timex-fashion-watch-with-swarovski-crystals\/","title":{"rendered":"Timexi moekell Swarovski kristallidega"},"content":{"rendered":"<p><strong>Originaalkell \u2013 karp ei kuulu komplekti<\/strong><\/p>\n<p>\u2714\ufe0f <strong>100% autentne:<\/strong> Garanteeritud originaalkell, hangitud otse usaldusv\u00e4\u00e4rsetelt tarnijatelt.<br \/>\n\u2714\ufe0f <strong>Seisukord: demo<\/strong><br \/>\n\u2714\ufe0f <strong>Originaalkarp puudub:<\/strong> Ideaalne neile, kes otsivad luksust taskukohasema hinnaga.<\/p>\n<p>\ud83d\udd52 Ajatu ese, mis \u00fchendab stiili ja funktsionaalsuse, sobib ideaalselt igap\u00e4evaseks kandmiseks v\u00f5i erilistel puhkudel.<\/p>","protected":false},"excerpt":{"rendered":"<p>Originaalkell \u2013 kasti ei ole kaasas \u2714\ufe0f 100% Autentsed: Garanteeritud originaalkell, hangitud otse usaldusv\u00e4\u00e4rsetelt tarnijatelt. \u2714\ufe0f Seisukord: demo \u2714\ufe0f Originaalkarp puudub: ideaalne neile, kes otsivad luksust soodsama hinnaga. \ud83d\udd52 Ajatu ese, mis \u00fchendab stiili ja funktsionaalsuse, sobib ideaalselt igap\u00e4evaseks kandmiseks v\u00f5i erilistel puhkudel.<\/p>","protected":false},"featured_media":8194,"comment_status":"open","ping_status":"closed","template":"","meta":{"_monsterinsights_skip_tracking":false,"_monsterinsights_sitenote_active":false,"_monsterinsights_sitenote_note":"","_monsterinsights_sitenote_category":0,"jetpack_publicize_message":"","jetpack_publicize_feature_enabled":true,"jetpack_social_post_already_shared":false,"jetpack_social_options":{"image_generator_settings":{"template":"highway","default_image_id":0,"font":"","enabled":false},"version":2}},"product_brand":[],"product_cat":[123],"product_tag":[],"class_list":{"0":"post-8193","1":"product","2":"type-product","3":"status-publish","4":"has-post-thumbnail","6":"product_cat-cosmetics","8":"first","9":"instock","10":"shipping-taxable","11":"purchasable","12":"product-type-simple"},"aioseo_notices":[],"jetpack_publicize_connections":[],"jetpack_sharing_enabled":true,"_links":{"self":[{"href":"https:\/\/amazingmarket.ee\/et\/wp-json\/wp\/v2\/product\/8193","targetHints":{"allow":["GET"]}}],"collection":[{"href":"https:\/\/amazingmarket.ee\/et\/wp-json\/wp\/v2\/product"}],"about":[{"href":"https:\/\/amazingmarket.ee\/et\/wp-json\/wp\/v2\/types\/product"}],"replies":[{"embeddable":true,"href":"https:\/\/amazingmarket.ee\/et\/wp-json\/wp\/v2\/comments?post=8193"}],"wp:featuredmedia":[{"embeddable":true,"href":"https:\/\/amazingmarket.ee\/et\/wp-json\/wp\/v2\/media\/8194"}],"wp:attachment":[{"href":"https:\/\/amazingmarket.ee\/et\/wp-json\/wp\/v2\/media?parent=8193"}],"wp:term":[{"taxonomy":"product_brand","embeddable":true,"href":"https:\/\/amazingmarket.ee\/et\/wp-json\/wp\/v2\/product_brand?post=8193"},{"taxonomy":"product_cat","embeddable":true,"href":"https:\/\/amazingmarket.ee\/et\/wp-json\/wp\/v2\/product_cat?post=8193"},{"taxonomy":"product_tag","embeddable":true,"href":"https:\/\/amazingmarket.ee\/et\/wp-json\/wp\/v2\/product_tag?post=8193"}],"curies":[{"name":"wp","href":"https:\/\/api.w.org\/{rel}","templated":true}]}}