{"id":8185,"date":"2024-12-02T14:02:10","date_gmt":"2024-12-02T12:02:10","guid":{"rendered":"https:\/\/amazingmarket.ee\/?post_type=product&#038;p=8185"},"modified":"2026-03-14T11:15:24","modified_gmt":"2026-03-14T09:15:24","slug":"fossil-es-2212-ladies-wristwatch-stainless-steel-mirror-polished","status":"publish","type":"product","link":"https:\/\/amazingmarket.ee\/et\/toode\/fossil-es-2212-ladies-wristwatch-stainless-steel-mirror-polished\/","title":{"rendered":"Fossiil ES-2212 naiste k\u00e4ekell roostevabast terasest poleeritud"},"content":{"rendered":"<p><strong>Originaalne Fossil kell \u2013 karpi pole kaasas<\/strong><\/p>\n<p>\u2714\ufe0f <strong>100% autentne:<\/strong> Garanteeritud originaalkell, hangitud otse usaldusv\u00e4\u00e4rsetelt tarnijatelt.<\/p>\n<p>\u2714\ufe0f <strong>Seisukord:<\/strong> demo<\/p>\n<p>\u2714\ufe0f <strong>Originaalkarp puudub:<\/strong> Ideaalne neile, kes otsivad luksust taskukohasema hinnaga.<\/p>\n<p>\ud83d\udd52 Ajatu ese, mis \u00fchendab stiili ja funktsionaalsuse, sobib ideaalselt igap\u00e4evaseks kandmiseks v\u00f5i erilistel puhkudel.<\/p>","protected":false},"excerpt":{"rendered":"<p>Originaal Fossil k\u00e4ekell \u2013 karpi ei kuulu komplekti \u2714\ufe0f 100% Autentne: Garanteeritult originaalne k\u00e4ekell, mis on hangitud otse usaldusv\u00e4\u00e4rsetelt tarnijatelt. \u2714\ufe0f Seisukord: demoversioon \u2714\ufe0f Originaalkarbita: Ideaalne neile, kes otsivad luksust soodsama hinnaga. \ud83d\udd52 Ajatu k\u00e4ekell, mis \u00fchendab stiili ja funktsionaalsuse, ideaalne igap\u00e4evaseks kandmiseks v\u00f5i erilisteks s\u00fcndmusteks.<\/p>","protected":false},"featured_media":8187,"comment_status":"open","ping_status":"closed","template":"","meta":{"_monsterinsights_skip_tracking":false,"_monsterinsights_sitenote_active":false,"_monsterinsights_sitenote_note":"","_monsterinsights_sitenote_category":0,"jetpack_publicize_message":"","jetpack_publicize_feature_enabled":true,"jetpack_social_post_already_shared":false,"jetpack_social_options":{"image_generator_settings":{"template":"highway","default_image_id":0,"font":"","enabled":false},"version":2}},"product_brand":[],"product_cat":[123],"product_tag":[],"class_list":{"0":"post-8185","1":"product","2":"type-product","3":"status-publish","4":"has-post-thumbnail","6":"product_cat-cosmetics","8":"first","9":"instock","10":"shipping-taxable","11":"purchasable","12":"product-type-simple"},"aioseo_notices":[],"jetpack_publicize_connections":[],"jetpack_sharing_enabled":true,"_links":{"self":[{"href":"https:\/\/amazingmarket.ee\/et\/wp-json\/wp\/v2\/product\/8185","targetHints":{"allow":["GET"]}}],"collection":[{"href":"https:\/\/amazingmarket.ee\/et\/wp-json\/wp\/v2\/product"}],"about":[{"href":"https:\/\/amazingmarket.ee\/et\/wp-json\/wp\/v2\/types\/product"}],"replies":[{"embeddable":true,"href":"https:\/\/amazingmarket.ee\/et\/wp-json\/wp\/v2\/comments?post=8185"}],"wp:featuredmedia":[{"embeddable":true,"href":"https:\/\/amazingmarket.ee\/et\/wp-json\/wp\/v2\/media\/8187"}],"wp:attachment":[{"href":"https:\/\/amazingmarket.ee\/et\/wp-json\/wp\/v2\/media?parent=8185"}],"wp:term":[{"taxonomy":"product_brand","embeddable":true,"href":"https:\/\/amazingmarket.ee\/et\/wp-json\/wp\/v2\/product_brand?post=8185"},{"taxonomy":"product_cat","embeddable":true,"href":"https:\/\/amazingmarket.ee\/et\/wp-json\/wp\/v2\/product_cat?post=8185"},{"taxonomy":"product_tag","embeddable":true,"href":"https:\/\/amazingmarket.ee\/et\/wp-json\/wp\/v2\/product_tag?post=8185"}],"curies":[{"name":"wp","href":"https:\/\/api.w.org\/{rel}","templated":true}]}}