{"id":814,"date":"2024-01-21T15:34:07","date_gmt":"2024-01-21T15:34:07","guid":{"rendered":"https:\/\/amazingmarket.ee\/?post_type=product&#038;p=814"},"modified":"2026-03-14T11:15:31","modified_gmt":"2026-03-14T09:15:31","slug":"senya-sybf-cj018r-extracteur-de-jus","status":"publish","type":"product","link":"https:\/\/amazingmarket.ee\/et\/toode\/senya-sybf-cj018r-extracteur-de-jus\/","title":{"rendered":"Senya SYBF-CJ018R ekstraktor de jus"},"content":{"rendered":"<p><strong><span style=\"color: #000000;\">UUS <\/span><\/strong><\/p>\n<p>Senya SYBF-CJ018R on mahlapress, mis on loodud v\u00e4rsketest puu- ja k\u00f6\u00f6giviljadest mahla t\u00f5husaks ekstraheerimiseks. Selle seadmega saate h\u00f5lpsalt valmistada v\u00e4rskelt pressitud mahlu, s\u00e4ilitades maksimaalse koguse toitaineid. Ekstraheerijal on v\u00f5imas mootor, ummistuse v\u00e4ltimiseks tagurpidi funktsioon ja see on h\u00f5lpsasti lahtiv\u00f5etav mugavaks puhastamiseks. Stiilne disain ja kompaktne suurus muudavad Senya SYBF-CJ018R suurep\u00e4raseks valikuks tervisliku eluviisi jaoks.<\/p>","protected":false},"excerpt":{"rendered":"<p>Senya SYBF-CJ018R on kompaktne ja t\u00f5hus mahlapress, mis sobib ideaalselt v\u00e4rskete jookide valmistamiseks puu- ja k\u00f6\u00f6giviljadest. V\u00f5imsa mootori, tagurpidi liikumise ja lihtsa hooldusega on see suurep\u00e4rane kaaslane tervisliku eluviisi s\u00e4ilitamiseks.<\/p>","protected":false},"featured_media":1248,"comment_status":"open","ping_status":"closed","template":"","meta":{"_monsterinsights_skip_tracking":false,"_monsterinsights_sitenote_active":false,"_monsterinsights_sitenote_note":"","_monsterinsights_sitenote_category":0,"jetpack_publicize_message":"","jetpack_publicize_feature_enabled":true,"jetpack_social_post_already_shared":false,"jetpack_social_options":{"image_generator_settings":{"template":"highway","default_image_id":0,"font":"","enabled":false},"version":2}},"product_brand":[],"product_cat":[81],"product_tag":[],"class_list":{"0":"post-814","1":"product","2":"type-product","3":"status-publish","4":"has-post-thumbnail","6":"product_cat-juice-extractors","8":"first","9":"instock","10":"sale","11":"shipping-taxable","12":"purchasable","13":"product-type-simple"},"aioseo_notices":[],"jetpack_publicize_connections":[],"jetpack_sharing_enabled":true,"_links":{"self":[{"href":"https:\/\/amazingmarket.ee\/et\/wp-json\/wp\/v2\/product\/814","targetHints":{"allow":["GET"]}}],"collection":[{"href":"https:\/\/amazingmarket.ee\/et\/wp-json\/wp\/v2\/product"}],"about":[{"href":"https:\/\/amazingmarket.ee\/et\/wp-json\/wp\/v2\/types\/product"}],"replies":[{"embeddable":true,"href":"https:\/\/amazingmarket.ee\/et\/wp-json\/wp\/v2\/comments?post=814"}],"wp:featuredmedia":[{"embeddable":true,"href":"https:\/\/amazingmarket.ee\/et\/wp-json\/wp\/v2\/media\/1248"}],"wp:attachment":[{"href":"https:\/\/amazingmarket.ee\/et\/wp-json\/wp\/v2\/media?parent=814"}],"wp:term":[{"taxonomy":"product_brand","embeddable":true,"href":"https:\/\/amazingmarket.ee\/et\/wp-json\/wp\/v2\/product_brand?post=814"},{"taxonomy":"product_cat","embeddable":true,"href":"https:\/\/amazingmarket.ee\/et\/wp-json\/wp\/v2\/product_cat?post=814"},{"taxonomy":"product_tag","embeddable":true,"href":"https:\/\/amazingmarket.ee\/et\/wp-json\/wp\/v2\/product_tag?post=814"}],"curies":[{"name":"wp","href":"https:\/\/api.w.org\/{rel}","templated":true}]}}