{"id":8015,"date":"2024-11-12T17:42:40","date_gmt":"2024-11-12T15:42:40","guid":{"rendered":"https:\/\/amazingmarket.ee\/?post_type=product&#038;p=8015"},"modified":"2026-03-14T11:15:25","modified_gmt":"2026-03-14T09:15:25","slug":"venga-vg-rvc-3000-robot-2","status":"publish","type":"product","link":"https:\/\/amazingmarket.ee\/et\/toode\/venga-vg-rvc-3000-robot-2\/","title":{"rendered":"Venga! VG RVC 3000 robot"},"content":{"rendered":"<h1>V\u00c4HE KASUTATUD<\/h1>\n<h1 class=\"a-size-base-plus a-text-bold\">Selle \u00fcksuse kohta<\/h1>\n<ul class=\"a-unordered-list a-vertical a-spacing-mini\">\n<li class=\"a-spacing-mini\"><span class=\"a-list-item\">3-IN-1 ROBOTOLMUIMUR: P\u00fchkimisfunktsioon 2 k\u00fclgharja ja suure keskharjaga. Vaakumfunktsioon imemisv\u00f5imsusega kuni 1600 Pa. P\u00f5randapesu funktsioon suure 300 ml paagiga. V\u00f5imas 2600 mAh aku kuni 120 min autonoomia ja 60 min maksimaalse imemisv\u00f5imsusega<\/span><\/li>\n<li class=\"a-spacing-mini\"><span class=\"a-list-item\">LIHTNE KASUTADA &quot;One Touch&quot; t\u00f6\u00f6re\u017eiimiga. Vajutage lihtsalt nuppu \u00fcks kord, et k\u00e4ivitada t\u00e4ielik automaatne puhastusts\u00fckkel eelprogrammeeritud arvu re\u017eiimidega, kuni see naaseb laadimisalusele. Komplektis kaugjuhtimispult robottolmuimeja funktsioonide juhtimiseks. Varustatud kokkup\u00f5rkevastaste ja kaljude anduritega, automaatne naasmine laadimisalusele autonoomseks t\u00f6\u00f6ks<\/span><\/li>\n<li class=\"a-spacing-mini\"><span class=\"a-list-item\">6 PUHASTUSRE\u017dIIMI: Automaatne, lokaalne puhastamine eriti m\u00e4\u00e4rdunud piirkondade jaoks, servade puhastamine m\u00f6\u00f6da seinu, ruumi puhastamine k\u00f5igi programmide k\u00e4itamiseks spetsiaalses ruumis, mopipuhastusfunktsioon ja maksimaalne imemine kaks korda suurema v\u00f5imsuse saavutamiseks. Igap\u00e4evase puhastusgraafiku funktsiooniga. Sobib igat t\u00fc\u00fcpi p\u00f5randatele: parkett, plaadid, vaibad ronimisv\u00f5imega kuni 1,8 cm<\/span><\/li>\n<li class=\"a-spacing-mini\"><span class=\"a-list-item\">SISALDAB: 1 Venga! VG RVC 3000 WH BS, 1 tolmukoguja HEPA filtriga, 1 veepaak, 4 k\u00fclgharja, 1 keskhari, 2 puhastuslappi, 1 puhastust\u00f6\u00f6riist, 1 kaugjuhtimispult (sh patareid), 1 vahelduvvooluadapteriga laadimisjaam, 1 kasutusjuhend 6 keeles (inglise, prantsuse, saksa, hispaania),<\/span><\/li>\n<\/ul>","protected":false},"excerpt":{"rendered":"<div class=\"a-column a-span6\">\n<div class=\"a-row a-spacing-medium-plus\">\n<div id=\"productDetails_expanderTables_depthLeftSections\" class=\"a-section\">\n<div class=\"a-row a-expander-container a-expander-section-container a-section-expander-container\" data-csa-c-content-id=\"voyager-expander-btn-t2\" data-csa-c-slot-id=\"voyager-expander-btn-t2\" data-csa-c-type=\"button\" data-csa-c-id=\"nrbfsb-hk6n40-68xuka-w3udva\">\n<div class=\"a-expander-content a-expander-extend-content a-expander-content-expanded\" data-expanded=\"true\">\n<div class=\"a-section\">\n<table class=\"a-keyvalue prodDetTable\" role=\"presentation\">\n<tbody>\n<tr>\n<th class=\"a-color-secondary a-size-base prodDetSectionEntry\">Toiteallikas<\/th>\n<td class=\"a-size-base prodDetAttrValue\">Akutoitel<\/td>\n<\/tr>\n<tr>\n<th class=\"a-color-secondary a-size-base prodDetSectionEntry\">Patareid on kaasas<\/th>\n<td class=\"a-size-base prodDetAttrValue\">Jah<\/td>\n<\/tr>\n<tr>\n<th class=\"a-color-secondary a-size-base prodDetSectionEntry\">Pinge<\/th>\n<td class=\"a-size-base prodDetAttrValue\">120 volti<\/td>\n<\/tr>\n<tr>\n<th class=\"a-color-secondary a-size-base prodDetSectionEntry\">Mahutavus<\/th>\n<td class=\"a-size-base prodDetAttrValue\">600 milliliitrit<\/td>\n<\/tr>\n<tr>\n<th class=\"a-color-secondary a-size-base prodDetSectionEntry\">Vormitegur<\/th>\n<td class=\"a-size-base prodDetAttrValue\">Robot<\/td>\n<\/tr>\n<tr>\n<th class=\"a-color-secondary a-size-base prodDetSectionEntry\">Kontrollimeetod<\/th>\n<td class=\"a-size-base prodDetAttrValue\">Kaugjuhtimispult, puutetundlik<\/td>\n<\/tr>\n<tr>\n<th class=\"a-color-secondary a-size-base prodDetSectionEntry\">Filtri t\u00fc\u00fcp<\/th>\n<td class=\"a-size-base prodDetAttrValue\">robottolmuimeja<\/td>\n<\/tr>\n<tr>\n<th class=\"a-color-secondary a-size-base prodDetSectionEntry\">Aku t\u00f6\u00f6iga<\/th>\n<td class=\"a-size-base prodDetAttrValue\">120 minutit<\/td>\n<\/tr>\n<tr>\n<th class=\"a-color-secondary a-size-base prodDetSectionEntry\">Akuelemendi koostis<\/th>\n<td class=\"a-size-base prodDetAttrValue\">Liitiumioon<\/td>\n<\/tr>\n<tr>\n<th class=\"a-color-secondary a-size-base prodDetSectionEntry\">Pinna soovitus<\/th>\n<td class=\"a-size-base prodDetAttrValue\">vaip, kivi, plaadid, parkett<\/td>\n<\/tr>\n<tr>\n<th class=\"a-color-secondary a-size-base prodDetSectionEntry\">Eriomadused<\/th>\n<td class=\"a-size-base prodDetAttrValue\">Lihtne kasutada; \u00dche puutega juhtimine; Luud, tolmuimeja ja mopp; 6 puhastusre\u017eiimi; Imemisv\u00f5imsus 1600 Pa; 600 ml tolmukast; Vaikne<\/td>\n<\/tr>\n<tr>\n<th class=\"a-color-secondary a-size-base prodDetSectionEntry\">Kontrolleri t\u00fc\u00fcp<\/th>\n<td class=\"a-size-base prodDetAttrValue\">Kaugjuhtimispult<\/td>\n<\/tr>\n<\/tbody>\n<\/table>\n<\/div>\n<\/div>\n<\/div>\n<\/div>\n<\/div>\n<\/div>\n<div class=\"a-column a-span6 a-span-last\">\n<div class=\"a-row a-spacing-medium-plus\">\n<div id=\"productDetails_expanderTables_depthRightSections\" class=\"a-section\">\n<div class=\"a-row a-expander-container a-expander-section-container a-section-expander-container\" data-csa-c-content-id=\"voyager-expander-btn-t2\" data-csa-c-slot-id=\"voyager-expander-btn-t2\" data-csa-c-type=\"button\" data-csa-c-id=\"5148s5-jamz57-icrwlw-qb6oj8\">\n<div class=\"a-expander-content a-expander-extend-content a-expander-content-expanded\" data-expanded=\"true\">\n<div class=\"a-section\">\n<table class=\"a-keyvalue prodDetTable\" role=\"presentation\">\n<tbody>\n<tr>\n<th class=\"a-color-secondary a-size-base prodDetSectionEntry\">Kauba kaal<\/th>\n<td class=\"a-size-base prodDetAttrValue\">2,8 kilogrammi<\/td>\n<\/tr>\n<tr>\n<th class=\"a-color-secondary a-size-base prodDetSectionEntry\">Kauba m\u00f5\u00f5tmed P x L x K<\/th>\n<td class=\"a-size-base prodDetAttrValue\">13L x 13L x 3H sentimeetrit<\/td>\n<\/tr>\n<\/tbody>\n<\/table>\n<\/div>\n<\/div>\n<\/div>\n<\/div>\n<\/div>\n<\/div>","protected":false},"featured_media":8014,"comment_status":"open","ping_status":"closed","template":"","meta":{"_monsterinsights_skip_tracking":false,"_monsterinsights_sitenote_active":false,"_monsterinsights_sitenote_note":"","_monsterinsights_sitenote_category":0,"jetpack_publicize_message":"","jetpack_publicize_feature_enabled":true,"jetpack_social_post_already_shared":false,"jetpack_social_options":{"image_generator_settings":{"template":"highway","default_image_id":0,"font":"","enabled":false},"version":2}},"product_brand":[],"product_cat":[80,102],"product_tag":[],"class_list":{"0":"post-8015","1":"product","2":"type-product","3":"status-publish","4":"has-post-thumbnail","6":"product_cat-robot-vacuum-cleaners","7":"product_cat-vacuum-cleaners","9":"first","10":"instock","11":"sale","12":"shipping-taxable","13":"purchasable","14":"product-type-simple"},"aioseo_notices":[],"jetpack_publicize_connections":[],"jetpack_sharing_enabled":true,"_links":{"self":[{"href":"https:\/\/amazingmarket.ee\/et\/wp-json\/wp\/v2\/product\/8015","targetHints":{"allow":["GET"]}}],"collection":[{"href":"https:\/\/amazingmarket.ee\/et\/wp-json\/wp\/v2\/product"}],"about":[{"href":"https:\/\/amazingmarket.ee\/et\/wp-json\/wp\/v2\/types\/product"}],"replies":[{"embeddable":true,"href":"https:\/\/amazingmarket.ee\/et\/wp-json\/wp\/v2\/comments?post=8015"}],"wp:featuredmedia":[{"embeddable":true,"href":"https:\/\/amazingmarket.ee\/et\/wp-json\/wp\/v2\/media\/8014"}],"wp:attachment":[{"href":"https:\/\/amazingmarket.ee\/et\/wp-json\/wp\/v2\/media?parent=8015"}],"wp:term":[{"taxonomy":"product_brand","embeddable":true,"href":"https:\/\/amazingmarket.ee\/et\/wp-json\/wp\/v2\/product_brand?post=8015"},{"taxonomy":"product_cat","embeddable":true,"href":"https:\/\/amazingmarket.ee\/et\/wp-json\/wp\/v2\/product_cat?post=8015"},{"taxonomy":"product_tag","embeddable":true,"href":"https:\/\/amazingmarket.ee\/et\/wp-json\/wp\/v2\/product_tag?post=8015"}],"curies":[{"name":"wp","href":"https:\/\/api.w.org\/{rel}","templated":true}]}}