{"id":7976,"date":"2024-11-12T17:22:39","date_gmt":"2024-11-12T15:22:39","guid":{"rendered":"https:\/\/amazingmarket.ee\/?post_type=product&#038;p=7976"},"modified":"2026-03-14T11:15:25","modified_gmt":"2026-03-14T09:15:25","slug":"rowenta-x-plorer-rr9067","status":"publish","type":"product","link":"https:\/\/amazingmarket.ee\/et\/toode\/rowenta-x-plorer-rr9067\/","title":{"rendered":"Rowenta X-Plorer RR9067"},"content":{"rendered":"<h1>V\u00c4HE KASUTATUD, POLE HARJA<\/h1>\n<h1 class=\"a-size-base-plus a-text-bold\">Selle \u00fcksuse kohta<\/h1>\n<ul class=\"a-unordered-list a-vertical a-spacing-mini\">\n<li class=\"a-spacing-mini\"><span class=\"a-list-item\">\u00dcli\u00f5huke disain: p\u00f6\u00f6rlev peata tehnoloogia vaid 8 cm k\u00f5rgusele robottolmuimejale XS, sobib ka k\u00f5ige madalama m\u00f6\u00f6bli alla; intelligentse lasernavigatsiooniga metoodiliseks puhastamiseks<\/span><\/li>\n<li class=\"a-spacing-mini\"><span class=\"a-list-item\">KOHALDATUD PUHASTAMINE Kogege p\u00fcsivat kaardistamist tasuta rakenduses individuaalselt reguleeritavate t\u00e4iustatud puhastusfunktsioonidega, nagu ruumide koristamine, liikumisvabad alad, p\u00fchkimisvaba puhastamine, intensiivpuhastusalad ja palju muud.<\/span><\/li>\n<li class=\"a-spacing-mini\"><span class=\"a-list-item\">LIHTNE AUTOMAATNE PUHASTAMINE \u2013 k\u00f5rgtehnoloogiline automaatne tolmuimeja, mis on v\u00f5imeline \u00f5ppima suurema autonoomia saavutamiseks koos harjumusp\u00f5histe soovituste, h\u00e4\u00e4lassistendi \u00fchilduvuse ja muuga<\/span><\/li>\n<li class=\"a-spacing-mini\"><span class=\"a-list-item\">Neli-\u00fches puhastus: 2 k\u00fclgharja nurkade ja raskesti ligip\u00e4\u00e4setavate kohtade jaoks, keskhari suurte tolmuosakeste ja mustuse jaoks, v\u00f5imas mootor usaldusv\u00e4\u00e4rse imemisv\u00f5imsuse tagamiseks ja Aqua Power s\u00fcsteem p\u00fchkimiseks<\/span><\/li>\n<li class=\"a-spacing-mini\"><span class=\"a-list-item\">KAUAKESE AKU \u2013 suure j\u00f5udlusega ja kauakestev liitiumioonaku 120-minutilise t\u00f6\u00f6ajaga (\u00f6kore\u017eiimis) \u00fche k\u00e4iguga, millest piisab kuni 120 m2 (60 min) puhastamiseks. v\u00f5imendusre\u017eiimis, maksimaalne laadimisaeg 3 tundi)<\/span><\/li>\n<\/ul>","protected":false},"excerpt":{"rendered":"<div class=\"a-row\">\n<div class=\"a-column a-span6\">\n<h1 class=\"a-size-medium a-spacing-small\">Tehnilised \u00fcksikasjad<\/h1>\n<\/div>\n<\/div>\n<div class=\"a-expander-content a-expander-extend-content\" data-expanded=\"true\">\n<div class=\"a-row a-expander-container a-expander-inline-container\">\n<div class=\"a-expander-content a-expander-section-content a-section-expander-inner\" data-expanded=\"true\">\n<table id=\"productDetails_techSpec_section_1\" class=\"a-keyvalue prodDetTable\" role=\"presentation\">\n<tbody>\n<tr>\n<th class=\"a-color-secondary a-size-base prodDetSectionEntry\">Kaubam\u00e4rk<\/th>\n<td class=\"a-size-base prodDetAttrValue\">Rowenta<\/td>\n<\/tr>\n<tr>\n<th class=\"a-color-secondary a-size-base prodDetSectionEntry\">Mudeli number<\/th>\n<td class=\"a-size-base prodDetAttrValue\">RR9067<\/td>\n<\/tr>\n<tr>\n<th class=\"a-color-secondary a-size-base prodDetSectionEntry\">V\u00e4rv<\/th>\n<td class=\"a-size-base prodDetAttrValue\">Valge<\/td>\n<\/tr>\n<tr>\n<th class=\"a-color-secondary a-size-base prodDetSectionEntry\">Toote m\u00f5\u00f5tmed<\/th>\n<td class=\"a-size-base prodDetAttrValue\">\u200e34,2 x 34,2 x 8 cm; 3,62 kg<\/td>\n<\/tr>\n<tr>\n<th class=\"a-color-secondary a-size-base prodDetSectionEntry\">Mahutavus<\/th>\n<td class=\"a-size-base prodDetAttrValue\">0,7 liitrit<\/td>\n<\/tr>\n<tr>\n<th class=\"a-color-secondary a-size-base prodDetSectionEntry\">Automaatne v\u00e4ljal\u00fclitus<\/th>\n<td class=\"a-size-base prodDetAttrValue\">jah<\/td>\n<\/tr>\n<tr>\n<th class=\"a-color-secondary a-size-base prodDetSectionEntry\">M\u00fcra tase<\/th>\n<td class=\"a-size-base prodDetAttrValue\">60 dB<\/td>\n<\/tr>\n<tr>\n<th class=\"a-color-secondary a-size-base prodDetSectionEntry\">Eriomadused<\/th>\n<td class=\"a-size-base prodDetAttrValue\">Nutika kodu integreerimine, h\u00e4\u00e4ljuhtimine, tehisintellekt, 4-\u00fches puhastus- ja imemisrobot: tolmuimeja, p\u00fchkimine, tsentraalne harjamine ja p\u00fchkimine, lasernavigatsioonis\u00fcsteem + kaamera<\/td>\n<\/tr>\n<tr>\n<th class=\"a-color-secondary a-size-base prodDetSectionEntry\">Kauba kaal<\/th>\n<td class=\"a-size-base prodDetAttrValue\">3,62 kilogrammi<\/td>\n<\/tr>\n<tr>\n<th class=\"a-color-secondary a-size-base prodDetSectionEntry\">Varuosade saadavuse kestus<\/th>\n<td class=\"a-size-base prodDetAttrValue\">15 aastat<\/td>\n<\/tr>\n<\/tbody>\n<\/table>\n<\/div>\n<\/div>\n<\/div>","protected":false},"featured_media":7977,"comment_status":"open","ping_status":"closed","template":"","meta":{"_monsterinsights_skip_tracking":false,"_monsterinsights_sitenote_active":false,"_monsterinsights_sitenote_note":"","_monsterinsights_sitenote_category":0,"jetpack_publicize_message":"","jetpack_publicize_feature_enabled":true,"jetpack_social_post_already_shared":false,"jetpack_social_options":{"image_generator_settings":{"template":"highway","default_image_id":0,"font":"","enabled":false},"version":2}},"product_brand":[],"product_cat":[80,102],"product_tag":[],"class_list":{"0":"post-7976","1":"product","2":"type-product","3":"status-publish","4":"has-post-thumbnail","6":"product_cat-robot-vacuum-cleaners","7":"product_cat-vacuum-cleaners","9":"first","10":"instock","11":"sale","12":"shipping-taxable","13":"purchasable","14":"product-type-simple"},"aioseo_notices":[],"jetpack_publicize_connections":[],"jetpack_sharing_enabled":true,"_links":{"self":[{"href":"https:\/\/amazingmarket.ee\/et\/wp-json\/wp\/v2\/product\/7976","targetHints":{"allow":["GET"]}}],"collection":[{"href":"https:\/\/amazingmarket.ee\/et\/wp-json\/wp\/v2\/product"}],"about":[{"href":"https:\/\/amazingmarket.ee\/et\/wp-json\/wp\/v2\/types\/product"}],"replies":[{"embeddable":true,"href":"https:\/\/amazingmarket.ee\/et\/wp-json\/wp\/v2\/comments?post=7976"}],"wp:featuredmedia":[{"embeddable":true,"href":"https:\/\/amazingmarket.ee\/et\/wp-json\/wp\/v2\/media\/7977"}],"wp:attachment":[{"href":"https:\/\/amazingmarket.ee\/et\/wp-json\/wp\/v2\/media?parent=7976"}],"wp:term":[{"taxonomy":"product_brand","embeddable":true,"href":"https:\/\/amazingmarket.ee\/et\/wp-json\/wp\/v2\/product_brand?post=7976"},{"taxonomy":"product_cat","embeddable":true,"href":"https:\/\/amazingmarket.ee\/et\/wp-json\/wp\/v2\/product_cat?post=7976"},{"taxonomy":"product_tag","embeddable":true,"href":"https:\/\/amazingmarket.ee\/et\/wp-json\/wp\/v2\/product_tag?post=7976"}],"curies":[{"name":"wp","href":"https:\/\/api.w.org\/{rel}","templated":true}]}}