{"id":795,"date":"2024-01-21T14:12:27","date_gmt":"2024-01-21T14:12:27","guid":{"rendered":"https:\/\/amazingmarket.ee\/?post_type=product&#038;p=795"},"modified":"2026-03-14T11:15:31","modified_gmt":"2026-03-14T09:15:31","slug":"bestron-teppanyaki-grill-plate-in-asia-design-xl","status":"publish","type":"product","link":"https:\/\/amazingmarket.ee\/et\/toode\/bestron-teppanyaki-grill-plate-in-asia-design-xl\/","title":{"rendered":"Bestron Teppanyaki grillplaat Aasia disainiga XL"},"content":{"rendered":"<p><span style=\"color: #000000;\"><strong>UUS, KESKEL PAINUD\u00a0<\/strong><\/span><\/p>\n<p>Bestron Teppanyaki grillplaat Aasias Design XL on mitmek\u00fclgne toiduvalmistamisseade, mis toob teie k\u00f6\u00f6ki autentse Aasia teppanyaki kogemuse. Selle ruumika XL-disainiga grillplaat pakub rohkelt k\u00fcpsetuspinda erinevate roogade valmistamiseks. Mittenakkuva kate tagab lihtsa toidu vabastamise ja probleemivaba puhastamise. Reguleeritav termostaat v\u00f5imaldab t\u00e4pselt reguleerida temperatuuri, samas kui jahedad k\u00e4epidemed ja rasvaalus suurendavad ohutust ja mugavust. Aasiast inspireeritud disain lisab teie toiduvalmistamisruumile stiili, muutes selle ideaalseks valikuks seltskondlikeks koosviibimisteks ja maitsvateks eineteks.<\/p>","protected":false},"excerpt":{"rendered":"<p>Bestron Teppanyaki grillplaat Aasia Design XL-is on ruumikas ja stiilne toiduvalmistamislahendus autentse Aasia teppanyaki kogemuse nautimiseks kodus. Mittenakkuva pinna, reguleeritava termostaadi ja mugavate funktsioonidega, nagu jahedad k\u00e4epidemed, pakub see probleemivaba toiduvalmistamist ja lihtsat puhastamist. Suurendage oma kulinaarset kogemust selle XL-suurusega grillplaadiga, mis sobib suurep\u00e4raselt seltskondlikeks koosviibimisteks ja maitsvateks eineteks.<\/p>","protected":false},"featured_media":1251,"comment_status":"open","ping_status":"closed","template":"","meta":{"_monsterinsights_skip_tracking":false,"_monsterinsights_sitenote_active":false,"_monsterinsights_sitenote_note":"","_monsterinsights_sitenote_category":0,"jetpack_publicize_message":"","jetpack_publicize_feature_enabled":true,"jetpack_social_post_already_shared":false,"jetpack_social_options":{"image_generator_settings":{"template":"highway","default_image_id":0,"font":"","enabled":false},"version":2}},"product_brand":[],"product_cat":[87],"product_tag":[],"class_list":{"0":"post-795","1":"product","2":"type-product","3":"status-publish","4":"has-post-thumbnail","6":"product_cat-electric-grills","8":"first","9":"instock","10":"sale","11":"shipping-taxable","12":"purchasable","13":"product-type-simple"},"aioseo_notices":[],"jetpack_publicize_connections":[],"jetpack_sharing_enabled":true,"_links":{"self":[{"href":"https:\/\/amazingmarket.ee\/et\/wp-json\/wp\/v2\/product\/795","targetHints":{"allow":["GET"]}}],"collection":[{"href":"https:\/\/amazingmarket.ee\/et\/wp-json\/wp\/v2\/product"}],"about":[{"href":"https:\/\/amazingmarket.ee\/et\/wp-json\/wp\/v2\/types\/product"}],"replies":[{"embeddable":true,"href":"https:\/\/amazingmarket.ee\/et\/wp-json\/wp\/v2\/comments?post=795"}],"wp:featuredmedia":[{"embeddable":true,"href":"https:\/\/amazingmarket.ee\/et\/wp-json\/wp\/v2\/media\/1251"}],"wp:attachment":[{"href":"https:\/\/amazingmarket.ee\/et\/wp-json\/wp\/v2\/media?parent=795"}],"wp:term":[{"taxonomy":"product_brand","embeddable":true,"href":"https:\/\/amazingmarket.ee\/et\/wp-json\/wp\/v2\/product_brand?post=795"},{"taxonomy":"product_cat","embeddable":true,"href":"https:\/\/amazingmarket.ee\/et\/wp-json\/wp\/v2\/product_cat?post=795"},{"taxonomy":"product_tag","embeddable":true,"href":"https:\/\/amazingmarket.ee\/et\/wp-json\/wp\/v2\/product_tag?post=795"}],"curies":[{"name":"wp","href":"https:\/\/api.w.org\/{rel}","templated":true}]}}