{"id":7949,"date":"2024-11-12T17:01:53","date_gmt":"2024-11-12T15:01:53","guid":{"rendered":"https:\/\/amazingmarket.ee\/?post_type=product&#038;p=7949"},"modified":"2026-03-14T11:15:25","modified_gmt":"2026-03-14T09:15:25","slug":"zaco-a10","status":"publish","type":"product","link":"https:\/\/amazingmarket.ee\/et\/toode\/zaco-a10\/","title":{"rendered":"Zaco A10"},"content":{"rendered":"<h1>DEMO<\/h1>\n<h1 class=\"a-size-base-plus a-text-bold\">Selle \u00fcksuse kohta<\/h1>\n<ul class=\"a-unordered-list a-vertical a-spacing-mini\">\n<li class=\"a-spacing-mini\"><span class=\"a-list-item\">T\u00e4pne ja intelligentne 360-kraadine lasernavigatsioon ja reaalajas kaardistamine: kiire 360-kraadine keskkonna skaneerimine, mis v\u00f5imaldab teil j\u00e4lgida puhastusprotsessi reaalajas<\/span><\/li>\n<li class=\"a-spacing-mini\"><span class=\"a-list-item\">Rakenduste juhtimine ja SmartHome&#039;i \u00fchilduvus: mitmekordne kaardistamine (kuni 3 korrust), ruumip\u00f5hised puhastusplaanid, kohandatud keelu-, kaasa- ja vaibatsoonid, samuti imavuse, veetaseme ja k\u00fclgharja juhtimine. Nutikas juhtimine v\u00f5imalik Amazon Alexa ja Google Home&#039;iga<\/span><\/li>\n<li class=\"a-spacing-mini\"><span class=\"a-list-item\">Aktiivne mopimisfunktsioon: uuenduslik vibreeriv klaasipuhasti plaat eemaldab ka t\u00f5rksa mustuse ja on \u00f5rn isegi tundlikel p\u00f5randatel, nagu parkett v\u00f5i laminaatp\u00f5rand.<\/span><\/li>\n<li class=\"a-spacing-mini\"><span class=\"a-list-item\">Suur 450 ml tolmupaak: hoiab \u00e4ra juuste sassi sattumise ja tagab optimaalse imemisv\u00f5ime v\u00e4iksema filtrivahetusega. T\u00e4nu kolmekordsele filtreerimisele filtreeritakse v\u00e4lja ka k\u00f5ige peenem tolm, mis teeb A10 ideaalseks allergikutele<\/span><\/li>\n<li class=\"a-spacing-mini\"><span class=\"a-list-item\">Tasane ja vaikne: ainult 9,2 cm k\u00f5rgune A10 suudab s\u00f5ita ka enamiku m\u00f6\u00f6bli all ja on vaikne. Helitugevust saab alati reguleerida vastavalt olukorrale l\u00e4bi imemistaseme seadete.<\/span><\/li>\n<\/ul>","protected":false},"excerpt":{"rendered":"<div class=\"a-column a-span6\">\n<div class=\"a-row a-spacing-medium-plus\">\n<div id=\"productDetails_expanderTables_depthLeftSections\" class=\"a-section\">\n<div class=\"a-row a-expander-container a-expander-section-container a-section-expander-container\" data-csa-c-content-id=\"voyager-expander-btn-t2\" data-csa-c-slot-id=\"voyager-expander-btn-t2\" data-csa-c-type=\"button\" data-csa-c-id=\"ghveox-fur1g2-fst3y9-s3irzq\">\n<div class=\"a-expander-content a-expander-extend-content a-expander-content-expanded\" data-expanded=\"true\">\n<div class=\"a-section\">\n<table class=\"a-keyvalue prodDetTable\" role=\"presentation\">\n<tbody>\n<tr>\n<th class=\"a-color-secondary a-size-base prodDetSectionEntry\">Toiteallikas<\/th>\n<td class=\"a-size-base prodDetAttrValue\">Akutoitel<\/td>\n<\/tr>\n<tr>\n<th class=\"a-color-secondary a-size-base prodDetSectionEntry\">Patareid on kaasas<\/th>\n<td class=\"a-size-base prodDetAttrValue\">Jah<\/td>\n<\/tr>\n<tr>\n<th class=\"a-color-secondary a-size-base prodDetSectionEntry\">Pinge<\/th>\n<td class=\"a-size-base prodDetAttrValue\">14,4 volti<\/td>\n<\/tr>\n<tr>\n<th class=\"a-color-secondary a-size-base prodDetSectionEntry\">Mahutavus<\/th>\n<td class=\"a-size-base prodDetAttrValue\">0,45 liitrit<\/td>\n<\/tr>\n<tr>\n<th class=\"a-color-secondary a-size-base prodDetSectionEntry\">\u00dchilduvad seadmed<\/th>\n<td class=\"a-size-base prodDetAttrValue\">Nutitelefonid, Amazon Echo, tahvelarvutid, Google Home<\/td>\n<\/tr>\n<tr>\n<th class=\"a-color-secondary a-size-base prodDetSectionEntry\">Vormitegur<\/th>\n<td class=\"a-size-base prodDetAttrValue\">Robot<\/td>\n<\/tr>\n<tr>\n<th class=\"a-color-secondary a-size-base prodDetSectionEntry\">Kontrollimeetod<\/th>\n<td class=\"a-size-base prodDetAttrValue\">Puudutage<\/td>\n<\/tr>\n<tr>\n<th class=\"a-color-secondary a-size-base prodDetSectionEntry\">Filtri t\u00fc\u00fcp<\/th>\n<td class=\"a-size-base prodDetAttrValue\">Kassett<\/td>\n<\/tr>\n<tr>\n<th class=\"a-color-secondary a-size-base prodDetSectionEntry\">Aku t\u00f6\u00f6iga<\/th>\n<td class=\"a-size-base prodDetAttrValue\">120 minutit<\/td>\n<\/tr>\n<tr>\n<th class=\"a-color-secondary a-size-base prodDetSectionEntry\">Puhastusraja laius<\/th>\n<td class=\"a-size-base prodDetAttrValue\">32 sentimeetrit<\/td>\n<\/tr>\n<tr>\n<th class=\"a-color-secondary a-size-base prodDetSectionEntry\">Akuelemendi koostis<\/th>\n<td class=\"a-size-base prodDetAttrValue\">Liitiumioon<\/td>\n<\/tr>\n<tr>\n<th class=\"a-color-secondary a-size-base prodDetSectionEntry\">Pinna soovitus<\/th>\n<td class=\"a-size-base prodDetAttrValue\">K\u00f5va p\u00f5rand, polster, vaip, parkett, plaat<\/td>\n<\/tr>\n<tr>\n<th class=\"a-color-secondary a-size-base prodDetSectionEntry\">Eriomadused<\/th>\n<td class=\"a-size-base prodDetAttrValue\">Pulseeriv mopiplaat, rakutolmupaak, automaatse j\u00e4tkamise funktsioon, trepist kukkumise kaitse, h\u00fcbriidharjastega hari lemmikloomade karvade jaoks, parkett sobib: automaatne lekkekaitse, kuni 120 minutit. T\u00f6\u00f6aeg, 360-kraadine p\u00f6\u00f6rlemine, 360-kraadine lasernavigatsioon, p\u00f6\u00f6rlev 360 kraadi, personaalne ZACO klienditeenindus: support@zaco.eu (DE, EN), kuni 3 korruse\/korteri reaalajas kaardistamine (mitme kaardistamine), ruumispetsiifiline puhastusplaan, SmartHome&#039;i h\u00e4\u00e4ljuhtimine (Amazoni autode tsoon, kohandatud lemmikloomade alad, Google Home-tsoon), mitteh\u00e4iriv re\u017eiim, reguleeritav imemisv\u00f5imsus ja k\u00fclgharja kiirus, 3-astmeline veejuhtimine, mitme h\u00e4\u00e4le v\u00e4ljund, rakenduste v\u00e4rskenduste automaatne juurutamine (O. TTA v\u00f5imeline<\/td>\n<\/tr>\n<tr>\n<th class=\"a-color-secondary a-size-base prodDetSectionEntry\">Kontrolleri t\u00fc\u00fcp<\/th>\n<td class=\"a-size-base prodDetAttrValue\">Rakenduse juhtimine<\/td>\n<\/tr>\n<\/tbody>\n<\/table>\n<\/div>\n<\/div>\n<\/div>\n<\/div>\n<\/div>\n<\/div>\n<div class=\"a-column a-span6 a-span-last\">\n<div class=\"a-row a-spacing-medium-plus\">\n<div id=\"productDetails_expanderTables_depthRightSections\" class=\"a-section\">\n<div class=\"a-row a-expander-container a-expander-section-container a-section-expander-container\" data-csa-c-content-id=\"voyager-expander-btn-t2\" data-csa-c-slot-id=\"voyager-expander-btn-t2\" data-csa-c-type=\"button\" data-csa-c-id=\"g5v10p-v313e7-szx7bb-d1sc5u\">\n<div class=\"a-expander-content a-expander-extend-content a-expander-content-expanded\" data-expanded=\"true\">\n<div class=\"a-section\">\n<table class=\"a-keyvalue prodDetTable\" role=\"presentation\">\n<tbody>\n<tr>\n<th class=\"a-color-secondary a-size-base prodDetSectionEntry\">Kauba kaal<\/th>\n<td class=\"a-size-base prodDetAttrValue\">2,6 kilogrammi<\/td>\n<\/tr>\n<tr>\n<th class=\"a-color-secondary a-size-base prodDetSectionEntry\">Kauba m\u00f5\u00f5tmed P x L x K<\/th>\n<td class=\"a-size-base prodDetAttrValue\">33L x 33L x 9,2H sentimeetrit<\/td>\n<\/tr>\n<\/tbody>\n<\/table>\n<\/div>\n<\/div>\n<\/div>\n<\/div>\n<\/div>\n<\/div>","protected":false},"featured_media":7950,"comment_status":"open","ping_status":"closed","template":"","meta":{"_monsterinsights_skip_tracking":false,"_monsterinsights_sitenote_active":false,"_monsterinsights_sitenote_note":"","_monsterinsights_sitenote_category":0,"jetpack_publicize_message":"","jetpack_publicize_feature_enabled":true,"jetpack_social_post_already_shared":false,"jetpack_social_options":{"image_generator_settings":{"template":"highway","default_image_id":0,"font":"","enabled":false},"version":2}},"product_brand":[],"product_cat":[80,102],"product_tag":[],"class_list":{"0":"post-7949","1":"product","2":"type-product","3":"status-publish","4":"has-post-thumbnail","6":"product_cat-robot-vacuum-cleaners","7":"product_cat-vacuum-cleaners","9":"first","10":"instock","11":"sale","12":"shipping-taxable","13":"purchasable","14":"product-type-simple"},"aioseo_notices":[],"jetpack_publicize_connections":[],"jetpack_sharing_enabled":true,"_links":{"self":[{"href":"https:\/\/amazingmarket.ee\/et\/wp-json\/wp\/v2\/product\/7949","targetHints":{"allow":["GET"]}}],"collection":[{"href":"https:\/\/amazingmarket.ee\/et\/wp-json\/wp\/v2\/product"}],"about":[{"href":"https:\/\/amazingmarket.ee\/et\/wp-json\/wp\/v2\/types\/product"}],"replies":[{"embeddable":true,"href":"https:\/\/amazingmarket.ee\/et\/wp-json\/wp\/v2\/comments?post=7949"}],"wp:featuredmedia":[{"embeddable":true,"href":"https:\/\/amazingmarket.ee\/et\/wp-json\/wp\/v2\/media\/7950"}],"wp:attachment":[{"href":"https:\/\/amazingmarket.ee\/et\/wp-json\/wp\/v2\/media?parent=7949"}],"wp:term":[{"taxonomy":"product_brand","embeddable":true,"href":"https:\/\/amazingmarket.ee\/et\/wp-json\/wp\/v2\/product_brand?post=7949"},{"taxonomy":"product_cat","embeddable":true,"href":"https:\/\/amazingmarket.ee\/et\/wp-json\/wp\/v2\/product_cat?post=7949"},{"taxonomy":"product_tag","embeddable":true,"href":"https:\/\/amazingmarket.ee\/et\/wp-json\/wp\/v2\/product_tag?post=7949"}],"curies":[{"name":"wp","href":"https:\/\/api.w.org\/{rel}","templated":true}]}}