{"id":7918,"date":"2024-11-12T16:34:48","date_gmt":"2024-11-12T14:34:48","guid":{"rendered":"https:\/\/amazingmarket.ee\/?post_type=product&#038;p=7918"},"modified":"2026-03-14T11:15:25","modified_gmt":"2026-03-14T09:15:25","slug":"preserve-2-jars-0-5-litre","status":"publish","type":"product","link":"https:\/\/amazingmarket.ee\/et\/toode\/preserve-2-jars-0-5-litre\/","title":{"rendered":"S\u00e4ilitada 2 purki 0,5 liitrit"},"content":{"rendered":"<p><span style=\"font-size: 170%;\"><strong>DEMO<\/strong><\/span><\/p>\n<p>LUKSUSLIK KLAASIST HOIDISEPURK \u2013<br \/>\nKilner\u00ae konservipurk sobib ideaalselt tervislike, kodus kasvatatud toiduainete s\u00e4ilitamiseks ja s\u00e4ilitamiseks. Sellel on kaheosaline kaanes\u00fcsteem, mis koosneb plekkkettast ja keermestatud ribast, tagades kindla vaakumtihendi, hoides sisu kauem v\u00e4rskena. Purgi maht on 0,5 liitrit \/ 500 ml, mis on ideaalne suurus moosi, chutney&#039;de ja v\u00e4ikeste marineeritud puuviljade valmistamiseks. Iga purk kehastab traditsioonilist Kilner\u00ae stiili koos autentse reljeefse logoga ja sisaldab \u00fcksikasjalikku kasutusjuhendit.<\/p>\n<p>ORIGINAALNE JA PARIM \u2013<br \/>\nIga purk on valmistatud kvaliteetsest soodaklaasist, millel on laitmatu selgus ja \u00fchtlane seinapaksus, mis tagab n\u00f5rkade kohtade puudumise. Klaaspurk on n\u00f5udepesumasinas pestav. Ketast ja keeratavat r\u00f5ngast tuleks pesta ainult k\u00e4sitsi ja koheselt kuivatada.<\/p>\n<p>KLAAS ON PARIM JA J\u00c4TKUSUUTLIK \u2013<br \/>\nKlaas sobib k\u00f5ige paremini toidu ja jookide hoidmiseks\/s\u00e4ilitamiseks ja transportimiseks. See on valmistatud looduslikest koostisosadest, seega ei p\u00e4\u00e4se toidu sisse kahjulikud kemikaalid ega toksiinid. Klaas on BPA-vaba ega ima l\u00f5hnu, maitseid ega plekke. Klaas pole mitte ainult tervislikum valik, vaid ka vastupidav ja mitte kunagi \u00fchekordseks kasutamiseks. Kilner\u00ae j\u00e4tkab plastj\u00e4\u00e4tmetega v\u00f5itlemist oma motoga: TAASKASUTA, T\u00c4ITA, RINGLUSSEV\u00d5TA.<\/p>\n<p>KILNER\u00aeI LUGU \u2013<br \/>\nInglismaal John Kilneri ja Co. poolt leiutatud originaalne Kilner\u00ae purk on sama armastatud ja edukas kui \u00fcle 180 aasta tagasi.<br \/>\nMeie mitmekesine tootevalik pakub lihtsaid lahendusi toidu s\u00e4ilitamiseks, ettevalmistamiseks, ladustamiseks ja kaasav\u00f5etavaks s\u00f6\u00f6miseks, kasutades kvaliteetseid materjale, mida kinnitab ikooniline Kilner\u00ae kaubam\u00e4rgi logo.<\/p>","protected":false},"excerpt":{"rendered":"<h4>M\u00f5\u00f5tmed<\/h4>\n<table id=\"product-attribute-specs-table\" class=\"data table additional-attributes\">\n<caption class=\"table-caption\">M\u00f5\u00f5tmed<\/caption>\n<tbody>\n<tr>\n<th class=\"col label\" scope=\"row\">Toote pikkus (mm)<\/th>\n<td class=\"col data\" data-th=\"Product Length (mm)\">83<\/td>\n<\/tr>\n<tr>\n<th class=\"col label\" scope=\"row\">Toote laius (mm)<\/th>\n<td class=\"col data\" data-th=\"Product Width (mm)\">83<\/td>\n<\/tr>\n<tr>\n<th class=\"col label\" scope=\"row\">Toote k\u00f5rgus (mm)<\/th>\n<td class=\"col data\" data-th=\"Product Height (mm)\">127<\/td>\n<\/tr>\n<\/tbody>\n<\/table>","protected":false},"featured_media":7921,"comment_status":"open","ping_status":"closed","template":"","meta":{"_monsterinsights_skip_tracking":false,"_monsterinsights_sitenote_active":false,"_monsterinsights_sitenote_note":"","_monsterinsights_sitenote_category":0,"jetpack_publicize_message":"","jetpack_publicize_feature_enabled":true,"jetpack_social_post_already_shared":false,"jetpack_social_options":{"image_generator_settings":{"template":"highway","default_image_id":0,"font":"","enabled":false},"version":2}},"product_brand":[],"product_cat":[223,212,134],"product_tag":[],"class_list":{"0":"post-7918","1":"product","2":"type-product","3":"status-publish","4":"has-post-thumbnail","6":"product_cat-kitchen-accessories","7":"product_cat-kitchen-equipment","8":"product_cat-lunch-boxes","10":"first","11":"instock","12":"sale","13":"shipping-taxable","14":"purchasable","15":"product-type-simple"},"aioseo_notices":[],"jetpack_publicize_connections":[],"jetpack_sharing_enabled":true,"_links":{"self":[{"href":"https:\/\/amazingmarket.ee\/et\/wp-json\/wp\/v2\/product\/7918","targetHints":{"allow":["GET"]}}],"collection":[{"href":"https:\/\/amazingmarket.ee\/et\/wp-json\/wp\/v2\/product"}],"about":[{"href":"https:\/\/amazingmarket.ee\/et\/wp-json\/wp\/v2\/types\/product"}],"replies":[{"embeddable":true,"href":"https:\/\/amazingmarket.ee\/et\/wp-json\/wp\/v2\/comments?post=7918"}],"wp:featuredmedia":[{"embeddable":true,"href":"https:\/\/amazingmarket.ee\/et\/wp-json\/wp\/v2\/media\/7921"}],"wp:attachment":[{"href":"https:\/\/amazingmarket.ee\/et\/wp-json\/wp\/v2\/media?parent=7918"}],"wp:term":[{"taxonomy":"product_brand","embeddable":true,"href":"https:\/\/amazingmarket.ee\/et\/wp-json\/wp\/v2\/product_brand?post=7918"},{"taxonomy":"product_cat","embeddable":true,"href":"https:\/\/amazingmarket.ee\/et\/wp-json\/wp\/v2\/product_cat?post=7918"},{"taxonomy":"product_tag","embeddable":true,"href":"https:\/\/amazingmarket.ee\/et\/wp-json\/wp\/v2\/product_tag?post=7918"}],"curies":[{"name":"wp","href":"https:\/\/api.w.org\/{rel}","templated":true}]}}