{"id":784,"date":"2024-01-21T13:28:45","date_gmt":"2024-01-21T13:28:45","guid":{"rendered":"https:\/\/amazingmarket.ee\/?post_type=product&#038;p=784"},"modified":"2026-03-14T11:15:31","modified_gmt":"2026-03-14T09:15:31","slug":"the-cosori-cp158-af-1700w-air-fryer","status":"publish","type":"product","link":"https:\/\/amazingmarket.ee\/et\/toode\/the-cosori-cp158-af-1700w-air-fryer\/","title":{"rendered":"Cosori CP158-AF 1700 W \u00f5hufrit\u00fc\u00fcr"},"content":{"rendered":"<p><span style=\"color: #000000;\"><strong>KASUTATUD ASJA, SEISUKORD 7 10-st<\/strong><\/span><\/p>\n<p>Cosori CP158-AF 1700 W \u00f5hufrit\u00fc\u00fcr on suure v\u00f5imsusega k\u00f6\u00f6giseade, mis on loodud tervislikuks ja t\u00f5husaks toiduvalmistamiseks. Tugeva 1700 W mootoriga kasutab see kuuma \u00f5hu tsirkulatsiooni toidu valmistamiseks kuni 85% v\u00e4hem rasva v\u00f5rreldes traditsiooniliste praadimismeetoditega. 5,8-kvartine mahutavus v\u00f5imaldab mitmek\u00fclgset toiduvalmistamist ja \u00f5hufrit\u00fc\u00fcril on digitaalne puuteekraan koos eelseadistatud funktsioonidega, mis h\u00f5lbustavad kasutamist. Kiir\u00f5hutehnoloogia tagab kiire ja \u00fchtlase toiduvalmistamise, samas kui eemaldatavad, n\u00f5udepesumasinas pestavad komponendid muudavad puhastamise imelihtsaks. Reguleeritavate temperatuuri- ja ajaseadetega pakub see \u00f5hufrit\u00fc\u00fcr paindlikkust erinevate retseptide jaoks.<\/p>","protected":false},"excerpt":{"rendered":"<p>Cosori CP158-AF 1700W \u00f5hufrit\u00fc\u00fcr on v\u00f5imas ja t\u00f5hus k\u00f6\u00f6git\u00f6\u00f6riist, mis kasutab kuuma \u00f5hu tsirkulatsiooni tervislikumaks ja v\u00e4iksema rasvasisaldusega toiduvalmistamiseks. 5,8-kvartise mahu ja digitaalse puuteekraaniga pakub see mugavaid eelseadistatud funktsioone ja reguleeritavaid seadistusi mitmek\u00fclgseks ja t\u00e4pseks toiduvalmistamiseks. Rapid air tehnoloogia tagab kiire ja \u00fchtlase tulemuse, samas kui eemaldatavad, n\u00f5udepesumasinas pestavad osad lihtsustavad puhastamist. T\u00e4iustage oma toiduvalmistamise kogemust selle suure j\u00f5udlusega \u00f5hkfrit\u00fc\u00fcriga.<\/p>","protected":false},"featured_media":1253,"comment_status":"open","ping_status":"closed","template":"","meta":{"_monsterinsights_skip_tracking":false,"_monsterinsights_sitenote_active":false,"_monsterinsights_sitenote_note":"","_monsterinsights_sitenote_category":0,"jetpack_publicize_message":"","jetpack_publicize_feature_enabled":true,"jetpack_social_post_already_shared":false,"jetpack_social_options":{"image_generator_settings":{"template":"highway","default_image_id":0,"font":"","enabled":false},"version":2}},"product_brand":[],"product_cat":[71],"product_tag":[],"class_list":{"0":"post-784","1":"product","2":"type-product","3":"status-publish","4":"has-post-thumbnail","6":"product_cat-airfryers","8":"first","9":"instock","10":"sale","11":"shipping-taxable","12":"purchasable","13":"product-type-simple"},"aioseo_notices":[],"jetpack_publicize_connections":[],"jetpack_sharing_enabled":true,"_links":{"self":[{"href":"https:\/\/amazingmarket.ee\/et\/wp-json\/wp\/v2\/product\/784","targetHints":{"allow":["GET"]}}],"collection":[{"href":"https:\/\/amazingmarket.ee\/et\/wp-json\/wp\/v2\/product"}],"about":[{"href":"https:\/\/amazingmarket.ee\/et\/wp-json\/wp\/v2\/types\/product"}],"replies":[{"embeddable":true,"href":"https:\/\/amazingmarket.ee\/et\/wp-json\/wp\/v2\/comments?post=784"}],"wp:featuredmedia":[{"embeddable":true,"href":"https:\/\/amazingmarket.ee\/et\/wp-json\/wp\/v2\/media\/1253"}],"wp:attachment":[{"href":"https:\/\/amazingmarket.ee\/et\/wp-json\/wp\/v2\/media?parent=784"}],"wp:term":[{"taxonomy":"product_brand","embeddable":true,"href":"https:\/\/amazingmarket.ee\/et\/wp-json\/wp\/v2\/product_brand?post=784"},{"taxonomy":"product_cat","embeddable":true,"href":"https:\/\/amazingmarket.ee\/et\/wp-json\/wp\/v2\/product_cat?post=784"},{"taxonomy":"product_tag","embeddable":true,"href":"https:\/\/amazingmarket.ee\/et\/wp-json\/wp\/v2\/product_tag?post=784"}],"curies":[{"name":"wp","href":"https:\/\/api.w.org\/{rel}","templated":true}]}}