{"id":7753,"date":"2024-11-11T15:14:57","date_gmt":"2024-11-11T13:14:57","guid":{"rendered":"https:\/\/amazingmarket.ee\/?post_type=product&#038;p=7753"},"modified":"2026-03-14T11:15:25","modified_gmt":"2026-03-14T09:15:25","slug":"amazon-basics-portable-desk-fan-2","status":"publish","type":"product","link":"https:\/\/amazingmarket.ee\/et\/toode\/amazon-basics-portable-desk-fan-2\/","title":{"rendered":"Amazon Basics kaasaskantav lauaventilaator"},"content":{"rendered":"<h1 class=\"a-size-base-plus a-text-bold\">Selle \u00fcksuse kohta<\/h1>\n<p>HEA SEISUKORD<\/p>\n<ul class=\"a-unordered-list a-vertical a-spacing-mini\">\n<li class=\"a-spacing-mini\"><span class=\"a-list-item\">KERGE JA KAASASKANTAV: Selle 7-tollise ventilaatori suurus sobib kasutamiseks kitsastes kohtades, nagu lauad, \u00f6\u00f6kapid ja t\u00f6\u00f6pinnad, aga ka magamistubades, elutubades v\u00f5i k\u00f6\u00f6gis.<\/span><\/li>\n<li class=\"a-spacing-mini\"><span class=\"a-list-item\">3 KIIRUSE S\u00c4TET: Kasutage tagak\u00fcljel olevaid juhtnuppe, et reguleerida \u00f5huvoolu vastavalt oma mugavustasemele. S\u00e4tted h\u00f5lmavad v\u00e4ljal\u00fclitatud, madalat, keskmist ja suurt kiirust (0, 1, 2 ja 3).<\/span><\/li>\n<li class=\"a-spacing-mini\"><span class=\"a-list-item\">REGULEERITAV KALDE: 90-kraadise kaldega pea \u00f5huvoolu suuna h\u00f5lpsaks muutmiseks<\/span><\/li>\n<li class=\"a-spacing-mini\"><span class=\"a-list-item\">SEADISTAMIST POLE VAJA: Lihtsalt \u00fchendage see vooluv\u00f5rku ja see on kasutusvalmis<\/span><\/li>\n<li class=\"a-spacing-mini\"><span class=\"a-list-item\">Pinge: 220\u2013240 volti<\/span><\/li>\n<li class=\"a-spacing-mini\"><span class=\"a-list-item\">M\u00f5\u00f5tmed: 15,49 x 27,3 x 27,69 cm (P x L x K). Kaal: 1,7 kg<\/span><\/li>\n<\/ul>","protected":false},"excerpt":{"rendered":"<div class=\"a-row\">\n<div class=\"a-column a-span6\">\n<h1 class=\"a-size-medium a-spacing-small\">Tehnilised \u00fcksikasjad<\/h1>\n<\/div>\n<\/div>\n<div class=\"a-expander-content a-expander-extend-content\" data-expanded=\"true\">\n<div class=\"a-row a-expander-container a-expander-inline-container\">\n<div class=\"a-expander-content a-expander-section-content a-section-expander-inner\" data-expanded=\"true\">\n<table id=\"productDetails_techSpec_section_1\" class=\"a-keyvalue prodDetTable\" role=\"presentation\">\n<tbody>\n<tr>\n<th class=\"a-color-secondary a-size-base prodDetSectionEntry\">Kaubam\u00e4rk<\/th>\n<td class=\"a-size-base prodDetAttrValue\">Amazoni p\u00f5hit\u00f5ed<\/td>\n<\/tr>\n<tr>\n<th class=\"a-color-secondary a-size-base prodDetSectionEntry\">Mudeli number<\/th>\n<td class=\"a-size-base prodDetAttrValue\">FT19-16AB-UK<\/td>\n<\/tr>\n<tr>\n<th class=\"a-color-secondary a-size-base prodDetSectionEntry\">V\u00e4rv<\/th>\n<td class=\"a-size-base prodDetAttrValue\">Valge<\/td>\n<\/tr>\n<tr>\n<th class=\"a-color-secondary a-size-base prodDetSectionEntry\">Toote m\u00f5\u00f5tmed<\/th>\n<td class=\"a-size-base prodDetAttrValue\">15,49 x 27,3 x 27,69 cm; 1,41 kg<\/td>\n<\/tr>\n<tr>\n<th class=\"a-color-secondary a-size-base prodDetSectionEntry\">V\u00f5imsus \/ vatt<\/th>\n<td class=\"a-size-base prodDetAttrValue\">35 vatti<\/td>\n<\/tr>\n<tr>\n<th class=\"a-color-secondary a-size-base prodDetSectionEntry\">Pinge<\/th>\n<td class=\"a-size-base prodDetAttrValue\">2,4E+2 volti<\/td>\n<\/tr>\n<tr>\n<th class=\"a-color-secondary a-size-base prodDetSectionEntry\">Eriomadused<\/th>\n<td class=\"a-size-base prodDetAttrValue\">Kaasaskantav, reguleeritava kaldega<\/td>\n<\/tr>\n<tr>\n<th class=\"a-color-secondary a-size-base prodDetSectionEntry\">Kauba kaal<\/th>\n<td class=\"a-size-base prodDetAttrValue\">1,41 kg<\/td>\n<\/tr>\n<\/tbody>\n<\/table>\n<\/div>\n<\/div>\n<\/div>","protected":false},"featured_media":7752,"comment_status":"open","ping_status":"closed","template":"","meta":{"_monsterinsights_skip_tracking":false,"_monsterinsights_sitenote_active":false,"_monsterinsights_sitenote_note":"","_monsterinsights_sitenote_category":0,"jetpack_publicize_message":"","jetpack_publicize_feature_enabled":true,"jetpack_social_post_already_shared":true,"jetpack_social_options":{"image_generator_settings":{"template":"highway","default_image_id":0,"font":"","enabled":false},"version":2}},"product_brand":[],"product_cat":[150],"product_tag":[],"class_list":{"0":"post-7753","1":"product","2":"type-product","3":"status-publish","4":"has-post-thumbnail","6":"product_cat-fan","8":"first","9":"instock","10":"sale","11":"shipping-taxable","12":"purchasable","13":"product-type-simple"},"aioseo_notices":[],"jetpack_publicize_connections":[],"jetpack_sharing_enabled":true,"_links":{"self":[{"href":"https:\/\/amazingmarket.ee\/et\/wp-json\/wp\/v2\/product\/7753","targetHints":{"allow":["GET"]}}],"collection":[{"href":"https:\/\/amazingmarket.ee\/et\/wp-json\/wp\/v2\/product"}],"about":[{"href":"https:\/\/amazingmarket.ee\/et\/wp-json\/wp\/v2\/types\/product"}],"replies":[{"embeddable":true,"href":"https:\/\/amazingmarket.ee\/et\/wp-json\/wp\/v2\/comments?post=7753"}],"wp:featuredmedia":[{"embeddable":true,"href":"https:\/\/amazingmarket.ee\/et\/wp-json\/wp\/v2\/media\/7752"}],"wp:attachment":[{"href":"https:\/\/amazingmarket.ee\/et\/wp-json\/wp\/v2\/media?parent=7753"}],"wp:term":[{"taxonomy":"product_brand","embeddable":true,"href":"https:\/\/amazingmarket.ee\/et\/wp-json\/wp\/v2\/product_brand?post=7753"},{"taxonomy":"product_cat","embeddable":true,"href":"https:\/\/amazingmarket.ee\/et\/wp-json\/wp\/v2\/product_cat?post=7753"},{"taxonomy":"product_tag","embeddable":true,"href":"https:\/\/amazingmarket.ee\/et\/wp-json\/wp\/v2\/product_tag?post=7753"}],"curies":[{"name":"wp","href":"https:\/\/api.w.org\/{rel}","templated":true}]}}