{"id":7732,"date":"2024-11-11T14:32:36","date_gmt":"2024-11-11T12:32:36","guid":{"rendered":"https:\/\/amazingmarket.ee\/?post_type=product&#038;p=7732"},"modified":"2026-03-14T11:15:25","modified_gmt":"2026-03-14T09:15:25","slug":"grill-taurus-maxims-plus","status":"publish","type":"product","link":"https:\/\/amazingmarket.ee\/et\/toode\/grill-taurus-maxims-plus\/","title":{"rendered":"GRILL Taurus MAXIMS PLUS"},"content":{"rendered":"<h1 class=\"a-size-base-plus a-text-bold\">Selle \u00fcksuse kohta<\/h1>\n<p>Seisukord on hea. Jalgadele toetuda ei ole vaja.<\/p>\n<ul class=\"a-unordered-list a-vertical a-spacing-mini\">\n<li class=\"a-spacing-mini\"><span class=\"a-list-item\">FUNKTSIONAALNE: elektrigrill metallkorpuse ja suure k\u00fcpsetuspinnaga, ideaalne teie toitude jaoks; hoiab \u00e4ra suitsu, l\u00f5hnad ja s\u00e4\u00e4stab puhastamisel aega<\/span><\/li>\n<li class=\"a-spacing-mini\"><span class=\"a-list-item\">Praktiline ja kaasaskantav: elektrigrill suure k\u00fcpsetuspinnaga (42 x 24 cm). Kasutage seda nii sise- kui ka v\u00e4listingimustes, k\u00fcpsetage restil v\u00f5i otse laual v\u00f5i t\u00f6\u00f6pinnal; Jalad on v\u00e4ga lihtsasti kokkupandavad ja lahtiv\u00f5etavad, nii et saate neid endaga k\u00f5ikjale kaasa v\u00f5tta; V\u00f5tke need kaasa telkimisele, s\u00f5prade juurde v\u00f5i asetage need lihtsalt mugavalt aeda; Pange jalad kokku v\u00f5i v\u00f5tke lahti ja valmistage maitsvaid toite kus iganes soovite.<\/span><\/li>\n<li class=\"a-spacing-mini\"><span class=\"a-list-item\">TERVISLIK ATMOSF\u00c4\u00c4R T\u00e4itke kandik veega, koguge rasv ja unustage suits ja l\u00f5hnad. Kausis olev vesi kogub rasva ja takistab rasva p\u00f5lemist, minimeerides suitsu ja l\u00f5hnu. Nii saate seda kasutada nii majas kui ka suletud ruumides.<\/span><\/li>\n<li class=\"a-spacing-mini\"><span class=\"a-list-item\">Lihtne ja kiire: t\u00e4nu suurele v\u00f5imsusele 2000 W (vatti) ja kogu k\u00fcpsetuspinda l\u00e4bivale lainetakistusele jaotub kuumus \u00fchtlaselt kogu grilli ulatuses. Kahekordse k\u00f5rgusega reguleeritav k\u00fcpsetusrest v\u00f5imaldab teil optimaalselt k\u00fcpsetada erinevat t\u00fc\u00fcpi toiduaineid: k\u00f6\u00f6givilju, liha ja kala.<\/span><\/li>\n<li class=\"a-spacing-mini\"><span class=\"a-list-item\">Lihtne puhastada: k\u00fcpsetusrest, takistus ja t\u00e4ielikult eemaldatav veekogumisalus mugavaks puhastamiseks. T\u00fchjendage kogumisalus ja eemaldage mustus niiske lapiga.<\/span><\/li>\n<\/ul>","protected":false},"excerpt":{"rendered":"<div class=\"a-row\">\n<div class=\"a-column a-span6\">\n<h1 class=\"a-size-medium a-spacing-small\">Tehnilised \u00fcksikasjad<\/h1>\n<\/div>\n<\/div>\n<div class=\"a-expander-content a-expander-extend-content\" data-expanded=\"true\">\n<div class=\"a-row a-expander-container a-expander-inline-container\">\n<div class=\"a-expander-content a-expander-section-content a-section-expander-inner\" data-expanded=\"true\">\n<table id=\"productDetails_techSpec_section_1\" class=\"a-keyvalue prodDetTable\" role=\"presentation\">\n<tbody>\n<tr>\n<th class=\"a-color-secondary a-size-base prodDetSectionEntry\">Kaubam\u00e4rk<\/th>\n<td class=\"a-size-base prodDetAttrValue\">S\u00f5nn<\/td>\n<\/tr>\n<tr>\n<th class=\"a-color-secondary a-size-base prodDetSectionEntry\">Mudeli number<\/th>\n<td class=\"a-size-base prodDetAttrValue\">\u200e968444000<\/td>\n<\/tr>\n<tr>\n<th class=\"a-color-secondary a-size-base prodDetSectionEntry\">V\u00e4rv<\/th>\n<td class=\"a-size-base prodDetAttrValue\">V\u00e4rviline<\/td>\n<\/tr>\n<tr>\n<th class=\"a-color-secondary a-size-base prodDetSectionEntry\">Toote m\u00f5\u00f5tmed<\/th>\n<td class=\"a-size-base prodDetAttrValue\">50,8 x 10,3 x 36 cm; 1 kg<\/td>\n<\/tr>\n<tr>\n<th class=\"a-color-secondary a-size-base prodDetSectionEntry\">V\u00f5imsus \/ vatt<\/th>\n<td class=\"a-size-base prodDetAttrValue\">2000 vatti<\/td>\n<\/tr>\n<tr>\n<th class=\"a-color-secondary a-size-base prodDetSectionEntry\">Pinge<\/th>\n<td class=\"a-size-base prodDetAttrValue\">240 volti<\/td>\n<\/tr>\n<tr>\n<th class=\"a-color-secondary a-size-base prodDetSectionEntry\">Materjal<\/th>\n<td class=\"a-size-base prodDetAttrValue\">Plastikust<\/td>\n<\/tr>\n<tr>\n<th class=\"a-color-secondary a-size-base prodDetSectionEntry\">Eriomadused<\/th>\n<td class=\"a-size-base prodDetAttrValue\">Kaasaskantav<\/td>\n<\/tr>\n<tr>\n<th class=\"a-color-secondary a-size-base prodDetSectionEntry\">Kauba kaal<\/th>\n<td class=\"a-size-base prodDetAttrValue\">1 kilogrammi<\/td>\n<\/tr>\n<\/tbody>\n<\/table>\n<\/div>\n<\/div>\n<\/div>","protected":false},"featured_media":7737,"comment_status":"open","ping_status":"closed","template":"","meta":{"_monsterinsights_skip_tracking":false,"_monsterinsights_sitenote_active":false,"_monsterinsights_sitenote_note":"","_monsterinsights_sitenote_category":0,"jetpack_publicize_message":"","jetpack_publicize_feature_enabled":true,"jetpack_social_post_already_shared":false,"jetpack_social_options":{"image_generator_settings":{"template":"highway","default_image_id":0,"font":"","enabled":false},"version":2}},"product_brand":[],"product_cat":[79],"product_tag":[],"class_list":{"0":"post-7732","1":"product","2":"type-product","3":"status-publish","4":"has-post-thumbnail","6":"product_cat-electric-grill-cookers","8":"first","9":"instock","10":"sale","11":"shipping-taxable","12":"purchasable","13":"product-type-simple"},"aioseo_notices":[],"jetpack_publicize_connections":[],"jetpack_sharing_enabled":true,"_links":{"self":[{"href":"https:\/\/amazingmarket.ee\/et\/wp-json\/wp\/v2\/product\/7732","targetHints":{"allow":["GET"]}}],"collection":[{"href":"https:\/\/amazingmarket.ee\/et\/wp-json\/wp\/v2\/product"}],"about":[{"href":"https:\/\/amazingmarket.ee\/et\/wp-json\/wp\/v2\/types\/product"}],"replies":[{"embeddable":true,"href":"https:\/\/amazingmarket.ee\/et\/wp-json\/wp\/v2\/comments?post=7732"}],"wp:featuredmedia":[{"embeddable":true,"href":"https:\/\/amazingmarket.ee\/et\/wp-json\/wp\/v2\/media\/7737"}],"wp:attachment":[{"href":"https:\/\/amazingmarket.ee\/et\/wp-json\/wp\/v2\/media?parent=7732"}],"wp:term":[{"taxonomy":"product_brand","embeddable":true,"href":"https:\/\/amazingmarket.ee\/et\/wp-json\/wp\/v2\/product_brand?post=7732"},{"taxonomy":"product_cat","embeddable":true,"href":"https:\/\/amazingmarket.ee\/et\/wp-json\/wp\/v2\/product_cat?post=7732"},{"taxonomy":"product_tag","embeddable":true,"href":"https:\/\/amazingmarket.ee\/et\/wp-json\/wp\/v2\/product_tag?post=7732"}],"curies":[{"name":"wp","href":"https:\/\/api.w.org\/{rel}","templated":true}]}}