{"id":773,"date":"2024-01-21T13:15:05","date_gmt":"2024-01-21T13:15:05","guid":{"rendered":"https:\/\/amazingmarket.ee\/?post_type=product&#038;p=773"},"modified":"2026-03-14T11:15:31","modified_gmt":"2026-03-14T09:15:31","slug":"emerio-smart-fryer3-6l","status":"publish","type":"product","link":"https:\/\/amazingmarket.ee\/et\/toode\/emerio-smart-fryer3-6l\/","title":{"rendered":"Emerio Smart Fryer, 3,6L"},"content":{"rendered":"<p><span style=\"color: #000000;\"><strong>KASUTATUD ASEE, PAKENDATUD POLE ORIGINAALKASTI<\/strong><\/span><\/p>\n<p>Emerio Smart Fryer on t\u00e4iustatud k\u00f6\u00f6giseade, mis on loodud nutikate funktsioonidega t\u00f5husaks praadimiseks. Suuremahulise 3,6-liitrise frit\u00fc\u00fcriga saate valmistada suuri lemmiktoite. Nutikas frit\u00fc\u00fcril on reguleeritav temperatuuriregulaator ja digitaalne taimer, mis tagab erinevate roogade jaoks t\u00e4psed k\u00fcpsetusseaded. Selle kiir\u00f5hutehnoloogia tagab kr\u00f5bedad tulemused v\u00e4hema \u00f5liga, soodustades tervislikumat toiduvalmistamist. Eemaldatavad ja n\u00f5udepesumasinas pestavad osad muudavad puhastamise imelihtsaks, samas kui klanitud disain lisab teie k\u00f6\u00f6gile moodsa h\u00f5ngu.<\/p>","protected":false},"excerpt":{"rendered":"<div class=\"flex-1 overflow-hidden\">\n<div class=\"react-scroll-to-bottom--css-zrsyx-79elbk h-full\">\n<div class=\"react-scroll-to-bottom--css-zrsyx-1n7m0yu\">\n<div class=\"flex flex-col pb-9 text-sm\">\n<div class=\"w-full text-token-text-primary\" data-testid=\"conversation-turn-69\">\n<div class=\"px-4 py-2 justify-center text-base md:gap-6 m-auto\">\n<div class=\"flex flex-1 text-base mx-auto gap-3 md:px-5 lg:px-1 xl:px-5 md:max-w-3xl lg:max-w-[40rem] xl:max-w-[48rem] group final-completion\">\n<div class=\"relative flex w-full flex-col lg:w-[calc(100%-115px)] agent-turn\">\n<div class=\"flex-col gap-1 md:gap-3\">\n<div class=\"flex flex-grow flex-col max-w-full\">\n<div class=\"min-h-[20px] text-message flex flex-col items-start gap-3 whitespace-pre-wrap break-words [.text-message+&amp;]:mt-5 overflow-x-auto\" data-message-author-role=\"assistant\" data-message-id=\"42deaad2-151e-4ab6-be59-a9558591bd4c\">\n<div class=\"markdown prose w-full break-words dark:prose-invert light\">\n<p>The Emerio Smart Fryer is a versatile kitchen companion with a 3.6-liter capacity, adjustable temperature control, and a digital timer for precise cooking. Utilizing rapid air technology, it delivers crispy results with less oil for a healthier frying experience. Easy to clean with removable, dishwasher-safe parts, this fryer combines convenience with a modern design for your kitchen.<\/p>\n<\/div>\n<\/div>\n<\/div>\n<\/div>\n<\/div>\n<\/div>\n<\/div>\n<\/div>\n<\/div>\n<\/div>\n<\/div>\n<\/div>\n","protected":false},"featured_media":1255,"comment_status":"open","ping_status":"closed","template":"","meta":{"_monsterinsights_skip_tracking":false,"_monsterinsights_sitenote_active":false,"_monsterinsights_sitenote_note":"","_monsterinsights_sitenote_category":0,"jetpack_publicize_message":"","jetpack_publicize_feature_enabled":true,"jetpack_social_post_already_shared":false,"jetpack_social_options":{"image_generator_settings":{"template":"highway","default_image_id":0,"font":"","enabled":false},"version":2}},"product_brand":[],"product_cat":[71],"product_tag":[],"class_list":{"0":"post-773","1":"product","2":"type-product","3":"status-publish","4":"has-post-thumbnail","6":"product_cat-airfryers","8":"first","9":"instock","10":"sale","11":"shipping-taxable","12":"purchasable","13":"product-type-simple"},"aioseo_notices":[],"jetpack_publicize_connections":[],"jetpack_sharing_enabled":true,"_links":{"self":[{"href":"https:\/\/amazingmarket.ee\/et\/wp-json\/wp\/v2\/product\/773","targetHints":{"allow":["GET"]}}],"collection":[{"href":"https:\/\/amazingmarket.ee\/et\/wp-json\/wp\/v2\/product"}],"about":[{"href":"https:\/\/amazingmarket.ee\/et\/wp-json\/wp\/v2\/types\/product"}],"replies":[{"embeddable":true,"href":"https:\/\/amazingmarket.ee\/et\/wp-json\/wp\/v2\/comments?post=773"}],"wp:featuredmedia":[{"embeddable":true,"href":"https:\/\/amazingmarket.ee\/et\/wp-json\/wp\/v2\/media\/1255"}],"wp:attachment":[{"href":"https:\/\/amazingmarket.ee\/et\/wp-json\/wp\/v2\/media?parent=773"}],"wp:term":[{"taxonomy":"product_brand","embeddable":true,"href":"https:\/\/amazingmarket.ee\/et\/wp-json\/wp\/v2\/product_brand?post=773"},{"taxonomy":"product_cat","embeddable":true,"href":"https:\/\/amazingmarket.ee\/et\/wp-json\/wp\/v2\/product_cat?post=773"},{"taxonomy":"product_tag","embeddable":true,"href":"https:\/\/amazingmarket.ee\/et\/wp-json\/wp\/v2\/product_tag?post=773"}],"curies":[{"name":"wp","href":"https:\/\/api.w.org\/{rel}","templated":true}]}}